{"id":10,"date":"2025-04-28T14:22:14","date_gmt":"2025-04-28T14:22:14","guid":{"rendered":"https:\/\/2025.darborubai.lt\/parduotuve\/"},"modified":"2025-07-21T20:51:01","modified_gmt":"2025-07-21T20:51:01","slug":"shop","status":"publish","type":"page","link":"https:\/\/darborubai.lt\/en\/shop\/","title":{"rendered":"Parduotuv\u0117"},"content":{"rendered":"<h2 class=\"wp-block-heading has-text-align-center\"><strong>\u012emon\u0117s rekvizitai<\/strong><\/h2>\n\n\n\n<p class=\"has-text-align-center\">UAB \u201eGEVANTA\u201d<br>\u012emon\u0117s kodas:&nbsp;124210175<br>\u012emon\u0117s PVM kodas:&nbsp;LT242101716<br>Adresas: Verki\u0173 g. 42, D77, Vilnius &nbsp;LT-09109<\/p>\n\n\n\n<p class=\"has-text-align-center\"><strong>Didmenos sand\u0117lio adresas preki\u0173 atsi\u0117mimui<\/strong>: Liepkalnio g. 172 E &nbsp;(16 rampa), Vilnius LT-02121<\/p>\n\n\n\n<p class=\"has-text-align-center\">Account at SEB bank:<br>LT93 7044 0600 0176 4988<br>Bank code: 70440<\/p>\n\n\n\n<figure class=\"wp-block-image\"><img decoding=\"async\" src=\"https:\/\/new.darborubai.lt\/wp-content\/uploads\/2024\/06\/93582456_1305982616267436_7730039215437643776_o.jpg\" alt=\"UAB GEVANTA darbo r\u016bbai ir asmenin\u0117s apsaugos priemon\u0117s Vilniuje    \" class=\"wp-image-253655\" title=\"UAB GEVANTA darbo r\u016bbai ir asmenin\u0117s apsaugos priemon\u0117s Vilniuje    \"\/><\/figure>\n\n\n\n<h2 class=\"wp-block-heading\">PC MED\u017dIO CENTRAS&nbsp;<\/h2>\n\n\n\n<p><strong>Verki\u0173 g. 42, D77<br>Vilnius, LT-09109<\/strong><\/p>\n\n\n\n<p><strong>Darbo valandos:<br>I-V&nbsp; &nbsp;8:00 \u2013 17:00 PM<\/strong><\/p>\n\n\n\n<p><strong><a href=\"mailto:mail:info@darborubai.lt\">info@darborubai.lt&nbsp;<\/a><\/strong><\/p>\n\n\n\n<figure class=\"wp-block-image\"><img decoding=\"async\" src=\"https:\/\/new.darborubai.lt\/wp-content\/uploads\/2024\/06\/SCR-20240619-mzds-e1718804285149.png\" alt=\"UAB GEVANTA darbo r\u016bbai ir asmenin\u0117s apsaugos priemon\u0117s Vilniuje    \" class=\"wp-image-253808\" title=\"SCR-20240619-mzds\"\/><\/figure>\n\n\n\n<figure class=\"wp-block-image\"><img decoding=\"async\" src=\"https:\/\/new.darborubai.lt\/wp-content\/uploads\/2024\/06\/94443367_1309048229294208_1201605126410731520_n.jpg\" alt=\"UAB GEVANTA darbo r\u016bbai ir asmenin\u0117s apsaugos priemon\u0117s Vilniuje\" class=\"wp-image-253652\" title=\"UAB GEVANTA darbo r\u016bbai ir asmenin\u0117s apsaugos priemon\u0117s Vilniuje\"\/><\/figure>\n\n\n\n<h2 class=\"wp-block-heading\">PC VILNIAUS AKROPOLIS<\/h2>\n\n\n\n<p><strong>Prie\u0161ais Ermita\u017eo kasas&nbsp;<\/strong><strong>(I auk\u0161te)<\/strong><strong><br>Ozo g. 25, Vilnius LT-07150<\/strong><\/p>\n\n\n\n<p><strong>Darbo valandos:<br>I-VII 10:00 \u2013 21:00 PM<\/strong><\/p>\n\n\n\n<p><strong><a>&nbsp;+370 615 16032 |&nbsp;<\/a><a href=\"mailto:mail:ermitazas@darborubai.lt\">ermitazas@darborubai.lt<\/a><\/strong><\/p>\n\n\n\n<figure class=\"wp-block-image\"><img decoding=\"async\" src=\"https:\/\/new.darborubai.lt\/wp-content\/uploads\/2024\/06\/Ermitazo-planas.jpeg\" alt=\"UAB GEVANTA darbo r\u016bbai ir asmenin\u0117s apsaugos priemon\u0117s Vilniuje    \" class=\"wp-image-253801\" title=\"Ermitazo planas\"\/><\/figure>\n\n\n\n<h2 class=\"wp-block-heading\">MA\u017dMEMIN\u0116S PREKYBOS VADYBA<\/h2>\n\n\n\n<figure class=\"wp-block-table\"><table class=\"has-fixed-layout\"><tbody><tr><td>Ma\u017emenin\u0117s prekybos vadov\u0117<br><strong>J\u016brat\u0117 \u010cekanauskien\u0117<\/strong><br><a href=\"mailto:jurate@darborubai.lt\">jurate@darborubai.lt<\/a><br><img decoding=\"async\" src=\"http:\/\/www.happeak.lt\/style\/contact1.gif\" alt=\"\">&nbsp;<a href=\"tel:+37061267139\">+37061267139<\/a><\/td><\/tr><\/tbody><\/table><\/figure>\n\n\n\n<figure class=\"wp-block-table\"><table class=\"has-fixed-layout\"><tbody><tr><td>Pardavim\u0173 vadybinink\u0117<br><strong>Daiva Juozapavi\u010di\u016bt\u0117 Bad\u016bn\u0117<\/strong><br><a href=\"mailto:mail:daiva@darborubai.lt\">daiva@darborubai.lt<\/a><br><img decoding=\"async\" src=\"http:\/\/www.happeak.lt\/style\/contact1.gif\" alt=\"\">&nbsp;<a>+37067370440<\/a><\/td><\/tr><\/tbody><\/table><\/figure>\n\n\n\n<figure class=\"wp-block-table\"><table class=\"has-fixed-layout\"><tbody><tr><td>Pardavim\u0173 vadybinink\u0117<br><strong>Daiva Juozapavi\u010di\u016bt\u0117 Bad\u016bn\u0117<\/strong><br><a href=\"mailto:mail:daiva@darborubai.lt\">daiva@darborubai.lt<\/a><br><img decoding=\"async\" src=\"http:\/\/www.happeak.lt\/style\/contact1.gif\" alt=\"\">&nbsp;<a>+37067370440<\/a><\/td><\/tr><\/tbody><\/table><\/figure>\n\n\n\n<h2 class=\"wp-block-heading\">DIDMENIN\u0116S PREKYBOS VADYBA<\/h2>\n\n\n\n<figure class=\"wp-block-table\"><table class=\"has-fixed-layout\"><tbody><tr><td>Didmenin\u0117s prekybos vadov\u0117<br><strong>Daiva Juozapavi\u010di\u016bt\u0117 Bad\u016bn\u0117<\/strong><br><a href=\"mailto:mail:daiva@darborubai.lt\">daiva@darborubai.lt<\/a><br><img decoding=\"async\" src=\"http:\/\/www.happeak.lt\/style\/contact1.gif\" alt=\"\">&nbsp;<a>+37067370440<\/a><\/td><\/tr><\/tbody><\/table><\/figure>\n\n\n\n<figure class=\"wp-block-table\"><table class=\"has-fixed-layout\"><tbody><tr><td>Didmenin\u0117s prekybos vadybink\u0117<br><strong>Saul\u0117 Peseckait\u0117<\/strong><br><a href=\"mailto:mail:daiva@darborubai.lt\">saule@darborubai.lt<\/a><br><img decoding=\"async\" src=\"http:\/\/www.happeak.lt\/style\/contact1.gif\" alt=\"\">&nbsp;<a>+37067512260<\/a><\/td><\/tr><\/tbody><\/table><\/figure>\n\n\n\n<figure class=\"wp-block-table\"><table class=\"has-fixed-layout\"><tbody><tr><td>Logistikos | Sand\u0117li\u0173 vadovas<br><strong>Daiva Juozapavi\u010di\u016bt\u0117 Bad\u016bn\u0117<\/strong><br><a href=\"mailto:mail:daiva@darborubai.lt\">daiva@darborubai.lt<\/a><br><img decoding=\"async\" src=\"http:\/\/www.happeak.lt\/style\/contact1.gif\" alt=\"\">&nbsp;<a>+37067370440<\/a><\/td><\/tr><\/tbody><\/table><\/figure>","protected":false},"excerpt":{"rendered":"<p>\u012emon\u0117s rekvizitai UAB \u201eGEVANTA\u201d\u012emon\u0117s kodas:&nbsp;124210175\u012emon\u0117s PVM kodas:&nbsp;LT242101716Adresas: Verki\u0173 g. 42, D77, Vilnius &nbsp;LT-09109 Didmenos sand\u0117lio adresas preki\u0173 atsi\u0117mimui: Liepkalnio g. 172 E &nbsp;(16 rampa), Vilnius LT-02121 S\u0105skaita SEB banke:LT93 7044 0600 0176 4988Banko kodas: 70440 PC MED\u017dIO CENTRAS&nbsp; Verki\u0173 g. 42, D77Vilnius, LT-09109 Darbo valandos:I-V&nbsp; &nbsp;8:00 \u2013 17:00 PM info@darborubai.lt&nbsp; PC VILNIAUS AKROPOLIS Prie\u0161ais Ermita\u017eo [&hellip;]<\/p>","protected":false},"author":1,"featured_media":0,"parent":0,"menu_order":0,"comment_status":"closed","ping_status":"closed","template":"","meta":{"_acf_changed":false,"footnotes":""},"class_list":["post-10","page","type-page","status-publish","hentry"],"acf":[],"_links":{"self":[{"href":"https:\/\/darborubai.lt\/en\/wp-json\/wp\/v2\/pages\/10","targetHints":{"allow":["GET"]}}],"collection":[{"href":"https:\/\/darborubai.lt\/en\/wp-json\/wp\/v2\/pages"}],"about":[{"href":"https:\/\/darborubai.lt\/en\/wp-json\/wp\/v2\/types\/page"}],"author":[{"embeddable":true,"href":"https:\/\/darborubai.lt\/en\/wp-json\/wp\/v2\/users\/1"}],"replies":[{"embeddable":true,"href":"https:\/\/darborubai.lt\/en\/wp-json\/wp\/v2\/comments?post=10"}],"version-history":[{"count":3,"href":"https:\/\/darborubai.lt\/en\/wp-json\/wp\/v2\/pages\/10\/revisions"}],"predecessor-version":[{"id":7784,"href":"https:\/\/darborubai.lt\/en\/wp-json\/wp\/v2\/pages\/10\/revisions\/7784"}],"wp:attachment":[{"href":"https:\/\/darborubai.lt\/en\/wp-json\/wp\/v2\/media?parent=10"}],"curies":[{"name":"wp","href":"https:\/\/api.w.org\/{rel}","templated":true}]}}