{"id":5517,"date":"2025-07-15T14:39:03","date_gmt":"2025-07-15T14:39:03","guid":{"rendered":"https:\/\/darborubai.lt\/?page_id=5517"},"modified":"2025-07-15T14:44:17","modified_gmt":"2025-07-15T14:44:17","slug":"safe-browsing","status":"publish","type":"page","link":"https:\/\/darborubai.lt\/en\/safe-browsing\/","title":{"rendered":"Saugus nar\u0161ymas"},"content":{"rendered":"<figure class=\"wp-block-image\"><a class=\"site-title\" href=\"https:\/\/letsencrypt.org\/\" target=\"_blank\" rel=\"noopener\"><img decoding=\"async\" src=\"https:\/\/letsencrypt.org\/images\/letsencrypt-logo-horizontal.svg\" alt=\"Let&#039;s Encrypt\"\/><\/a><\/figure>\n\n\n\n<p>Saug\u0173 apsipirkim\u0105 internetin\u0117je parduotuv\u0117je\u00a0darborubai.lt\u00a0u\u017etikrina vienas \u017eymiausi\u0173 pasaulyje saugaus ry\u0161io SSL (angl. Secure Socket Layer) sertifikatas, kur\u012f suteik\u0117 tarptautinis elektroninio para\u0161o sertifikavimo centras Let&#8217;s Encrypt. Naudojant SSL sertifikat\u0105, informacija, siun\u010diama tarp lankytojo nar\u0161ykl\u0117s ir darborubai.lt serverio, yra \u0161ifruojama. Daugiau informacijos \u010dia: <a href=\"https:\/\/letsencrypt.org\/\" target=\"_blank\" rel=\"noreferrer noopener\">https:\/\/letsencrypt.org\/<\/a> saugiame puslapyje.<\/p>\n\n\n\n<p>Internetinio puslapio, apsaugoto SSL sertifikatu, adreso \u012fvedimo juostos kair\u0117je&nbsp;pateikiamas \u017eenkliukas (vaizduojama \u017ealia&nbsp;spyna), patvirtinantis puslapio saugum\u0105. Internetin\u0117je parduotuv\u0117je darborubai.lt, SSL sertifikatu apsaugoti tie puslapiai, kuriuose \u012fvedami vartotoj\u0173 duomenys: prisijungimo puslapis, \u201eMano darborubai.lt\u201c puslapiai, preki\u0173 krep\u0161elio puslapis, preki\u0173 u\u017esakymo puslapis ir pan. Sertifikato detales rasite j\u012f paspaud\u0119.<\/p>\n\n\n\n<h3 class=\"wp-block-heading\">darborubai.lt nekaupia prisijungimo prie mok\u0117jimo sistem\u0173 duomen\u0173<\/h3>\n\n\n\n<p>Internetin\u0117s parduotuv\u0117s&nbsp;darborubai.lt pirk\u0117jai prisijungimo prie elektronin\u0117s bankininkyst\u0117s ar elektronini\u0173 mok\u0117jim\u0173 sistem\u0173 duomenis \u012fveda bank\u0173 puslapiuose, tod\u0117l darborbai.lt \u0161i informacija neprieinama.<\/p>","protected":false},"excerpt":{"rendered":"<p>Saug\u0173 apsipirkim\u0105 internetin\u0117je parduotuv\u0117je\u00a0darborubai.lt\u00a0u\u017etikrina vienas \u017eymiausi\u0173 pasaulyje saugaus ry\u0161io SSL (angl. Secure Socket Layer) sertifikatas, kur\u012f suteik\u0117 tarptautinis elektroninio para\u0161o sertifikavimo centras Let&#8217;s Encrypt. Naudojant SSL sertifikat\u0105, informacija, siun\u010diama tarp lankytojo nar\u0161ykl\u0117s ir darborubai.lt serverio, yra \u0161ifruojama. Daugiau informacijos \u010dia: https:\/\/letsencrypt.org\/ saugiame puslapyje. Internetinio puslapio, apsaugoto SSL sertifikatu, adreso \u012fvedimo juostos kair\u0117je&nbsp;pateikiamas \u017eenkliukas (vaizduojama \u017ealia&nbsp;spyna), [&hellip;]<\/p>","protected":false},"author":3,"featured_media":0,"parent":0,"menu_order":0,"comment_status":"closed","ping_status":"closed","template":"","meta":{"_acf_changed":false,"footnotes":""},"class_list":["post-5517","page","type-page","status-publish","hentry"],"acf":[],"_links":{"self":[{"href":"https:\/\/darborubai.lt\/en\/wp-json\/wp\/v2\/pages\/5517","targetHints":{"allow":["GET"]}}],"collection":[{"href":"https:\/\/darborubai.lt\/en\/wp-json\/wp\/v2\/pages"}],"about":[{"href":"https:\/\/darborubai.lt\/en\/wp-json\/wp\/v2\/types\/page"}],"author":[{"embeddable":true,"href":"https:\/\/darborubai.lt\/en\/wp-json\/wp\/v2\/users\/3"}],"replies":[{"embeddable":true,"href":"https:\/\/darborubai.lt\/en\/wp-json\/wp\/v2\/comments?post=5517"}],"version-history":[{"count":6,"href":"https:\/\/darborubai.lt\/en\/wp-json\/wp\/v2\/pages\/5517\/revisions"}],"predecessor-version":[{"id":5525,"href":"https:\/\/darborubai.lt\/en\/wp-json\/wp\/v2\/pages\/5517\/revisions\/5525"}],"wp:attachment":[{"href":"https:\/\/darborubai.lt\/en\/wp-json\/wp\/v2\/media?parent=5517"}],"curies":[{"name":"wp","href":"https:\/\/api.w.org\/{rel}","templated":true}]}}