{"id":1100,"date":"2025-05-15T13:18:14","date_gmt":"2025-05-15T13:18:14","guid":{"rendered":"https:\/\/2025.darborubai.lt\/?post_type=product&#038;p=1100"},"modified":"2026-04-12T03:01:35","modified_gmt":"2026-04-12T03:01:35","slug":"safety-shoes-pesso-bolero-s1p","status":"publish","type":"product","link":"https:\/\/darborubai.lt\/en\/product\/safety-shoes\/safety-shoes-pesso-bolero-s1p\/","title":{"rendered":"Safety low shoes Pesso Bolero S1P  SRC"},"content":{"rendered":"<h2>MicroFiber leather perforated work safety low shoes Pesso BOLERO S1P SRC \/ Plastic+Kevlar<\/h2>\n<h2><\/h2>\n<p><strong>TOE CAP<br \/>\n<\/strong>Ultra-strong microfiber coated PU\u00a0<strong><em>MicroFiber<\/em><\/strong>\u00a0leather upper with holes for better air circulation.\u00a0\u00a0<strong><em>MicroFiber<\/em><\/strong><em>\u00a0auk\u0161tos klas\u0117s sintetin\u0117 oda\u00a0<\/em>it has excellent resistance to wear and hydrolysis. It is characterized by antibacterial properties, lightness, air permeability, and water-repellent properties.<\/p>\n<p><strong>LINING<br \/>\n<\/strong><em><strong>Plasmatex<\/strong><\/em>\u00a0Antibacterial three layers air tunnel textile lining for utmost breathability. Special micro-cells have great absorbance and deabsorbance features.<\/p>\n<p><strong>TOE PROTECTION<br \/>\n<\/strong>Protective toe cap made of composite materials in XL size for maximum comfort.<\/p>\n<p><strong>SOLE PROTECTION<br \/>\n<\/strong>Sole protection against puncture<strong>\u00a0<em>Flexproof<\/em>\u00a0<\/strong>of Kevlar-type material \u2013 light and flexible. No metal.<\/p>\n<p><strong>INSOLE<br \/>\n<\/strong>Perforated insole<strong>\u00a0<em>Ventiflex<\/em><\/strong>\u00a0made of soft and flexible polyurethane, covered with a textile layer ensures good foot ventilation.<\/p>\n<p><strong>UPPER OUTSOLE LAYER<br \/>\n<\/strong>Dual-layer PU\/TPU sole. TPU layer is particularly resistant to wear and slippage. Soft and flexible polyurethane layer (PU).<\/p>\n<p><strong>BOTTOM OUTSOLE LAYER<\/strong><br \/>\nThe abrasion-resistant polyurethane layer is grease-resistant, slip-resistant, and antistatic.<\/p>\n<p><strong>WIDTH<br \/>\n<\/strong>The width of the shoe is designed for wide feet.<\/p>\n<p><strong>OTHER<\/strong><br \/>\nFastens with laces.<br \/>\nPadded ankle area.<\/p>\n<p><strong>SIZES<\/strong><br \/>\n39-47<\/p>\n<p><strong>STANDARD\u00a0\u00a0\u00a0<\/strong><br \/>\nUNI EN20345:2011 S1P SRC<\/p>\n<p><strong>Pesso workwear,<\/strong>\u00a0<strong>shoes and APP<\/strong>\u00a0 Catalogue: pessosafety.eu<\/p>","protected":false},"excerpt":{"rendered":"<p>MicroFiber leather perforated work safety low shoes Pesso<\/p>\n<p><img loading=\"lazy\" decoding=\"async\" class=\"alignnone size-full wp-image-88\" src=\"https:\/\/darborubai.lt\/wp-content\/uploads\/2025\/05\/ps.shoes_001.2_50_11.png\" alt=\"Safety toe cap protection Safety shoes\" width=\"50\" height=\"50\" srcset=\"https:\/\/darborubai.lt\/wp-content\/uploads\/2025\/05\/ps.shoes_001.2_50_11.png 50w, https:\/\/darborubai.lt\/wp-content\/uploads\/2025\/05\/ps.shoes_001.2_50_11-12x12.png 12w\" sizes=\"auto, (max-width: 50px) 100vw, 50px\" \/>\u00a0<img loading=\"lazy\" decoding=\"async\" class=\"alignnone size-full wp-image-85\" src=\"https:\/\/darborubai.lt\/wp-content\/uploads\/2025\/05\/ps.shoes_001.2_50_07.png\" alt=\"Antistatic safety shoes\" width=\"50\" height=\"50\" srcset=\"https:\/\/darborubai.lt\/wp-content\/uploads\/2025\/05\/ps.shoes_001.2_50_07.png 50w, https:\/\/darborubai.lt\/wp-content\/uploads\/2025\/05\/ps.shoes_001.2_50_07-12x12.png 12w\" sizes=\"auto, (max-width: 50px) 100vw, 50px\" \/> <img loading=\"lazy\" decoding=\"async\" class=\"alignnone size-full wp-image-87\" src=\"https:\/\/darborubai.lt\/wp-content\/uploads\/2025\/05\/ps.shoes_001.2_50_10.png\" alt=\"Outsole resistance against penetration | Safety shoes\" width=\"50\" height=\"50\" srcset=\"https:\/\/darborubai.lt\/wp-content\/uploads\/2025\/05\/ps.shoes_001.2_50_10.png 50w, https:\/\/darborubai.lt\/wp-content\/uploads\/2025\/05\/ps.shoes_001.2_50_10-12x12.png 12w\" sizes=\"auto, (max-width: 50px) 100vw, 50px\" \/> <img loading=\"lazy\" decoding=\"async\" class=\"alignnone size-full wp-image-86\" src=\"https:\/\/darborubai.lt\/wp-content\/uploads\/2025\/05\/ps.shoes_001.2_50_08.png\" alt=\"Energy absobtion in the heel area | Safety shoes\" width=\"50\" height=\"50\" srcset=\"https:\/\/darborubai.lt\/wp-content\/uploads\/2025\/05\/ps.shoes_001.2_50_08.png 50w, https:\/\/darborubai.lt\/wp-content\/uploads\/2025\/05\/ps.shoes_001.2_50_08-12x12.png 12w\" sizes=\"auto, (max-width: 50px) 100vw, 50px\" \/>\u00a0<img loading=\"lazy\" decoding=\"async\" class=\"alignnone size-full wp-image-84\" src=\"https:\/\/darborubai.lt\/wp-content\/uploads\/2025\/05\/ps.shoes_001.2_50_05.png\" alt=\"Oil resistance | Safety Shoes\" width=\"50\" height=\"50\" srcset=\"https:\/\/darborubai.lt\/wp-content\/uploads\/2025\/05\/ps.shoes_001.2_50_05.png 50w, https:\/\/darborubai.lt\/wp-content\/uploads\/2025\/05\/ps.shoes_001.2_50_05-12x12.png 12w\" sizes=\"auto, (max-width: 50px) 100vw, 50px\" \/> <img loading=\"lazy\" decoding=\"async\" class=\"alignnone size-full wp-image-81\" src=\"https:\/\/darborubai.lt\/wp-content\/uploads\/2025\/05\/ps.shoes_001.2_50_02.png\" alt=\"Outsole slip resistance | Safety shoes\" width=\"50\" height=\"50\" srcset=\"https:\/\/darborubai.lt\/wp-content\/uploads\/2025\/05\/ps.shoes_001.2_50_02.png 50w, https:\/\/darborubai.lt\/wp-content\/uploads\/2025\/05\/ps.shoes_001.2_50_02-12x12.png 12w\" sizes=\"auto, (max-width: 50px) 100vw, 50px\" \/> <img loading=\"lazy\" decoding=\"async\" class=\"alignnone size-full wp-image-82\" src=\"https:\/\/darborubai.lt\/wp-content\/uploads\/2025\/05\/ps.shoes_001.2_50_03.png\" alt=\"Safety Footwear wihtout metalic parts\" width=\"50\" height=\"50\" srcset=\"https:\/\/darborubai.lt\/wp-content\/uploads\/2025\/05\/ps.shoes_001.2_50_03.png 50w, https:\/\/darborubai.lt\/wp-content\/uploads\/2025\/05\/ps.shoes_001.2_50_03-12x12.png 12w\" sizes=\"auto, (max-width: 50px) 100vw, 50px\" \/><\/p>","protected":false},"featured_media":1114,"template":"","meta":{"_acf_changed":false},"product_brand":[161],"product_cat":[29,37],"product_tag":[],"class_list":{"0":"post-1100","1":"product","2":"type-product","3":"status-publish","4":"has-post-thumbnail","6":"product_brand-pesso","7":"product_cat-darbo-batai","8":"product_cat-darbo-pusbaciai","9":"pa_apsaugine-nosele-kompozitine","10":"pa_apsaugos-klase-s1p","11":"pa_batu-dydis-16","12":"pa_batu-dydis-17","13":"pa_batu-dydis-18","14":"pa_batu-dydis-19","15":"pa_batu-dydis-20","16":"pa_batu-dydis-21","17":"pa_batu-dydis-22","18":"pa_batu-dydis-23","19":"pa_batu-dydis-24","20":"pa_batu-dydis-25","21":"pa_batu-dydis-26","22":"pa_batu-dydis-27","23":"pa_batu-dydis-28","25":"first","26":"instock","27":"taxable","28":"shipping-taxable","29":"purchasable","30":"product-type-variable"},"acf":[],"_links":{"self":[{"href":"https:\/\/darborubai.lt\/en\/wp-json\/wp\/v2\/product\/1100","targetHints":{"allow":["GET"]}}],"collection":[{"href":"https:\/\/darborubai.lt\/en\/wp-json\/wp\/v2\/product"}],"about":[{"href":"https:\/\/darborubai.lt\/en\/wp-json\/wp\/v2\/types\/product"}],"wp:featuredmedia":[{"embeddable":true,"href":"https:\/\/darborubai.lt\/en\/wp-json\/wp\/v2\/media\/1114"}],"wp:attachment":[{"href":"https:\/\/darborubai.lt\/en\/wp-json\/wp\/v2\/media?parent=1100"}],"wp:term":[{"taxonomy":"product_brand","embeddable":true,"href":"https:\/\/darborubai.lt\/en\/wp-json\/wp\/v2\/product_brand?post=1100"},{"taxonomy":"product_cat","embeddable":true,"href":"https:\/\/darborubai.lt\/en\/wp-json\/wp\/v2\/product_cat?post=1100"},{"taxonomy":"product_tag","embeddable":true,"href":"https:\/\/darborubai.lt\/en\/wp-json\/wp\/v2\/product_tag?post=1100"}],"curies":[{"name":"wp","href":"https:\/\/api.w.org\/{rel}","templated":true}]}}