{"id":11814,"date":"2025-10-06T09:25:37","date_gmt":"2025-10-06T09:25:37","guid":{"rendered":"https:\/\/darborubai.lt\/?post_type=product&#038;p=11814"},"modified":"2026-04-12T03:01:50","modified_gmt":"2026-04-12T03:01:50","slug":"jacket-pesso-turin-brown","status":"publish","type":"product","link":"https:\/\/darborubai.lt\/en\/product\/workwear\/sweatshirts-hoodies\/jacket-pesso-turin-brown\/","title":{"rendered":"Jacket Pesso Turin Brown"},"content":{"rendered":"<h2><strong>Hoodie Pesso Turin Brown<\/strong><\/h2>\n<p><strong>Extremely high-quality fabrics do not fade, no shrink.<\/strong><\/p>\n<p><strong>Features:\u00a0<\/strong>The product design is created in such a way that it does not restrict freedom of movement. The fabric composition allows for maximum comfort and does not hinder the body's breathing.<br \/>\n<strong>Hood:<\/strong> erdvus, reguliuojamo dyd\u017eio gobtuvas. Gobtuvo apgaubimas reguliuojamas rai\u0161teliais.<br \/>\n<strong>Pockets:\u00a0<\/strong>There are two spacious pockets on the front of the jumper.<br \/>\n<strong>Cuffs:<\/strong>\u00a0stretchy knit cuffs.<strong><br \/>\n<\/strong><\/p>\n<p><strong>Composition:\u00a0\u00a0<\/strong>65% cotton, 35% polyester<br \/>\n<strong>Density:<\/strong>\u00a0300 g\/m<sup>2<\/sup><br \/>\n<strong>Color:<\/strong> brown<br \/>\n<strong>Sizes:\u00a0<\/strong>S-4XL<\/p>\n<p><strong>Pesso workwear,<\/strong>\u00a0<strong>shoes and APP<\/strong>\u00a0 Catalogue:\u00a0<a href=\"https:\/\/pessosafety.eu\/\" target=\"_blank\" rel=\"noopener\">pessosafety.eu<\/a><\/p>","protected":false},"excerpt":{"rendered":"<p style=\"text-align: left;\">D\u017eemperis Pesso Turin Brown yra puikus pasirinkimas\u00a0 ir kaip antro sluoksnio drabu\u017eis ir kaip i\u0161orinis lauko drabu\u017eis.<\/p>\n<p><img loading=\"lazy\" decoding=\"async\" class=\"alignnone size-full wp-image-1849\" src=\"https:\/\/darborubai.lt\/wp-content\/uploads\/2025\/06\/nano_icons_001.1_04.png\" alt=\"\" width=\"100\" height=\"100\" srcset=\"https:\/\/darborubai.lt\/wp-content\/uploads\/2025\/06\/nano_icons_001.1_04.png 100w, https:\/\/darborubai.lt\/wp-content\/uploads\/2025\/06\/nano_icons_001.1_04-64x64.png 64w, https:\/\/darborubai.lt\/wp-content\/uploads\/2025\/06\/nano_icons_001.1_04-12x12.png 12w\" sizes=\"auto, (max-width: 100px) 100vw, 100px\" \/><img loading=\"lazy\" decoding=\"async\" class=\"alignnone size-full wp-image-1851\" src=\"https:\/\/darborubai.lt\/wp-content\/uploads\/2025\/06\/nano_icons_001.1_06.png\" alt=\"\" width=\"100\" height=\"100\" srcset=\"https:\/\/darborubai.lt\/wp-content\/uploads\/2025\/06\/nano_icons_001.1_06.png 100w, https:\/\/darborubai.lt\/wp-content\/uploads\/2025\/06\/nano_icons_001.1_06-64x64.png 64w, https:\/\/darborubai.lt\/wp-content\/uploads\/2025\/06\/nano_icons_001.1_06-12x12.png 12w\" sizes=\"auto, (max-width: 100px) 100vw, 100px\" \/><\/p>\n<div id=\"gtx-trans\" style=\"position: absolute; left: 169px; top: -9px;\">\n<div class=\"gtx-trans-icon\"><\/div>\n<\/div>","protected":false},"featured_media":12457,"template":"","meta":{"_acf_changed":false},"product_brand":[161],"product_cat":[113,72,112,120,189],"product_tag":[],"class_list":{"0":"post-11814","1":"product","2":"type-product","3":"status-publish","4":"has-post-thumbnail","6":"product_brand-pesso","7":"product_cat-dzemperiai","8":"product_cat-darbo-rubai","9":"product_cat-darbo-kostiumai","10":"product_cat-silti-rubai","11":"product_cat-naujienos","12":"pa_dydis-s-xl-xs","13":"pa_dydis-s-xl-s","14":"pa_dydis-s-xl-s-m","15":"pa_dydis-s-xl-m","16":"pa_dydis-s-xl-l","17":"pa_dydis-s-xl-l-xl","18":"pa_dydis-s-xl-xl","19":"pa_dydis-s-xl-2xl","20":"pa_dydis-s-xl-2xl-3xl","21":"pa_dydis-s-xl-3xl","22":"pa_dydis-s-xl-4xl","23":"pa_dydis-s-xl-5xl","25":"first","26":"instock","27":"taxable","28":"shipping-taxable","29":"purchasable","30":"product-type-variable"},"acf":[],"_links":{"self":[{"href":"https:\/\/darborubai.lt\/en\/wp-json\/wp\/v2\/product\/11814","targetHints":{"allow":["GET"]}}],"collection":[{"href":"https:\/\/darborubai.lt\/en\/wp-json\/wp\/v2\/product"}],"about":[{"href":"https:\/\/darborubai.lt\/en\/wp-json\/wp\/v2\/types\/product"}],"wp:featuredmedia":[{"embeddable":true,"href":"https:\/\/darborubai.lt\/en\/wp-json\/wp\/v2\/media\/12457"}],"wp:attachment":[{"href":"https:\/\/darborubai.lt\/en\/wp-json\/wp\/v2\/media?parent=11814"}],"wp:term":[{"taxonomy":"product_brand","embeddable":true,"href":"https:\/\/darborubai.lt\/en\/wp-json\/wp\/v2\/product_brand?post=11814"},{"taxonomy":"product_cat","embeddable":true,"href":"https:\/\/darborubai.lt\/en\/wp-json\/wp\/v2\/product_cat?post=11814"},{"taxonomy":"product_tag","embeddable":true,"href":"https:\/\/darborubai.lt\/en\/wp-json\/wp\/v2\/product_tag?post=11814"}],"curies":[{"name":"wp","href":"https:\/\/api.w.org\/{rel}","templated":true}]}}