{"id":15537,"date":"2026-01-28T12:39:25","date_gmt":"2026-01-28T12:39:25","guid":{"rendered":"https:\/\/darborubai.lt\/?post_type=product&#038;p=15537"},"modified":"2026-04-12T03:03:09","modified_gmt":"2026-04-12T03:03:09","slug":"high-visibility-jacket-pesso-fl05-hivis-orange","status":"publish","type":"product","link":"https:\/\/darborubai.lt\/en\/product\/workwear\/high-visibility-jacket-pesso-fl05-hivis-orange\/","title":{"rendered":"D\u017eemperis Pesso FL05 HI-VIS, oran\u017einis"},"content":{"rendered":"<h2>D\u017eemperis Pesso FL05 HI-VIS, oran\u017einis<\/h2>\n<p>High-visibility hooded sweatshirt, yellow. Extremely high-quality fabrics do not fade, shrink, or pill.<\/p>\n<p><strong>Features:<\/strong>: Fastens with a zipper, adjustable hood, composition <em>Knitted Diamond Single Fleece.<\/em><br \/>\n<strong>Reflective strips:<\/strong>\u00a0Reflective strips 5 cm wide are sewn around the waist and sleeves of the sweater, along the shoulder line and in the chest and back areas.<br \/>\n<strong>Pockets:<\/strong>\u00a0Two side pockets with zippers.<br \/>\n<strong>Cuffs:\u00a0<\/strong>The width of the cuff is narrowed with a strip of dense knit fabric.<\/p>\n<p><strong>Standard:<\/strong>\u00a0EN ISO 20471:2013 class 2<br \/>\n<strong>Composition:\u00a0<\/strong>100% polyester<strong>\u00a0<em>Knitted Diamond Single Fleece<\/em><\/strong><br \/>\n<strong>Density:\u00a0<\/strong>155 g\/m2<strong><br \/>\nColor:<\/strong> ry\u0161kaus matomumo oran\u017einis \/ juoda<br \/>\n<strong>Sizes:<\/strong> S &#8211; 3XL<\/p>\n<p><strong>Pesso workwear,<\/strong>\u00a0<strong>shoes and APP<\/strong>\u00a0 Catalogue: pessosafety.eu<\/p>\n<div id=\"gtx-trans\" style=\"position: absolute; left: -3px; top: 5.91406px;\">\n<div class=\"gtx-trans-icon\"><\/div>\n<\/div>","protected":false},"excerpt":{"rendered":"<p>Ry\u0161kaus matomumo d\u017eemperis su gobtuvu, oran\u017ein\u0117 spalva. Itin auk\u0161tos kokyb\u0117s audiniai neblunka, nesitraukia, nesiburbuluoja.<\/p>\n<p><img loading=\"lazy\" decoding=\"async\" class=\"alignnone size-full wp-image-1851\" src=\"https:\/\/darborubai.lt\/wp-content\/uploads\/2025\/06\/nano_icons_001.1_06.png\" alt=\"\" width=\"100\" height=\"100\" srcset=\"https:\/\/darborubai.lt\/wp-content\/uploads\/2025\/06\/nano_icons_001.1_06.png 100w, https:\/\/darborubai.lt\/wp-content\/uploads\/2025\/06\/nano_icons_001.1_06-64x64.png 64w, https:\/\/darborubai.lt\/wp-content\/uploads\/2025\/06\/nano_icons_001.1_06-12x12.png 12w\" sizes=\"auto, (max-width: 100px) 100vw, 100px\" \/> <img loading=\"lazy\" decoding=\"async\" class=\"alignnone size-full wp-image-1780\" src=\"https:\/\/darborubai.lt\/wp-content\/uploads\/2025\/06\/nano_icons_001.1_09.png\" alt=\"\" width=\"100\" height=\"100\" srcset=\"https:\/\/darborubai.lt\/wp-content\/uploads\/2025\/06\/nano_icons_001.1_09.png 100w, https:\/\/darborubai.lt\/wp-content\/uploads\/2025\/06\/nano_icons_001.1_09-64x64.png 64w, https:\/\/darborubai.lt\/wp-content\/uploads\/2025\/06\/nano_icons_001.1_09-12x12.png 12w\" sizes=\"auto, (max-width: 100px) 100vw, 100px\" \/>\u00a0<img loading=\"lazy\" decoding=\"async\" class=\"alignnone size-full wp-image-1779\" src=\"https:\/\/darborubai.lt\/wp-content\/uploads\/2025\/06\/nano_icons_001.1_10.png\" alt=\"\" width=\"100\" height=\"100\" srcset=\"https:\/\/darborubai.lt\/wp-content\/uploads\/2025\/06\/nano_icons_001.1_10.png 100w, https:\/\/darborubai.lt\/wp-content\/uploads\/2025\/06\/nano_icons_001.1_10-64x64.png 64w, https:\/\/darborubai.lt\/wp-content\/uploads\/2025\/06\/nano_icons_001.1_10-12x12.png 12w\" sizes=\"auto, (max-width: 100px) 100vw, 100px\" \/><\/p>\n<p>&nbsp;<\/p>","protected":false},"featured_media":15546,"template":"","meta":{"_acf_changed":false},"product_brand":[161],"product_cat":[72,113,112,120,84,189],"product_tag":[],"class_list":{"0":"post-15537","1":"product","2":"type-product","3":"status-publish","4":"has-post-thumbnail","6":"product_brand-pesso","7":"product_cat-darbo-rubai","8":"product_cat-dzemperiai","9":"product_cat-darbo-kostiumai","10":"product_cat-silti-rubai","11":"product_cat-ryskaus-matomumo","12":"product_cat-naujienos","13":"pa_dydis-s-xl-xs","14":"pa_dydis-s-xl-s","15":"pa_dydis-s-xl-m","16":"pa_dydis-s-xl-l","17":"pa_dydis-s-xl-xl","18":"pa_dydis-s-xl-2xl","19":"pa_dydis-s-xl-3xl","20":"pa_dydis-s-xl-4xl","21":"pa_savybe-en20471-class-2","23":"first","24":"instock","25":"taxable","26":"shipping-taxable","27":"purchasable","28":"product-type-variable"},"acf":[],"_links":{"self":[{"href":"https:\/\/darborubai.lt\/en\/wp-json\/wp\/v2\/product\/15537","targetHints":{"allow":["GET"]}}],"collection":[{"href":"https:\/\/darborubai.lt\/en\/wp-json\/wp\/v2\/product"}],"about":[{"href":"https:\/\/darborubai.lt\/en\/wp-json\/wp\/v2\/types\/product"}],"wp:featuredmedia":[{"embeddable":true,"href":"https:\/\/darborubai.lt\/en\/wp-json\/wp\/v2\/media\/15546"}],"wp:attachment":[{"href":"https:\/\/darborubai.lt\/en\/wp-json\/wp\/v2\/media?parent=15537"}],"wp:term":[{"taxonomy":"product_brand","embeddable":true,"href":"https:\/\/darborubai.lt\/en\/wp-json\/wp\/v2\/product_brand?post=15537"},{"taxonomy":"product_cat","embeddable":true,"href":"https:\/\/darborubai.lt\/en\/wp-json\/wp\/v2\/product_cat?post=15537"},{"taxonomy":"product_tag","embeddable":true,"href":"https:\/\/darborubai.lt\/en\/wp-json\/wp\/v2\/product_tag?post=15537"}],"curies":[{"name":"wp","href":"https:\/\/api.w.org\/{rel}","templated":true}]}}