{"id":1617,"date":"2025-05-20T15:53:33","date_gmt":"2025-05-20T15:53:33","guid":{"rendered":"https:\/\/2025.darborubai.lt\/?post_type=product&#038;p=1617"},"modified":"2026-04-10T03:00:25","modified_gmt":"2026-04-10T03:00:25","slug":"safety-spectacles-zekler-70-az70t","status":"publish","type":"product","link":"https:\/\/darborubai.lt\/en\/product\/personal-protective-equipment\/eye-protection\/safety-spectacles-zekler-70-az70t\/","title":{"rendered":"Safety Spectacles ZEKLER 70 | AZ70BM"},"content":{"rendered":"<h2>Apsauginiai akiniai ZEKLER 70, tams\u016bs | AZ70T<\/h2>\n<div>\n<p>&nbsp;<\/p>\n<p><strong>Glass:<br \/>\n<\/strong>\u2022 Lenses are made of high quality polycarbonate.<br \/>\n\u2022 The outer side of the lenses is coated with ANTI-SCRATCH film to protect against scratches.<br \/>\n\u2022 Comes with a special protective material (Microfiber) insert<br \/>\n<strong><br \/>\n<\/strong><\/p>\n<p><strong>Meets standards:<br \/>\n<\/strong>\u2022 EN166, 1F class<br \/>\n\u2022 EN172<br \/>\n\u2022 EN170<\/p>\n<\/div>","protected":false},"excerpt":{"rendered":"<p>Modern sporty design. Flexible metal frames, rubber-coated legs for maximum comfort.<br \/>\nUltravioletini\u0173 spinduli\u0173 apsauga: linz\u0117s padengtos auk\u0161tos kokyb\u0117s ANTI-UV pl\u0117vele sulaikan\u010dia 100% ultravioletini\u0173 spinduli\u0173.(UV400)<\/p>\n<p>&nbsp;<\/p>\n<h4>DELIVERY 10 days<\/h4>","protected":false},"featured_media":1618,"template":"","meta":{"_acf_changed":false},"product_brand":[168],"product_cat":[58,66,74,67],"product_tag":[],"class_list":{"0":"post-1617","1":"product","2":"type-product","3":"status-publish","4":"has-post-thumbnail","6":"product_brand-zekler","7":"product_cat-akiniai","8":"product_cat-asmenines-apsaugos-priemones","9":"product_cat-uzsakomoji-preke","10":"product_cat-akiu-apsauga","12":"first","13":"onbackorder","14":"taxable","15":"shipping-taxable","16":"purchasable","17":"product-type-simple"},"acf":[],"_links":{"self":[{"href":"https:\/\/darborubai.lt\/en\/wp-json\/wp\/v2\/product\/1617","targetHints":{"allow":["GET"]}}],"collection":[{"href":"https:\/\/darborubai.lt\/en\/wp-json\/wp\/v2\/product"}],"about":[{"href":"https:\/\/darborubai.lt\/en\/wp-json\/wp\/v2\/types\/product"}],"wp:featuredmedia":[{"embeddable":true,"href":"https:\/\/darborubai.lt\/en\/wp-json\/wp\/v2\/media\/1618"}],"wp:attachment":[{"href":"https:\/\/darborubai.lt\/en\/wp-json\/wp\/v2\/media?parent=1617"}],"wp:term":[{"taxonomy":"product_brand","embeddable":true,"href":"https:\/\/darborubai.lt\/en\/wp-json\/wp\/v2\/product_brand?post=1617"},{"taxonomy":"product_cat","embeddable":true,"href":"https:\/\/darborubai.lt\/en\/wp-json\/wp\/v2\/product_cat?post=1617"},{"taxonomy":"product_tag","embeddable":true,"href":"https:\/\/darborubai.lt\/en\/wp-json\/wp\/v2\/product_tag?post=1617"}],"curies":[{"name":"wp","href":"https:\/\/api.w.org\/{rel}","templated":true}]}}