{"id":1693,"date":"2025-06-06T11:34:20","date_gmt":"2025-06-06T11:34:20","guid":{"rendered":"https:\/\/2025.darborubai.lt\/?post_type=product&#038;p=1693"},"modified":"2026-04-12T03:00:13","modified_gmt":"2026-04-12T03:00:13","slug":"safety-spectacles-pesso-92233-clear-ap92233","status":"publish","type":"product","link":"https:\/\/darborubai.lt\/en\/product\/personal-protective-equipment\/eye-protection\/safety-spectacles-pesso-92233-clear-ap92233\/","title":{"rendered":"Safety Spectacles Pesso 92233, clear"},"content":{"rendered":"<h2><strong>Safety Spectacles Pesso 92233, clear<\/strong><\/h2>\n<p>&nbsp;<\/p>\n<div>\n<p class=\" translation-block\"><strong>Lenses:<br>\n<\/strong>Lenses are made of high quality polycarbonate.<br>\nThe inner side of the lenses is coated with ANTI-FOG film to prevent fogging. AF<br>\nThe outer side of the lenses is coated with ANTI-SCRATCH film to protect against scratches. HC<\/p>\n<p><strong>Glasses nose:\u00a0<\/strong>soft nosepiece.<br \/>\n<strong>Eyeglass legs:<\/strong>\u00a0soft, rubber-coated feet for greater comfort.<\/p>\n<p><strong>Ultraviolet ray protection:<\/strong>\u00a0The lenses are coated with a high-quality ANTI-UV film that blocks 99.9% of ultraviolet rays.<\/p>\n<p><strong>Meets standards:<br \/>\n<\/strong>\u2022 EN166, 1F class<\/p>\n<p><strong>Weight:<\/strong>\u00a016 g<br \/>\n<strong>Quantity in package:<\/strong>\u00a012 units.<\/p>\n<p><strong>Pesso workwear,<\/strong>\u00a0<strong>shoes and APP<\/strong>\u00a0 Catalogue: pessosafety.eu<\/p>\n<\/div>","protected":false},"excerpt":{"rendered":"<p class=\" translation-block\">Itin lengvi apsauginiai akiniai \u2013 tik 16 g. Geras \u0161oninis matomumas<br>\r\nLinz\u0117s pagamintos i\u0161 auk\u0161tos kokyb\u0117s polikarbonato.<br>\r\nVidin\u0117 linzi\u0173 pus\u0117 padengta ANTI-FOG pl\u0117vele prie\u0161 rasojim\u0105. AF<br>\r\nI\u0161orin\u0117 linzi\u0173 pus\u0117 padengta ANTI-SCRATCH pl\u0117vele saugan\u010dia nuo subrai\u017eym\u0173. HC<\/p>","protected":false},"featured_media":1695,"template":"","meta":{"_acf_changed":false},"product_brand":[161],"product_cat":[58,66,67],"product_tag":[],"class_list":{"0":"post-1693","1":"product","2":"type-product","3":"status-publish","4":"has-post-thumbnail","6":"product_brand-pesso","7":"product_cat-akiniai","8":"product_cat-asmenines-apsaugos-priemones","9":"product_cat-akiu-apsauga","11":"first","12":"instock","13":"taxable","14":"shipping-taxable","15":"purchasable","16":"product-type-simple"},"acf":[],"_links":{"self":[{"href":"https:\/\/darborubai.lt\/en\/wp-json\/wp\/v2\/product\/1693","targetHints":{"allow":["GET"]}}],"collection":[{"href":"https:\/\/darborubai.lt\/en\/wp-json\/wp\/v2\/product"}],"about":[{"href":"https:\/\/darborubai.lt\/en\/wp-json\/wp\/v2\/types\/product"}],"wp:featuredmedia":[{"embeddable":true,"href":"https:\/\/darborubai.lt\/en\/wp-json\/wp\/v2\/media\/1695"}],"wp:attachment":[{"href":"https:\/\/darborubai.lt\/en\/wp-json\/wp\/v2\/media?parent=1693"}],"wp:term":[{"taxonomy":"product_brand","embeddable":true,"href":"https:\/\/darborubai.lt\/en\/wp-json\/wp\/v2\/product_brand?post=1693"},{"taxonomy":"product_cat","embeddable":true,"href":"https:\/\/darborubai.lt\/en\/wp-json\/wp\/v2\/product_cat?post=1693"},{"taxonomy":"product_tag","embeddable":true,"href":"https:\/\/darborubai.lt\/en\/wp-json\/wp\/v2\/product_tag?post=1693"}],"curies":[{"name":"wp","href":"https:\/\/api.w.org\/{rel}","templated":true}]}}