{"id":198,"date":"2025-05-07T15:47:48","date_gmt":"2025-05-07T15:47:48","guid":{"rendered":"https:\/\/2025.darborubai.lt\/?post_type=product&#038;p=198"},"modified":"2026-04-10T03:05:55","modified_gmt":"2026-04-10T03:05:55","slug":"safety-welder-shoes-u-power-bulls-s3-hro-src","status":"publish","type":"product","link":"https:\/\/darborubai.lt\/en\/product\/safety-shoes\/safety-boots\/safety-welder-shoes-u-power-bulls-s3-hro-src\/","title":{"rendered":"Suvirintoj\u0173 darbo batai U-Power BULLS S3 HRO SRC\ufeff"},"content":{"rendered":"<h2>Safety welder shoes BUBULLS S3 HRO SRC U-Power<\/h2>\n<p>&nbsp;<\/p>\n<p><strong>TOE CAP<br \/>\n<\/strong>Extremely strong leather is water resistant.<\/p>\n<p><strong>LINING<\/strong><br \/>\nWing Tex technology lining ensures air and moisture circulation, wicks away moisture and reduces foot sweating.<\/p>\n<p><strong>TOE PROTECTION\u00a0\u00a0\u00a0\u00a0<\/strong><br \/>\nAir Toe Composite apsaugin\u0117 plastikin\u0117 nosel\u0117 su ventiliacijos skylut\u0117mis padedan\u010dioms geriau v\u0117dinti p\u0117d\u0105.<\/p>\n<p><strong>SOLE PROTECTION\u00a0\u00a0<\/strong><br \/>\nClassic metal insert.<\/p>\n<p><strong>INSOLE\u00a0\u00a0<\/strong><br \/>\nTechno Dry porous anatomical insole, good shock absorption.<\/p>\n<p><strong>UPPER OUTSOLE LAYER<br \/>\n<\/strong>Soft and flexible polyurethane layer (PU).<\/p>\n<p><strong>BOTTOM OUTSOLE LAYER<\/strong><br \/>\nHeat-resistant nitrile layer up to 300\u00b0C. Abrasion, grease, slip resistant, antistatic.<\/p>\n<p><strong>WIDTH<br \/>\n<\/strong>Comfortable, wide size 11 shoe width according to ergonomic Mondopoint requirements.<\/p>\n<p><strong>STANDARD\u00a0\u00a0 <\/strong><br \/>\nUNI EN20345:2011 S3 HRO \u00a0SRC CE<\/p>\n<p><strong>SIZES<br \/>\n<\/strong>40-47 in stock<br \/>\n35-48 production<\/p>\n<p><strong>Insole measurements according to sizes for your convenience!<\/strong><\/p>\n<p><img loading=\"lazy\" decoding=\"async\" class=\"alignnone wp-image-210\" src=\"https:\/\/darborubai.lt\/wp-content\/uploads\/2025\/05\/busurge-ir-busuper-vidpadziu-dydziai-2017-03-02-1.jpeg\" alt=\"\" width=\"699\" height=\"80\" srcset=\"https:\/\/darborubai.lt\/wp-content\/uploads\/2025\/05\/busurge-ir-busuper-vidpadziu-dydziai-2017-03-02-1.jpeg 891w, https:\/\/darborubai.lt\/wp-content\/uploads\/2025\/05\/busurge-ir-busuper-vidpadziu-dydziai-2017-03-02-1-600x69.jpeg 600w, https:\/\/darborubai.lt\/wp-content\/uploads\/2025\/05\/busurge-ir-busuper-vidpadziu-dydziai-2017-03-02-1-64x7.jpeg 64w, https:\/\/darborubai.lt\/wp-content\/uploads\/2025\/05\/busurge-ir-busuper-vidpadziu-dydziai-2017-03-02-1-300x34.jpeg 300w, https:\/\/darborubai.lt\/wp-content\/uploads\/2025\/05\/busurge-ir-busuper-vidpadziu-dydziai-2017-03-02-1-768x88.jpeg 768w, https:\/\/darborubai.lt\/wp-content\/uploads\/2025\/05\/busurge-ir-busuper-vidpadziu-dydziai-2017-03-02-1-18x2.jpeg 18w\" sizes=\"auto, (max-width: 699px) 100vw, 699px\" \/><\/p>\n<p><strong>Manufacturer's website:<\/strong><a href=\"http:\/\/www.u-power.it\/cms\/en\/catalogue.html\" target=\"_blank\" rel=\"noopener\"> http:\/\/www.u-power.it\/cms\/en\/catalogue.htm<\/a><\/p>","protected":false},"excerpt":{"rendered":"<p>U-Group work footwear stands out for its latest patented technologies, design, and, most importantly, comfort. Great attention is paid to the ergonomic properties of the shoe, taking into account the psychophysiological capabilities and behavior of the worker during work. The flexibility and lightness of the shoes, as well as the Stress Out technology used in their design, reduce fatigue. Maximum air circulation is achieved not only by using materials with thermal insulation properties, but also by perforating the toe caps and insoles. Materials characterized by durability and resistance to mechanical damage, as well as maximum protection that exceeds standard requirements.<\/p>","protected":false},"featured_media":214,"template":"","meta":{"_acf_changed":false},"product_brand":[178],"product_cat":[31,190,30,29,73],"product_tag":[],"class_list":{"0":"post-198","1":"product","2":"type-product","3":"status-publish","4":"has-post-thumbnail","6":"product_brand-u-power","7":"product_cat-auliniai-batai","8":"product_cat-akcijos","9":"product_cat-akcijos-darbo-batai","10":"product_cat-darbo-batai","11":"product_cat-rubai-suvirintojams","12":"pa_apsaugine-nosele-kompozitine","13":"pa_apsaugos-klase-hro","14":"pa_apsaugos-klase-s3","15":"pa_batu-dydis-20","16":"pa_batu-dydis-21","17":"pa_batu-dydis-22","18":"pa_batu-dydis-23","19":"pa_batu-dydis-24","20":"pa_batu-dydis-25","21":"pa_batu-dydis-26","22":"pa_batu-dydis-27","24":"first","25":"instock","26":"taxable","27":"shipping-taxable","28":"purchasable","29":"product-type-variable"},"acf":[],"_links":{"self":[{"href":"https:\/\/darborubai.lt\/en\/wp-json\/wp\/v2\/product\/198","targetHints":{"allow":["GET"]}}],"collection":[{"href":"https:\/\/darborubai.lt\/en\/wp-json\/wp\/v2\/product"}],"about":[{"href":"https:\/\/darborubai.lt\/en\/wp-json\/wp\/v2\/types\/product"}],"wp:featuredmedia":[{"embeddable":true,"href":"https:\/\/darborubai.lt\/en\/wp-json\/wp\/v2\/media\/214"}],"wp:attachment":[{"href":"https:\/\/darborubai.lt\/en\/wp-json\/wp\/v2\/media?parent=198"}],"wp:term":[{"taxonomy":"product_brand","embeddable":true,"href":"https:\/\/darborubai.lt\/en\/wp-json\/wp\/v2\/product_brand?post=198"},{"taxonomy":"product_cat","embeddable":true,"href":"https:\/\/darborubai.lt\/en\/wp-json\/wp\/v2\/product_cat?post=198"},{"taxonomy":"product_tag","embeddable":true,"href":"https:\/\/darborubai.lt\/en\/wp-json\/wp\/v2\/product_tag?post=198"}],"curies":[{"name":"wp","href":"https:\/\/api.w.org\/{rel}","templated":true}]}}