{"id":216,"date":"2025-05-07T17:50:29","date_gmt":"2025-05-07T17:50:29","guid":{"rendered":"https:\/\/2025.darborubai.lt\/?post_type=product&#038;p=216"},"modified":"2026-04-10T03:06:35","modified_gmt":"2026-04-10T03:06:35","slug":"safety-shoes-lion-s3-src","status":"publish","type":"product","link":"https:\/\/darborubai.lt\/en\/product\/safety-shoes\/safety-shoes-lion-s3-src\/","title":{"rendered":"Safety Shoes U-Power Lion S3 SRC"},"content":{"rendered":"<h2>Sporty style Safety Shoes LION S3 SRC U-Power The Roar Collection<\/h2>\n<p>&nbsp;<\/p>\n<p><strong>TOE CAP: <\/strong><br \/>\nSpecially treated abrasion-resistant natural elastic Nubuck leather. Increased moisture resistance.<\/p>\n<p><strong>LINING<\/strong><br \/>\nWing Tex technology lining ensures air and moisture circulation, wicks away moisture and reduces foot sweating.<\/p>\n<p><strong>TOE PROTECTION \u00a0\u00a0<\/strong><br \/>\nAirToe Aluminium apsaugin\u0117 kompozitin\u0117 nosel\u0117 su ventiliacijos skylut\u0117mis padedan\u010dioms geriau v\u0117dinti p\u0117d\u0105.<\/p>\n<p><strong>SOLE PROTECTION\u00a0\u00a0<\/strong><br \/>\nSave &amp; Flex Plus is a lightweight and flexible, puncture-resistant Kevlar insert that does not contain metal, which allows for maximum foot protection.<\/p>\n<p><strong>INSOLE\u00a0\u00a0<\/strong><br \/>\nA perforated anatomical removable insole made of soft and flexible polyurethane, covered with a textile layer, ensures foot ventilation.<\/p>\n<p><strong>UPPER OUTSOLE LAYER <\/strong><br \/>\nA soft and flexible polyurethane (PU) layer and special technologies ensure the sole is lightweight and flexible.<\/p>\n<p><strong>BOTTOM OUTSOLE LAYER <\/strong><br \/>\nExtremely dense polyurethane layer resistant to abrasion. Sole resistant to petroleum products (grease, oil, etc.). Slip resistant SRC.<\/p>\n<p><strong>WIDTH<br \/>\n<\/strong>Comfortable, wide size 11 shoe width according to ergonomic Mondopoint requirements.<\/p>\n<p><strong>S<\/strong><strong>TANDARTAS\u00a0\u00a0\u00a0<\/strong><br \/>\nUNI EN20345:2011 S3 SRC CE<\/p>\n<p><strong>SIZES<br \/>\n<\/strong>40-47 in stock<br \/>\n35-48 production<\/p>\n<p><strong>Insole measurements according to sizes for your convenience!<\/strong><\/p>\n<p><img loading=\"lazy\" decoding=\"async\" class=\"alignnone wp-image-210\" src=\"https:\/\/darborubai.lt\/wp-content\/uploads\/2025\/05\/busurge-ir-busuper-vidpadziu-dydziai-2017-03-02-1.jpeg\" alt=\"\" width=\"699\" height=\"80\" srcset=\"https:\/\/darborubai.lt\/wp-content\/uploads\/2025\/05\/busurge-ir-busuper-vidpadziu-dydziai-2017-03-02-1.jpeg 891w, https:\/\/darborubai.lt\/wp-content\/uploads\/2025\/05\/busurge-ir-busuper-vidpadziu-dydziai-2017-03-02-1-600x69.jpeg 600w, https:\/\/darborubai.lt\/wp-content\/uploads\/2025\/05\/busurge-ir-busuper-vidpadziu-dydziai-2017-03-02-1-64x7.jpeg 64w, https:\/\/darborubai.lt\/wp-content\/uploads\/2025\/05\/busurge-ir-busuper-vidpadziu-dydziai-2017-03-02-1-300x34.jpeg 300w, https:\/\/darborubai.lt\/wp-content\/uploads\/2025\/05\/busurge-ir-busuper-vidpadziu-dydziai-2017-03-02-1-768x88.jpeg 768w, https:\/\/darborubai.lt\/wp-content\/uploads\/2025\/05\/busurge-ir-busuper-vidpadziu-dydziai-2017-03-02-1-18x2.jpeg 18w\" sizes=\"auto, (max-width: 699px) 100vw, 699px\" \/><\/p>\n<p><strong>Manufacturer's website:<\/strong><a href=\"http:\/\/www.u-power.it\/cms\/en\/catalogue.html\" target=\"_blank\" rel=\"noopener\"> http:\/\/www.u-power.it\/cms\/en\/catalogue.htm<\/a><\/p>","protected":false},"excerpt":{"rendered":"<p>U-Group work footwear stands out for its latest patented technologies, design, and, most importantly, comfort. Great attention is paid to the ergonomic properties of the shoe, taking into account the psychophysiological capabilities and behavior of the worker during work. The flexibility and lightness of the shoes, as well as the Stress Out technology used in their design, reduce fatigue. Maximum air circulation is achieved not only by using materials with thermal insulation properties, but also by perforating the toe caps and insoles. Materials characterized by durability and resistance to mechanical damage, as well as maximum protection that exceeds standard requirements.<\/p>","protected":false},"featured_media":230,"template":"","meta":{"_acf_changed":false},"product_brand":[178],"product_cat":[29,31],"product_tag":[],"class_list":{"0":"post-216","1":"product","2":"type-product","3":"status-publish","4":"has-post-thumbnail","6":"product_brand-u-power","7":"product_cat-darbo-batai","8":"product_cat-auliniai-batai","9":"pa_apsaugine-nosele-aliumine","10":"pa_apsaugos-klase-s3","11":"pa_batu-dydis-20","12":"pa_batu-dydis-21","13":"pa_batu-dydis-22","14":"pa_batu-dydis-23","15":"pa_batu-dydis-24","16":"pa_batu-dydis-25","17":"pa_batu-dydis-26","18":"pa_batu-dydis-27","20":"first","21":"instock","22":"taxable","23":"shipping-taxable","24":"purchasable","25":"product-type-variable"},"acf":[],"_links":{"self":[{"href":"https:\/\/darborubai.lt\/en\/wp-json\/wp\/v2\/product\/216","targetHints":{"allow":["GET"]}}],"collection":[{"href":"https:\/\/darborubai.lt\/en\/wp-json\/wp\/v2\/product"}],"about":[{"href":"https:\/\/darborubai.lt\/en\/wp-json\/wp\/v2\/types\/product"}],"wp:featuredmedia":[{"embeddable":true,"href":"https:\/\/darborubai.lt\/en\/wp-json\/wp\/v2\/media\/230"}],"wp:attachment":[{"href":"https:\/\/darborubai.lt\/en\/wp-json\/wp\/v2\/media?parent=216"}],"wp:term":[{"taxonomy":"product_brand","embeddable":true,"href":"https:\/\/darborubai.lt\/en\/wp-json\/wp\/v2\/product_brand?post=216"},{"taxonomy":"product_cat","embeddable":true,"href":"https:\/\/darborubai.lt\/en\/wp-json\/wp\/v2\/product_cat?post=216"},{"taxonomy":"product_tag","embeddable":true,"href":"https:\/\/darborubai.lt\/en\/wp-json\/wp\/v2\/product_tag?post=216"}],"curies":[{"name":"wp","href":"https:\/\/api.w.org\/{rel}","templated":true}]}}