{"id":2562,"date":"2025-06-20T08:57:09","date_gmt":"2025-06-20T08:57:09","guid":{"rendered":"https:\/\/2025.darborubai.lt\/?post_type=product&#038;p=2562"},"modified":"2026-04-12T03:00:26","modified_gmt":"2026-04-12T03:00:26","slug":"hearing-protection-pesso-a525","status":"publish","type":"product","link":"https:\/\/darborubai.lt\/en\/product\/personal-protective-equipment\/hearing-protection-pesso-a525\/","title":{"rendered":"Hearing protection Pesso A525"},"content":{"rendered":"<h2><strong>Apsaugin\u0117s ausin\u0117s tvirtinamos prie \u0161almo Pesso A525<br \/>\n<\/strong><\/h2>\n<p>&nbsp;<\/p>\n<p><strong>Features:<\/strong><br \/>\n\u2022 Safety headphones suppress high-frequency sounds.<br \/>\n\u2022 Lightweight does not lose its protective properties during long-term operation and in large fluctuations in ambient temperature.<br \/>\n\u2022 The structure of the headphones allows perfect attachment to the neck and ears, provides excellent communication opportunities.<br \/>\n\u2022 Made of steel, the headband is extremely durable and maintains the constant shape of the headphones.<br \/>\n<strong>\u2022\u00a0<\/strong>The headphones are attached to helmets that have a slot connector.<\/p>\n<p><strong><br \/>\nStandard:\u00a0<\/strong>\u00a0EN 352-2, CE mark<br \/>\n<strong>Protection level:<\/strong>\u00a026dB<\/p>","protected":false},"excerpt":{"rendered":"<p>\u2022 Safety headphones suppress high-frequency sounds.<br \/>\n\u2022 Lightweight does not lose its protective properties during long-term operation and in large fluctuations in ambient temperature.<br \/>\n\u2022 The structure of the headphones allows perfect attachment to the neck and ears, provides excellent communication opportunities.<br \/>\n\u2022 Made of steel, the headband is extremely durable and maintains the constant shape of the headphones.<br \/>\n<strong>\u2022\u00a0<\/strong>The headphones are attached to helmets that have a slot connector.<\/p>","protected":false},"featured_media":2563,"template":"","meta":{"_acf_changed":false},"product_brand":[161],"product_cat":[66,78],"product_tag":[],"class_list":{"0":"post-2562","1":"product","2":"type-product","3":"status-publish","4":"has-post-thumbnail","6":"product_brand-pesso","7":"product_cat-asmenines-apsaugos-priemones","8":"product_cat-klausos-apsauga","10":"first","11":"instock","12":"taxable","13":"shipping-taxable","14":"purchasable","15":"product-type-simple"},"acf":[],"_links":{"self":[{"href":"https:\/\/darborubai.lt\/en\/wp-json\/wp\/v2\/product\/2562","targetHints":{"allow":["GET"]}}],"collection":[{"href":"https:\/\/darborubai.lt\/en\/wp-json\/wp\/v2\/product"}],"about":[{"href":"https:\/\/darborubai.lt\/en\/wp-json\/wp\/v2\/types\/product"}],"wp:featuredmedia":[{"embeddable":true,"href":"https:\/\/darborubai.lt\/en\/wp-json\/wp\/v2\/media\/2563"}],"wp:attachment":[{"href":"https:\/\/darborubai.lt\/en\/wp-json\/wp\/v2\/media?parent=2562"}],"wp:term":[{"taxonomy":"product_brand","embeddable":true,"href":"https:\/\/darborubai.lt\/en\/wp-json\/wp\/v2\/product_brand?post=2562"},{"taxonomy":"product_cat","embeddable":true,"href":"https:\/\/darborubai.lt\/en\/wp-json\/wp\/v2\/product_cat?post=2562"},{"taxonomy":"product_tag","embeddable":true,"href":"https:\/\/darborubai.lt\/en\/wp-json\/wp\/v2\/product_tag?post=2562"}],"curies":[{"name":"wp","href":"https:\/\/api.w.org\/{rel}","templated":true}]}}