{"id":2906,"date":"2025-06-23T17:37:00","date_gmt":"2025-06-23T17:37:00","guid":{"rendered":"https:\/\/2025.darborubai.lt\/?post_type=product&#038;p=2906"},"modified":"2026-04-10T07:48:16","modified_gmt":"2026-04-10T07:48:16","slug":"softshell-jacket-pesso-astra-black-yellow","status":"publish","type":"product","link":"https:\/\/darborubai.lt\/en\/product\/workwear\/softshell-jacket-pesso-astra-black-yellow\/","title":{"rendered":"Softshell Jacket Pesso Astra, black\/yellow"},"content":{"rendered":"<h2><strong>Softshell Jacket Pesso Astra, black\/yellow<\/strong><\/h2>\n<p>&nbsp;<\/p>\n<p><strong>Features:\u00a0<\/strong>durable, moisture-repellent Softshell.  4-way stretch fabric. TPU membrane does not let the wetness inside and has good breathability.<br \/>\n<strong>Inner membrane:\u00a0<\/strong>A special PU membrane prevents moisture from penetrating the inside of the garment while allowing the body to \"breathe\" by letting water vapor escape to the outside.<strong>\u00a0Nano\u00a0<em>Dry<\/em><\/strong>\u00a0membrana.<br \/>\n<strong>Lining:\u00a0<\/strong>\u00a0soft and pleasant fleece fabric lining throughout the jacket.<br \/>\n<strong>Hood:<\/strong>\u00a0spacious, adjustable, detachable zippered hood.  Cosy Fleece lining.<br \/>\n<strong>Pockets:<\/strong>\u00a0pockets secured with zippers. Two pockets at the waist, one chest pocket, two inner pockets. One pocket on the left sleeve.<br \/>\n<strong>Cuffs:<\/strong>\u00a0cuffs adjustable with hook-and-loop fasteners, with an additional knitted wind guard and a thumbhole cuff.<br \/>\n<strong>Zippers:\u00a0<\/strong>water-repellent zippers.<br \/>\n<strong>Back area:<\/strong>\u00a0Extended back area.<br \/>\n<strong>Other:<\/strong>\u00a0striuk\u0117s apa\u010dia vidin\u0117je dalyje reguoliuojama rai\u0161teliais. Reflekcin\u0117s juostos, bei itin ry\u0161kaus matomumo geltonos spalvos detal\u0117s\u00a0 puikiai atspindi \u0161vies\u0105 tamsiu paros metu.<\/p>\n<p><strong>Fabric density:\u00a0<\/strong>300 g\/m2<strong><br \/>\nComposition:\u00a0\u00a0<\/strong>96% polyester<br \/>\n4% Spandex<br \/>\nVidinis audinys 100% Fleece<br \/>\n<strong>Sizes:\u00a0<\/strong>S-4XL<br \/>\n<strong>Color:\u00a0<\/strong>black<strong>,<\/strong>\u00a0High-visibility yellow<\/p>\n<div>\n<p><strong>Pesso workwear,<\/strong>\u00a0<strong>shoes and APP<\/strong>\u00a0 Catalogue: pessosafety.eu<\/p>\n<\/div>","protected":false},"excerpt":{"rendered":"<p>Water-repellent, breathable very comfortable working Softshell jacket Pesso Astra.<\/p>\n<p><img loading=\"lazy\" decoding=\"async\" class=\"alignnone size-full wp-image-1849\" src=\"https:\/\/darborubai.lt\/wp-content\/uploads\/2025\/06\/nano_icons_001.1_04.png\" alt=\"\" width=\"100\" height=\"100\" srcset=\"https:\/\/darborubai.lt\/wp-content\/uploads\/2025\/06\/nano_icons_001.1_04.png 100w, https:\/\/darborubai.lt\/wp-content\/uploads\/2025\/06\/nano_icons_001.1_04-64x64.png 64w, https:\/\/darborubai.lt\/wp-content\/uploads\/2025\/06\/nano_icons_001.1_04-12x12.png 12w\" sizes=\"auto, (max-width: 100px) 100vw, 100px\" \/> <img loading=\"lazy\" decoding=\"async\" class=\"alignnone size-full wp-image-1848\" src=\"https:\/\/darborubai.lt\/wp-content\/uploads\/2025\/06\/nano_icons_001.1_03.png\" alt=\"\" width=\"100\" height=\"100\" srcset=\"https:\/\/darborubai.lt\/wp-content\/uploads\/2025\/06\/nano_icons_001.1_03.png 100w, https:\/\/darborubai.lt\/wp-content\/uploads\/2025\/06\/nano_icons_001.1_03-64x64.png 64w, https:\/\/darborubai.lt\/wp-content\/uploads\/2025\/06\/nano_icons_001.1_03-12x12.png 12w\" sizes=\"auto, (max-width: 100px) 100vw, 100px\" \/> <img loading=\"lazy\" decoding=\"async\" class=\"alignnone size-full wp-image-2904\" src=\"https:\/\/darborubai.lt\/wp-content\/uploads\/2025\/06\/nano_icons_001.1_02.png\" alt=\"\" width=\"100\" height=\"100\" srcset=\"https:\/\/darborubai.lt\/wp-content\/uploads\/2025\/06\/nano_icons_001.1_02.png 100w, https:\/\/darborubai.lt\/wp-content\/uploads\/2025\/06\/nano_icons_001.1_02-64x64.png 64w, https:\/\/darborubai.lt\/wp-content\/uploads\/2025\/06\/nano_icons_001.1_02-12x12.png 12w\" sizes=\"auto, (max-width: 100px) 100vw, 100px\" \/> <img loading=\"lazy\" decoding=\"async\" class=\"alignnone size-full wp-image-1962\" src=\"https:\/\/darborubai.lt\/wp-content\/uploads\/2025\/06\/nano-4way-strech.png\" alt=\"\" width=\"100\" height=\"100\" srcset=\"https:\/\/darborubai.lt\/wp-content\/uploads\/2025\/06\/nano-4way-strech.png 100w, https:\/\/darborubai.lt\/wp-content\/uploads\/2025\/06\/nano-4way-strech-64x64.png 64w, https:\/\/darborubai.lt\/wp-content\/uploads\/2025\/06\/nano-4way-strech-12x12.png 12w\" sizes=\"auto, (max-width: 100px) 100vw, 100px\" \/>\u00a0<img loading=\"lazy\" decoding=\"async\" class=\"alignnone size-full wp-image-1779\" src=\"https:\/\/darborubai.lt\/wp-content\/uploads\/2025\/06\/nano_icons_001.1_10.png\" alt=\"\" width=\"100\" height=\"100\" srcset=\"https:\/\/darborubai.lt\/wp-content\/uploads\/2025\/06\/nano_icons_001.1_10.png 100w, https:\/\/darborubai.lt\/wp-content\/uploads\/2025\/06\/nano_icons_001.1_10-64x64.png 64w, https:\/\/darborubai.lt\/wp-content\/uploads\/2025\/06\/nano_icons_001.1_10-12x12.png 12w\" sizes=\"auto, (max-width: 100px) 100vw, 100px\" \/><\/p>\n<p>&nbsp;<\/p>","protected":false},"featured_media":3207,"template":"","meta":{"_acf_changed":false},"product_brand":[161],"product_cat":[72,120,117,84],"product_tag":[],"class_list":{"0":"post-2906","1":"product","2":"type-product","3":"status-publish","4":"has-post-thumbnail","6":"product_brand-pesso","7":"product_cat-darbo-rubai","8":"product_cat-silti-rubai","9":"product_cat-striukes","10":"product_cat-ryskaus-matomumo","11":"pa_dydis-s-xl-xs","12":"pa_dydis-s-xl-s","13":"pa_dydis-s-xl-m","14":"pa_dydis-s-xl-l","15":"pa_dydis-s-xl-xl","16":"pa_dydis-s-xl-2xl","17":"pa_dydis-s-xl-3xl","18":"pa_dydis-s-xl-4xl","20":"first","21":"instock","22":"taxable","23":"shipping-taxable","24":"purchasable","25":"product-type-variable"},"acf":[],"_links":{"self":[{"href":"https:\/\/darborubai.lt\/en\/wp-json\/wp\/v2\/product\/2906","targetHints":{"allow":["GET"]}}],"collection":[{"href":"https:\/\/darborubai.lt\/en\/wp-json\/wp\/v2\/product"}],"about":[{"href":"https:\/\/darborubai.lt\/en\/wp-json\/wp\/v2\/types\/product"}],"wp:featuredmedia":[{"embeddable":true,"href":"https:\/\/darborubai.lt\/en\/wp-json\/wp\/v2\/media\/3207"}],"wp:attachment":[{"href":"https:\/\/darborubai.lt\/en\/wp-json\/wp\/v2\/media?parent=2906"}],"wp:term":[{"taxonomy":"product_brand","embeddable":true,"href":"https:\/\/darborubai.lt\/en\/wp-json\/wp\/v2\/product_brand?post=2906"},{"taxonomy":"product_cat","embeddable":true,"href":"https:\/\/darborubai.lt\/en\/wp-json\/wp\/v2\/product_cat?post=2906"},{"taxonomy":"product_tag","embeddable":true,"href":"https:\/\/darborubai.lt\/en\/wp-json\/wp\/v2\/product_tag?post=2906"}],"curies":[{"name":"wp","href":"https:\/\/api.w.org\/{rel}","templated":true}]}}