{"id":294,"date":"2025-05-08T17:40:56","date_gmt":"2025-05-08T17:40:56","guid":{"rendered":"https:\/\/2025.darborubai.lt\/?post_type=product&#038;p=294"},"modified":"2026-04-10T03:09:22","modified_gmt":"2026-04-10T03:09:22","slug":"safety-leather-shoes-scuro-s3","status":"publish","type":"product","link":"https:\/\/darborubai.lt\/en\/product\/safety-shoes\/safety-leather-shoes-scuro-s3\/","title":{"rendered":"Safety leather shoes U-Power SCURO S3 SRC"},"content":{"rendered":"<h2>Safety leather shoes U-Power SCURO S3 SRC CI ESD<\/h2>\n<p><strong>TOE CAP\u00a0\u00a0\u00a0<\/strong><br \/>\nSpecially treated nubuck leather is extremely wear-resistant and has increased moisture resistance.<\/p>\n<p><strong>LINING<\/strong><br \/>\nWing Tex technology lining ensures air and moisture circulation, wicks away moisture and reduces foot sweating.<\/p>\n<p><strong>TOE PROTECTION\u00a0\u00a0\u00a0\u00a0<\/strong><br \/>\nAir Toe Composite protective composite toe cap with ventilation holes that help improve foot ventilation.<\/p>\n<p><strong>SOLE PROTECTION\u00a0\u00a0<\/strong><br \/>\nSave &amp; Flex Plus is a lightweight and flexible, puncture-resistant Kevlar insert that does not contain metal, which allows for maximum foot protection.<\/p>\n<p><strong>INSOLE\u00a0\u00a0<\/strong><br \/>\nErgo Dry por\u0117tas anatomi\u0161kas vidpadis su aktyvia ventiliacij\u0105.<\/p>\n<p><strong>UPPER OUTSOLE LAYER<br \/>\n<\/strong>A soft and flexible polyurethane (PU) layer and special technologies ensure the sole is lightweight and flexible.<\/p>\n<div><strong>BOTTOM OUTSOLE LAYER<\/strong><\/div>\n<div>Abrasion-resistant polyurethane layer, grease-resistant, antistatic. Fully designed for slip resistance.<\/div>\n<div><strong><br \/>\nWIDTH<\/strong><br \/>\nComfortable, wide size 11 shoe width according to ergonomic Mondopoint requirements.<\/div>\n<div><strong>STANDARD\u00a0\u00a0\u00a0<\/strong><br \/>\nEN345 S3 SRC Padidintas atsparumas slydimui.<\/div>\n<div><strong>SIZES<br \/>\n<\/strong>40 -47<\/div>\n<div><\/div>\n<p><strong>Insole measurements according to sizes for your convenience!<br \/>\n<\/strong><img loading=\"lazy\" decoding=\"async\" class=\"alignnone wp-image-210\" style=\"font-family: Consolas, Monaco, monospace;\" src=\"https:\/\/darborubai.lt\/wp-content\/uploads\/2025\/05\/busurge-ir-busuper-vidpadziu-dydziai-2017-03-02-1.jpeg\" alt=\"\" width=\"690\" height=\"79\" srcset=\"https:\/\/darborubai.lt\/wp-content\/uploads\/2025\/05\/busurge-ir-busuper-vidpadziu-dydziai-2017-03-02-1.jpeg 891w, https:\/\/darborubai.lt\/wp-content\/uploads\/2025\/05\/busurge-ir-busuper-vidpadziu-dydziai-2017-03-02-1-600x69.jpeg 600w, https:\/\/darborubai.lt\/wp-content\/uploads\/2025\/05\/busurge-ir-busuper-vidpadziu-dydziai-2017-03-02-1-64x7.jpeg 64w, https:\/\/darborubai.lt\/wp-content\/uploads\/2025\/05\/busurge-ir-busuper-vidpadziu-dydziai-2017-03-02-1-300x34.jpeg 300w, https:\/\/darborubai.lt\/wp-content\/uploads\/2025\/05\/busurge-ir-busuper-vidpadziu-dydziai-2017-03-02-1-768x88.jpeg 768w, https:\/\/darborubai.lt\/wp-content\/uploads\/2025\/05\/busurge-ir-busuper-vidpadziu-dydziai-2017-03-02-1-18x2.jpeg 18w\" sizes=\"auto, (max-width: 690px) 100vw, 690px\" \/><\/p>","protected":false},"excerpt":{"rendered":"<p>U-Group work footwear stands out for its latest patented technologies, design, and, most importantly, comfort. Great attention is paid to the ergonomic properties of the shoe, taking into account the psychophysiological capabilities and behavior of the worker during work. The flexibility and lightness of the shoes, as well as the Stress Out technology used in their design, reduce fatigue. Maximum air circulation is achieved not only by using materials with thermal insulation properties, but also by perforating the toe caps and insoles. Materials characterized by durability and resistance to mechanical damage, as well as maximum protection that exceeds standard requirements.<\/p>","protected":false},"featured_media":312,"template":"","meta":{"_acf_changed":false},"product_brand":[178],"product_cat":[29,31],"product_tag":[],"class_list":{"0":"post-294","1":"product","2":"type-product","3":"status-publish","4":"has-post-thumbnail","6":"product_brand-u-power","7":"product_cat-darbo-batai","8":"product_cat-auliniai-batai","9":"pa_apsaugine-nosele-kompozitine","10":"pa_apsaugos-klase-s3","11":"pa_batu-dydis-20","12":"pa_batu-dydis-21","13":"pa_batu-dydis-22","14":"pa_batu-dydis-23","15":"pa_batu-dydis-24","16":"pa_batu-dydis-25","17":"pa_batu-dydis-26","18":"pa_batu-dydis-27","19":"pa_batu-dydis-28","21":"first","22":"instock","23":"taxable","24":"shipping-taxable","25":"purchasable","26":"product-type-variable"},"acf":[],"_links":{"self":[{"href":"https:\/\/darborubai.lt\/en\/wp-json\/wp\/v2\/product\/294","targetHints":{"allow":["GET"]}}],"collection":[{"href":"https:\/\/darborubai.lt\/en\/wp-json\/wp\/v2\/product"}],"about":[{"href":"https:\/\/darborubai.lt\/en\/wp-json\/wp\/v2\/types\/product"}],"wp:featuredmedia":[{"embeddable":true,"href":"https:\/\/darborubai.lt\/en\/wp-json\/wp\/v2\/media\/312"}],"wp:attachment":[{"href":"https:\/\/darborubai.lt\/en\/wp-json\/wp\/v2\/media?parent=294"}],"wp:term":[{"taxonomy":"product_brand","embeddable":true,"href":"https:\/\/darborubai.lt\/en\/wp-json\/wp\/v2\/product_brand?post=294"},{"taxonomy":"product_cat","embeddable":true,"href":"https:\/\/darborubai.lt\/en\/wp-json\/wp\/v2\/product_cat?post=294"},{"taxonomy":"product_tag","embeddable":true,"href":"https:\/\/darborubai.lt\/en\/wp-json\/wp\/v2\/product_tag?post=294"}],"curies":[{"name":"wp","href":"https:\/\/api.w.org\/{rel}","templated":true}]}}