{"id":3159,"date":"2025-06-25T17:14:44","date_gmt":"2025-06-25T17:14:44","guid":{"rendered":"https:\/\/2025.darborubai.lt\/?post_type=product&#038;p=3159"},"modified":"2026-04-10T09:15:29","modified_gmt":"2026-04-10T09:15:29","slug":"workwear-pants-pesso-uranus-flexpro-135-beige","status":"publish","type":"product","link":"https:\/\/darborubai.lt\/en\/product\/workwear\/workwear-pants-pesso-uranus-flexpro-135-beige\/","title":{"rendered":"Workwear pants Pesso Uranus Flexpro 135, beige"},"content":{"rendered":"<h2>Workwear pants Pesso Uranus Flexpro 135, beige<\/h2>\n<p>&nbsp;<\/p>\n<p><b>Model:\u00a0<\/b>Latest comfortable design,  that allows full freedom of movement.<br \/>\nUltra-stretch nylon\/Spandex fabric \u00a0<strong>4-WAY STRETCH<\/strong>\u00a0&#8211; tamprus \u012f visas keturias kryptis priekin\u0117je ir nugaros liemens dalyse maksimaliam komfortui.<br \/>\n<b>Fabric:\u00a0<\/b>abrasion-resistant, reinforced polyester-cotton weave fabric.<b><br \/>\nSeams:<\/b>\u00a0all main seams are sewn with a triple folded seam. all pockets are additionally reinforced with a compression seam.<br \/>\n<strong>Zipcover<sup>TM<\/sup>\u00a0sistema<\/strong>\u00a0&#8211;\u00a0 skirta prisegti pakabinamom t\u016brin\u0117ms ki\u0161en\u0117ms.<br \/>\nDetachable\u00a0<strong><b>Cordura<sup><span lang=\"en-us\" xml:lang=\"en-us\">\u00ae<\/span><\/sup><\/b><\/strong><strong><span lang=\"en-us\" xml:lang=\"en-us\">\u00a0volumetric fabric pockets.<\/span><\/strong><br \/>\n<strong>Functional pockets:\u00a0<\/strong>4 front pockets, two flared pockets at the back, side pockets on the legs. Pocket for roulette wheel, hammer, mobile phone.<br \/>\n<strong>Knee pads:<\/strong>\u00a0Specially moulded pockets for insertion of leggings sewn in the knee area, externally reinforced at two heights\u00a0<strong><b>Cordura<sup><span lang=\"en-us\" xml:lang=\"en-us\">\u00ae<\/span><\/sup><\/b><\/strong>\u00a0fabric trimmings.\u00a0<strong><span lang=\"en-us\" xml:lang=\"en-us\"><b>4-Way Stretch<\/b>\u00a0<\/span>elastic tissue in the back.<br \/>\nReflective details<\/strong>\u00a0at the bottom of the legs of trousers.<strong><br \/>\n<\/strong><\/p>\n<p><strong>Composition:<\/strong><br \/>\n<strong>Main fabric<\/strong>\u00a088% polyester, 12% cotton<br \/>\n<strong><b>100% Cordura<sup><span lang=\"en-us\" xml:lang=\"en-us\">\u00ae<\/span><\/sup><\/b><\/strong>\u00a0fabric details<br \/>\n<b>4-Way Stretch stretch nylon spandex fabric detail -\u00a0<\/b>91,50% nylon, 8,5% spandex<\/p>\n<p><strong>Color:<\/strong>\u00a0sand, beige<br \/>\n<strong>Fabric density:<\/strong>\u00a0320\/m2<br \/>\n<strong>Sizes:<\/strong>\u00a0C46-C62<br \/>\n<strong>The length of the wedges:<\/strong>\u00a0a special fold in the legs that allows the trousers to be lengthened by up to 5 cm.<\/p>\n<p>&nbsp;<\/p>\n<p><strong>Pesso workwear,<\/strong>\u00a0<strong>shoes and APP<\/strong>\u00a0 Catalogue: pessosafety.eu<\/p>","protected":false},"excerpt":{"rendered":"<p>The trousers are made from extra-strong polyester\/cotton half-panama weave for durability. Legendary Cordura<sup><span lang=\"en-us\" xml:lang=\"en-us\">\u00ae<\/span><\/sup><span lang=\"en-us\" xml:lang=\"en-us\">\u00a0fabric details and 4-Way Stretch\u00a0<\/span>fabric for freedom of movement, comfort and air circulation. Latest technology fabrics!<\/p>\n<p><img loading=\"lazy\" decoding=\"async\" class=\"alignnone size-full wp-image-1849\" src=\"https:\/\/darborubai.lt\/wp-content\/uploads\/2025\/06\/nano_icons_001.1_04.png\" alt=\"\" width=\"100\" height=\"100\" srcset=\"https:\/\/darborubai.lt\/wp-content\/uploads\/2025\/06\/nano_icons_001.1_04.png 100w, https:\/\/darborubai.lt\/wp-content\/uploads\/2025\/06\/nano_icons_001.1_04-64x64.png 64w, https:\/\/darborubai.lt\/wp-content\/uploads\/2025\/06\/nano_icons_001.1_04-12x12.png 12w\" sizes=\"auto, (max-width: 100px) 100vw, 100px\" \/><img loading=\"lazy\" decoding=\"async\" class=\"alignnone size-full wp-image-1962\" src=\"https:\/\/darborubai.lt\/wp-content\/uploads\/2025\/06\/nano-4way-strech.png\" alt=\"\" width=\"100\" height=\"100\" srcset=\"https:\/\/darborubai.lt\/wp-content\/uploads\/2025\/06\/nano-4way-strech.png 100w, https:\/\/darborubai.lt\/wp-content\/uploads\/2025\/06\/nano-4way-strech-64x64.png 64w, https:\/\/darborubai.lt\/wp-content\/uploads\/2025\/06\/nano-4way-strech-12x12.png 12w\" sizes=\"auto, (max-width: 100px) 100vw, 100px\" \/><img loading=\"lazy\" decoding=\"async\" class=\"alignnone size-full wp-image-3171\" src=\"https:\/\/darborubai.lt\/wp-content\/uploads\/2025\/06\/nano_icons_001.1_16.webp\" alt=\"\" width=\"100\" height=\"100\" srcset=\"https:\/\/darborubai.lt\/wp-content\/uploads\/2025\/06\/nano_icons_001.1_16.webp 100w, https:\/\/darborubai.lt\/wp-content\/uploads\/2025\/06\/nano_icons_001.1_16-64x64.webp 64w, https:\/\/darborubai.lt\/wp-content\/uploads\/2025\/06\/nano_icons_001.1_16-12x12.webp 12w\" sizes=\"auto, (max-width: 100px) 100vw, 100px\" \/><\/p>\n<p>&nbsp;<\/p>","protected":false},"featured_media":4753,"template":"","meta":{"_acf_changed":false},"product_brand":[161],"product_cat":[72,81,112,190],"product_tag":[],"class_list":{"0":"post-3159","1":"product","2":"type-product","3":"status-publish","4":"has-post-thumbnail","6":"product_brand-pesso","7":"product_cat-darbo-rubai","8":"product_cat-darbo-kelnes","9":"product_cat-darbo-kostiumai","10":"product_cat-akcijos","12":"first","13":"instock","14":"taxable","15":"shipping-taxable","16":"purchasable","17":"product-type-variable"},"acf":[],"_links":{"self":[{"href":"https:\/\/darborubai.lt\/en\/wp-json\/wp\/v2\/product\/3159","targetHints":{"allow":["GET"]}}],"collection":[{"href":"https:\/\/darborubai.lt\/en\/wp-json\/wp\/v2\/product"}],"about":[{"href":"https:\/\/darborubai.lt\/en\/wp-json\/wp\/v2\/types\/product"}],"wp:featuredmedia":[{"embeddable":true,"href":"https:\/\/darborubai.lt\/en\/wp-json\/wp\/v2\/media\/4753"}],"wp:attachment":[{"href":"https:\/\/darborubai.lt\/en\/wp-json\/wp\/v2\/media?parent=3159"}],"wp:term":[{"taxonomy":"product_brand","embeddable":true,"href":"https:\/\/darborubai.lt\/en\/wp-json\/wp\/v2\/product_brand?post=3159"},{"taxonomy":"product_cat","embeddable":true,"href":"https:\/\/darborubai.lt\/en\/wp-json\/wp\/v2\/product_cat?post=3159"},{"taxonomy":"product_tag","embeddable":true,"href":"https:\/\/darborubai.lt\/en\/wp-json\/wp\/v2\/product_tag?post=3159"}],"curies":[{"name":"wp","href":"https:\/\/api.w.org\/{rel}","templated":true}]}}