{"id":3322,"date":"2025-06-27T12:38:19","date_gmt":"2025-06-27T12:38:19","guid":{"rendered":"https:\/\/2025.darborubai.lt\/?post_type=product&#038;p=3322"},"modified":"2025-08-14T19:11:58","modified_gmt":"2025-08-14T19:11:58","slug":"executive-vest-iona-portwest-blue","status":"publish","type":"product","link":"https:\/\/darborubai.lt\/en\/product\/workwear\/vests\/executive-vest-iona-portwest-blue\/","title":{"rendered":"Signal executive vest Iona Portwest, blue"},"content":{"rendered":"<h2><strong>Signalin\u0117 vadovo liemen\u0117 Portwest Iona F476, m\u0117lyna<\/strong><\/h2>\n<p>&nbsp;<\/p>\n<p>Puikiai tinka \u012fmon\u0117s prekiniam \u017eenklui.<\/p>\n<p><strong>Composition:<\/strong>\u00a0100% poliesteris Sukamuoju b\u016bdu nerta med\u017eiaga<br \/>\n<strong>Density:<\/strong>\u00a0125 g\/m<sup>2<\/sup><br \/>\n<strong>Color:<\/strong> blue\u00a0<em>Royal Blue<\/em><br \/>\n<strong>Sizes:<\/strong>\u00a0S-3XL<\/p>\n<p><strong>Standard:<\/strong>\u00a0AS\/NZS 4602.1:2011 Class N<\/p>\n<p>U\u017dSAKOMOJI PREK\u0116 | Pristatymo terminas derinamas u\u017esakant. \u012eprastai iki 10 d.d.<\/p>","protected":false},"excerpt":{"rendered":"<p>Naujo modernaus modelio liemen\u0117s su \u012fvairi\u0173 dyd\u017ei\u0173 7 ki\u0161en\u0117mis.\u00a0Dviguba ID ki\u0161\u0117ne. Kilpa radijui. U\u017esegama u\u017etrauktuku.\u00a0At\u0161vaitin\u0117s juostos geresniam matomumui.<\/p>\n<p>&nbsp;<\/p>\n<h4>PRISTATYMAS 5 d.d.<\/h4>","protected":false},"featured_media":7647,"template":"","meta":{"_acf_changed":false},"product_brand":[173],"product_cat":[126,72,112,84,74],"product_tag":[],"class_list":{"0":"post-3322","1":"product","2":"type-product","3":"status-publish","4":"has-post-thumbnail","6":"product_brand-portwest","7":"product_cat-liemenes","8":"product_cat-darbo-rubai","9":"product_cat-darbo-kostiumai","10":"product_cat-ryskaus-matomumo","11":"product_cat-uzsakomoji-preke","12":"pa_dydis-s-xl-m","13":"pa_dydis-s-xl-l","14":"pa_dydis-s-xl-xl","15":"pa_dydis-s-xl-2xl","16":"pa_dydis-s-xl-3xl","18":"first","19":"onbackorder","20":"taxable","21":"shipping-taxable","22":"purchasable","23":"product-type-variable"},"acf":[],"_links":{"self":[{"href":"https:\/\/darborubai.lt\/en\/wp-json\/wp\/v2\/product\/3322","targetHints":{"allow":["GET"]}}],"collection":[{"href":"https:\/\/darborubai.lt\/en\/wp-json\/wp\/v2\/product"}],"about":[{"href":"https:\/\/darborubai.lt\/en\/wp-json\/wp\/v2\/types\/product"}],"wp:featuredmedia":[{"embeddable":true,"href":"https:\/\/darborubai.lt\/en\/wp-json\/wp\/v2\/media\/7647"}],"wp:attachment":[{"href":"https:\/\/darborubai.lt\/en\/wp-json\/wp\/v2\/media?parent=3322"}],"wp:term":[{"taxonomy":"product_brand","embeddable":true,"href":"https:\/\/darborubai.lt\/en\/wp-json\/wp\/v2\/product_brand?post=3322"},{"taxonomy":"product_cat","embeddable":true,"href":"https:\/\/darborubai.lt\/en\/wp-json\/wp\/v2\/product_cat?post=3322"},{"taxonomy":"product_tag","embeddable":true,"href":"https:\/\/darborubai.lt\/en\/wp-json\/wp\/v2\/product_tag?post=3322"}],"curies":[{"name":"wp","href":"https:\/\/api.w.org\/{rel}","templated":true}]}}