{"id":3371,"date":"2025-06-27T17:52:00","date_gmt":"2025-06-27T17:52:00","guid":{"rendered":"https:\/\/2025.darborubai.lt\/?post_type=product&#038;p=3371"},"modified":"2026-04-10T03:11:08","modified_gmt":"2026-04-10T03:11:08","slug":"signal-vest-original-hi-vis","status":"publish","type":"product","link":"https:\/\/darborubai.lt\/en\/product\/workwear\/vests\/signal-vest-original-hi-vis\/","title":{"rendered":"Signalin\u0117 liemen\u0117 Portwest HI-VIS, geltona"},"content":{"rendered":"<h2><strong>Siganlin\u0117 liemen\u0117 Original Hi-VIS<\/strong><\/h2>\n<p><strong>Standartas:\u00a0EN ISO 20741, Klas\u0117 2<br \/>\nComposition:<\/strong>\u00a0100% polyester<br \/>\n<strong>Color:\u00a0<\/strong>itin ry\u0161ki geltona su oran\u017ein\u0117mis detal\u0117mis<br \/>\n<strong>Sizes:<\/strong>\u00a0S-XXXL<\/p>","protected":false},"excerpt":{"rendered":"<p>Naujo modernaus modelio liemen\u0117s su \u012fvairi\u0173 dyd\u017ei\u0173 ki\u0161en\u0117mis. \u012ed\u0117klas iD koretelei<\/p>\n<p>&nbsp;<\/p>\n<h4>PRISTATYMAS 5 d.d.<\/h4>","protected":false},"featured_media":5309,"template":"","meta":{"_acf_changed":false},"product_brand":[173],"product_cat":[126,112,72,84,74],"product_tag":[],"class_list":{"0":"post-3371","1":"product","2":"type-product","3":"status-publish","4":"has-post-thumbnail","6":"product_brand-portwest","7":"product_cat-liemenes","8":"product_cat-darbo-kostiumai","9":"product_cat-darbo-rubai","10":"product_cat-ryskaus-matomumo","11":"product_cat-uzsakomoji-preke","12":"pa_dydis-s-xl-2xl","13":"pa_dydis-s-xl-l","14":"pa_dydis-s-xl-m","15":"pa_dydis-s-xl-xl","17":"first","18":"onbackorder","19":"taxable","20":"shipping-taxable","21":"purchasable","22":"product-type-variable"},"acf":[],"_links":{"self":[{"href":"https:\/\/darborubai.lt\/en\/wp-json\/wp\/v2\/product\/3371","targetHints":{"allow":["GET"]}}],"collection":[{"href":"https:\/\/darborubai.lt\/en\/wp-json\/wp\/v2\/product"}],"about":[{"href":"https:\/\/darborubai.lt\/en\/wp-json\/wp\/v2\/types\/product"}],"wp:featuredmedia":[{"embeddable":true,"href":"https:\/\/darborubai.lt\/en\/wp-json\/wp\/v2\/media\/5309"}],"wp:attachment":[{"href":"https:\/\/darborubai.lt\/en\/wp-json\/wp\/v2\/media?parent=3371"}],"wp:term":[{"taxonomy":"product_brand","embeddable":true,"href":"https:\/\/darborubai.lt\/en\/wp-json\/wp\/v2\/product_brand?post=3371"},{"taxonomy":"product_cat","embeddable":true,"href":"https:\/\/darborubai.lt\/en\/wp-json\/wp\/v2\/product_cat?post=3371"},{"taxonomy":"product_tag","embeddable":true,"href":"https:\/\/darborubai.lt\/en\/wp-json\/wp\/v2\/product_tag?post=3371"}],"curies":[{"name":"wp","href":"https:\/\/api.w.org\/{rel}","templated":true}]}}