{"id":3650,"date":"2025-06-30T18:31:02","date_gmt":"2025-06-30T18:31:02","guid":{"rendered":"https:\/\/2025.darborubai.lt\/?post_type=product&#038;p=3650"},"modified":"2026-04-10T03:12:20","modified_gmt":"2026-04-10T03:12:20","slug":"waterproof-winter-jacket-pesso-nova-black-orange","status":"publish","type":"product","link":"https:\/\/darborubai.lt\/en\/product\/workwear\/waterproof-winter-jacket-pesso-nova-black-orange\/","title":{"rendered":"Waterproof Winter Jacket Pesso NOVA, black\/orange"},"content":{"rendered":"<h2><strong>Waterproof Winter Jacket Pesso NOVA, black\/orange<\/strong><\/h2>\n<p>&nbsp;<\/p>\n<p><strong>Features:\u00a0<\/strong>durable, moisture-repellent fabric\u00a0<strong>Oxford 280D. <\/strong><br \/>\n<strong>Inner membrane: <\/strong>A special PU membrane prevents moisture from penetrating the inside of the garment while allowing the body to \"breathe\" by letting water vapor escape to the outside.\u00a0<strong>NANO\u00a0<em>Dry<\/em><\/strong>\u00a0membrana.<br \/>\n<strong>Seams: <\/strong>strong double seams, taped on the inside.<br \/>\n<strong>Hood: <\/strong>A detachable, wide, and warm hood with a visor, adjustable with a drawstring.<br \/>\n<strong>Collar: <\/strong>fleece lined collar.<br \/>\n<strong>Lining: <\/strong>Good breathability spongy lining. NANA Dry membrane.<br \/>\n<strong>Cuffs:<\/strong>\u00a0cuffs are adjustable with Velcro, featuring an additional inner cuff made of soft fabric with a thumb hole.<br \/>\n<strong>Pockets:<\/strong>\u00a0functional zippered pockets, plus a special inner pocket for a phone and headphone cord.<br \/>\n<strong>Other:<\/strong>\u00a0back length 80 cm<\/p>\n<p><strong>Waterproofness:<\/strong>\u00a05000mm<br \/>\n<strong>Evaporation of moisture from inside:<\/strong>\u00a03000g\/m<sup>2<\/sup><sup>\u00a0<\/sup>within 24 hours.<\/p>\n<p><strong>Sizes: <\/strong>\u00a0S-3XL<br \/>\n<strong>Color:<\/strong>\u00a0juoda, ry\u0161kaus matomumo\u00a0oran\u017ein\u0117s detal\u0117s<\/p>\n<p><strong>Composition:<\/strong>\u00a0lining 100% polyester<br \/>\ni\u0161orin\u0117 dalis 100% Nylon\u00a0<strong>Oxford 280D<\/strong><br \/>\ninsulation 100% polyester<\/p>\n<p><strong>280\u00a0<\/strong><strong>Oxford nylon fabric\u00a0<\/strong>- oxford is a different type of weave which provides better strength and durability than standard plain weaves. Lightweight, flexible, waterproof oxford fabrics usually are used  for tents, bags, storage covers, dust covers, flags, advertising inflatables.<\/p>\n<p><strong>Pesso workwear,<\/strong>\u00a0<strong>shoes and APP<\/strong>\u00a0 Catalogue:\u00a0<a href=\"https:\/\/pessosafety.eu\/\" target=\"_blank\" rel=\"noopener\">pessosafety.eu<\/a><\/p>","protected":false},"excerpt":{"rendered":"<p>Pesso NOVA jacket made of moisture-repellent, windproof, but \u201cbreathable\u201d three-layer fabric.<\/p>\n<p><img loading=\"lazy\" decoding=\"async\" class=\"alignnone size-full wp-image-2905\" src=\"https:\/\/darborubai.lt\/wp-content\/uploads\/2025\/06\/nano_icons_001.1_01.png\" alt=\"\" width=\"100\" height=\"100\" srcset=\"https:\/\/darborubai.lt\/wp-content\/uploads\/2025\/06\/nano_icons_001.1_01.png 100w, https:\/\/darborubai.lt\/wp-content\/uploads\/2025\/06\/nano_icons_001.1_01-64x64.png 64w, https:\/\/darborubai.lt\/wp-content\/uploads\/2025\/06\/nano_icons_001.1_01-12x12.png 12w\" sizes=\"auto, (max-width: 100px) 100vw, 100px\" \/> <img loading=\"lazy\" decoding=\"async\" class=\"alignnone size-full wp-image-2904\" src=\"https:\/\/darborubai.lt\/wp-content\/uploads\/2025\/06\/nano_icons_001.1_02.png\" alt=\"\" width=\"100\" height=\"100\" srcset=\"https:\/\/darborubai.lt\/wp-content\/uploads\/2025\/06\/nano_icons_001.1_02.png 100w, https:\/\/darborubai.lt\/wp-content\/uploads\/2025\/06\/nano_icons_001.1_02-64x64.png 64w, https:\/\/darborubai.lt\/wp-content\/uploads\/2025\/06\/nano_icons_001.1_02-12x12.png 12w\" sizes=\"auto, (max-width: 100px) 100vw, 100px\" \/> <img loading=\"lazy\" decoding=\"async\" class=\"alignnone size-full wp-image-1848\" src=\"https:\/\/darborubai.lt\/wp-content\/uploads\/2025\/06\/nano_icons_001.1_03.png\" alt=\"\" width=\"100\" height=\"100\" srcset=\"https:\/\/darborubai.lt\/wp-content\/uploads\/2025\/06\/nano_icons_001.1_03.png 100w, https:\/\/darborubai.lt\/wp-content\/uploads\/2025\/06\/nano_icons_001.1_03-64x64.png 64w, https:\/\/darborubai.lt\/wp-content\/uploads\/2025\/06\/nano_icons_001.1_03-12x12.png 12w\" sizes=\"auto, (max-width: 100px) 100vw, 100px\" \/> <img loading=\"lazy\" decoding=\"async\" class=\"alignnone size-full wp-image-1849\" src=\"https:\/\/darborubai.lt\/wp-content\/uploads\/2025\/06\/nano_icons_001.1_04.png\" alt=\"\" width=\"100\" height=\"100\" srcset=\"https:\/\/darborubai.lt\/wp-content\/uploads\/2025\/06\/nano_icons_001.1_04.png 100w, https:\/\/darborubai.lt\/wp-content\/uploads\/2025\/06\/nano_icons_001.1_04-64x64.png 64w, https:\/\/darborubai.lt\/wp-content\/uploads\/2025\/06\/nano_icons_001.1_04-12x12.png 12w\" sizes=\"auto, (max-width: 100px) 100vw, 100px\" \/> <img loading=\"lazy\" decoding=\"async\" class=\"alignnone size-full wp-image-1850\" src=\"https:\/\/darborubai.lt\/wp-content\/uploads\/2025\/06\/nano_icons_001.1_05.png\" alt=\"\" width=\"100\" height=\"100\" srcset=\"https:\/\/darborubai.lt\/wp-content\/uploads\/2025\/06\/nano_icons_001.1_05.png 100w, https:\/\/darborubai.lt\/wp-content\/uploads\/2025\/06\/nano_icons_001.1_05-64x64.png 64w, https:\/\/darborubai.lt\/wp-content\/uploads\/2025\/06\/nano_icons_001.1_05-12x12.png 12w\" sizes=\"auto, (max-width: 100px) 100vw, 100px\" \/><img loading=\"lazy\" decoding=\"async\" class=\"alignnone size-full wp-image-1779\" src=\"https:\/\/darborubai.lt\/wp-content\/uploads\/2025\/06\/nano_icons_001.1_10.png\" alt=\"\" width=\"100\" height=\"100\" srcset=\"https:\/\/darborubai.lt\/wp-content\/uploads\/2025\/06\/nano_icons_001.1_10.png 100w, https:\/\/darborubai.lt\/wp-content\/uploads\/2025\/06\/nano_icons_001.1_10-64x64.png 64w, https:\/\/darborubai.lt\/wp-content\/uploads\/2025\/06\/nano_icons_001.1_10-12x12.png 12w\" sizes=\"auto, (max-width: 100px) 100vw, 100px\" \/><\/p>","protected":false},"featured_media":5489,"template":"","meta":{"_acf_changed":false},"product_brand":[161],"product_cat":[72,120,117,84],"product_tag":[],"class_list":{"0":"post-3650","1":"product","2":"type-product","3":"status-publish","4":"has-post-thumbnail","6":"product_brand-pesso","7":"product_cat-darbo-rubai","8":"product_cat-silti-rubai","9":"product_cat-striukes","10":"product_cat-ryskaus-matomumo","11":"pa_dydis-s-xl-xs","12":"pa_dydis-s-xl-s","13":"pa_dydis-s-xl-m","14":"pa_dydis-s-xl-l","15":"pa_dydis-s-xl-xl","16":"pa_dydis-s-xl-2xl","17":"pa_dydis-s-xl-3xl","18":"pa_dydis-s-xl-4xl","19":"pa_savybe-ziemine","21":"first","22":"instock","23":"taxable","24":"shipping-taxable","25":"purchasable","26":"product-type-variable"},"acf":[],"_links":{"self":[{"href":"https:\/\/darborubai.lt\/en\/wp-json\/wp\/v2\/product\/3650","targetHints":{"allow":["GET"]}}],"collection":[{"href":"https:\/\/darborubai.lt\/en\/wp-json\/wp\/v2\/product"}],"about":[{"href":"https:\/\/darborubai.lt\/en\/wp-json\/wp\/v2\/types\/product"}],"wp:featuredmedia":[{"embeddable":true,"href":"https:\/\/darborubai.lt\/en\/wp-json\/wp\/v2\/media\/5489"}],"wp:attachment":[{"href":"https:\/\/darborubai.lt\/en\/wp-json\/wp\/v2\/media?parent=3650"}],"wp:term":[{"taxonomy":"product_brand","embeddable":true,"href":"https:\/\/darborubai.lt\/en\/wp-json\/wp\/v2\/product_brand?post=3650"},{"taxonomy":"product_cat","embeddable":true,"href":"https:\/\/darborubai.lt\/en\/wp-json\/wp\/v2\/product_cat?post=3650"},{"taxonomy":"product_tag","embeddable":true,"href":"https:\/\/darborubai.lt\/en\/wp-json\/wp\/v2\/product_tag?post=3650"}],"curies":[{"name":"wp","href":"https:\/\/api.w.org\/{rel}","templated":true}]}}