{"id":3984,"date":"2025-07-01T14:54:39","date_gmt":"2025-07-01T14:54:39","guid":{"rendered":"https:\/\/2025.darborubai.lt\/?post_type=product&#038;p=3984"},"modified":"2026-04-10T03:13:40","modified_gmt":"2026-04-10T03:13:40","slug":"outdoor-stretch-trousers-promacher-fobos-chaki","status":"publish","type":"product","link":"https:\/\/darborubai.lt\/en\/product\/workwear\/outdoor-stretch-trousers-promacher-fobos-chaki\/","title":{"rendered":"Tamprios keln\u0117s Promacher FOBOS, chaki"},"content":{"rendered":"<h2>Tamprios\u00a0 keln\u0117s Promacher FOBOS,\u00a0chaki<\/h2>\n<p>&nbsp;<\/p>\n<div>Atstumian\u010dios dr\u0117gm\u0119 tamprios lauko darbo keln\u0117s.\u00a0 Unisex stiliaus \u2013 keln\u0117s tinka tiek vyrams, tiek moterims. Itin patogios.<\/div>\n<p><strong>Features:\u00a0<\/strong>moisture-repellent, windproof, but \u201cbreathable\u201d work trousers.<br \/>\n<strong>Pockets:<\/strong>\u00a0functional and convenient pockets. Two front zippered pockets. Two back pockets. Leg pockets of different sizes and slots secured with inner hook-and-loop fasteners.<br \/>\n<strong>Waist area:<\/strong>\u00a0tampri liemens sritis ir d\u0117l pa\u010dio audinio ir d\u0117l pla\u010dios liemens juostos.<br \/>\n<strong>Reflective\u00a0<\/strong>small details.<\/p>\n<p><strong>Fabric density:\u00a0<\/strong>\u00a0 \u00a0200 g\/m2<br \/>\n<strong>Composition: \u00a0<\/strong>Softshell<strong>\u00a0\u00a0<\/strong>92% Nylon<br \/>\n8% Spandex<br \/>\n<strong>Sizes:\u00a0<\/strong>44 &#8211; 60<br \/>\n<strong>Color:<\/strong>\u00a0chaki \u017ealios<\/p>\n<div id=\"gtx-trans\" style=\"position: absolute; left: 777px; top: 73.7756px;\">\n<div class=\"gtx-trans-icon\"><\/div>\n<\/div>","protected":false},"excerpt":{"rendered":"<p>Atstumian\u010dios dr\u0117gm\u0119 tamprios lauko darbo keln\u0117s.\u00a0 Unisex stiliaus \u2013 keln\u0117s tinka tiek vyrams, tiek moterims. Itin patogios.<\/p>","protected":false},"featured_media":5839,"template":"","meta":{"_acf_changed":false},"product_brand":[181],"product_cat":[72,81,112],"product_tag":[],"class_list":{"0":"post-3984","1":"product","2":"type-product","3":"status-publish","4":"has-post-thumbnail","6":"product_brand-promacher","7":"product_cat-darbo-rubai","8":"product_cat-darbo-kelnes","9":"product_cat-darbo-kostiumai","11":"first","12":"instock","13":"taxable","14":"shipping-taxable","15":"purchasable","16":"product-type-variable"},"acf":[],"_links":{"self":[{"href":"https:\/\/darborubai.lt\/en\/wp-json\/wp\/v2\/product\/3984","targetHints":{"allow":["GET"]}}],"collection":[{"href":"https:\/\/darborubai.lt\/en\/wp-json\/wp\/v2\/product"}],"about":[{"href":"https:\/\/darborubai.lt\/en\/wp-json\/wp\/v2\/types\/product"}],"wp:featuredmedia":[{"embeddable":true,"href":"https:\/\/darborubai.lt\/en\/wp-json\/wp\/v2\/media\/5839"}],"wp:attachment":[{"href":"https:\/\/darborubai.lt\/en\/wp-json\/wp\/v2\/media?parent=3984"}],"wp:term":[{"taxonomy":"product_brand","embeddable":true,"href":"https:\/\/darborubai.lt\/en\/wp-json\/wp\/v2\/product_brand?post=3984"},{"taxonomy":"product_cat","embeddable":true,"href":"https:\/\/darborubai.lt\/en\/wp-json\/wp\/v2\/product_cat?post=3984"},{"taxonomy":"product_tag","embeddable":true,"href":"https:\/\/darborubai.lt\/en\/wp-json\/wp\/v2\/product_tag?post=3984"}],"curies":[{"name":"wp","href":"https:\/\/api.w.org\/{rel}","templated":true}]}}