{"id":4116,"date":"2025-07-01T16:52:41","date_gmt":"2025-07-01T16:52:41","guid":{"rendered":"https:\/\/2025.darborubai.lt\/?post_type=product&#038;p=4116"},"modified":"2026-04-10T09:58:33","modified_gmt":"2026-04-10T09:58:33","slug":"workwear-trousers-pesso-mercury-stretch-black","status":"publish","type":"product","link":"https:\/\/darborubai.lt\/en\/product\/workwear\/workwear-trousers-pesso-mercury-stretch-black\/","title":{"rendered":"Workwear Trousers Pesso Mercury Stretch, black"},"content":{"rendered":"<div id=\"pl-6039\" class=\"panel-layout\">\n<div id=\"pg-6039-0\" class=\"panel-grid panel-no-style\" data-style=\"{&quot;gutter&quot;:&quot;150px&quot;,&quot;cell_alignment&quot;:&quot;flex-start&quot;,&quot;vertical_gutter&quot;:&quot;default&quot;,&quot;background_image&quot;:false,&quot;background_image_position&quot;:&quot;center top&quot;,&quot;background_image_style&quot;:&quot;cover&quot;,&quot;row_separator&quot;:&quot;none&quot;}\">\n<div id=\"pgc-6039-0-0\" class=\"panel-grid-cell\" data-weight=\"0.5\">\n<div id=\"panel-6039-0-0-0\" class=\"so-panel widget widget_sow-editor panel-first-child panel-last-child\" data-index=\"0\" data-style=\"{&quot;background_image_attachment&quot;:false,&quot;background_display&quot;:&quot;tile&quot;,&quot;kt_animation_duration&quot;:&quot;default&quot;,&quot;kt_animation_delay&quot;:&quot;default&quot;}\">\n<div class=\"so-widget-sow-editor so-widget-sow-editor-base\">\n<div class=\"siteorigin-widget-tinymce textwidget\">\n<h2>Workwear Trousers Pesso Mercury Stretch, black<\/h2>\n<p>&nbsp;<\/p>\n<p>Latest technology fabrics ensure freedom of movement, comfort, and air circulation.<\/p>\n<p><b>Model:\u00a0<\/b>Latest comfortable design,  that allows full freedom of movement. \u00a0<b><br \/>\nSeams:<\/b>\u00a0all main seams are sewn with a triple folded seam. all pockets are additionally reinforced with a compression seam.<br \/>\n<strong>Knee pads:<\/strong>\u00a0special sutures to reinforce the inserted knee pads\u00a0<strong>Cordura\u00ae fabrics.<br \/>\nReflective details<\/strong>\u00a0at the bottom of the legs of trousers.<br \/>\n<strong>Trouser leg width<\/strong>\u00a0adjustable with press studs.<br \/>\n<strong>Functional pockets:\u00a0<\/strong>Two front pockets, two enlarged back pockets. Inner pocket on the leg with zipper closure. Slots for pens and tools.<\/p>\n<p><strong>ZipcoverTM\u00a0system\u00a0\u2013\u00a0\u00a0<\/strong>designed to attach to PESSO POCKET hanging volume pockets. Ordered separately.<\/p>\n<table style=\"width: 369px;\" width=\"376\">\n<tbody>\n<tr>\n<td style=\"width: 92px;\"><strong><a href=\"https:\/\/new.darborubai.lt\/shop\/aksesuarai\/kisenes\/pakabinama-kisene-irankiams-pesso-d\" target=\"_blank\" rel=\"noopener\">POCKET2R<\/a><\/strong><\/td>\n<td style=\"width: 91px;\"><strong><a href=\"https:\/\/new.darborubai.lt\/shop\/aksesuarai\/kisenes\/pakabinama-kisene-irankiams-pesso-pocket2-kaire\/\" target=\"_blank\" rel=\"noopener\">POCKET2L<\/a><\/strong><\/td>\n<td style=\"width: 92px;\"><strong><a href=\"https:\/\/new.darborubai.lt\/shop\/aksesuarai\/kisenes\/pakabinama-kisene-irankiams-pesso-desine-1\/\" target=\"_blank\" rel=\"noopener\">POCKET1R<\/a><\/strong><\/td>\n<td style=\"width: 94px;\"><strong><a href=\"https:\/\/new.darborubai.lt\/shop\/aksesuarai\/kisenes\/pakabinama-kisene-irankiams-pesso-kaire\/\" target=\"_blank\" rel=\"noopener\">POCKET1L\u00a0<\/a><\/strong><\/td>\n<\/tr>\n<tr>\n<td style=\"width: 92px;\"><img loading=\"lazy\" decoding=\"async\" class=\"alignnone size-full wp-image-1828\" src=\"https:\/\/darborubai.lt\/wp-content\/uploads\/2025\/06\/2POCKET2R.jpg\" alt=\"Pakabinama ki\u0161en\u0117 \u012frankiams Pesso POCKET2 de\u0161in\u0117 | POCKET2R | darborubai.lt\" width=\"1000\" height=\"1000\" srcset=\"https:\/\/darborubai.lt\/wp-content\/uploads\/2025\/06\/2POCKET2R.jpg 1000w, https:\/\/darborubai.lt\/wp-content\/uploads\/2025\/06\/2POCKET2R-300x300.jpg 300w, https:\/\/darborubai.lt\/wp-content\/uploads\/2025\/06\/2POCKET2R-100x100.jpg 100w, https:\/\/darborubai.lt\/wp-content\/uploads\/2025\/06\/2POCKET2R-600x600.jpg 600w, https:\/\/darborubai.lt\/wp-content\/uploads\/2025\/06\/2POCKET2R-64x64.jpg 64w, https:\/\/darborubai.lt\/wp-content\/uploads\/2025\/06\/2POCKET2R-150x150.jpg 150w, https:\/\/darborubai.lt\/wp-content\/uploads\/2025\/06\/2POCKET2R-768x768.jpg 768w, https:\/\/darborubai.lt\/wp-content\/uploads\/2025\/06\/2POCKET2R-12x12.jpg 12w\" sizes=\"auto, (max-width: 1000px) 100vw, 1000px\" \/><\/td>\n<td style=\"width: 91px;\"><img loading=\"lazy\" decoding=\"async\" class=\"alignnone size-full wp-image-1833\" src=\"https:\/\/darborubai.lt\/wp-content\/uploads\/2025\/06\/2Pocket2L.jpg\" alt=\"Pakabinama ki\u0161en\u0117 \u012frankiams Pesso POCKET2 kair\u0117 | Pocket2L | darborubai.lt\" width=\"1000\" height=\"1000\" srcset=\"https:\/\/darborubai.lt\/wp-content\/uploads\/2025\/06\/2Pocket2L.jpg 1000w, https:\/\/darborubai.lt\/wp-content\/uploads\/2025\/06\/2Pocket2L-300x300.jpg 300w, https:\/\/darborubai.lt\/wp-content\/uploads\/2025\/06\/2Pocket2L-100x100.jpg 100w, https:\/\/darborubai.lt\/wp-content\/uploads\/2025\/06\/2Pocket2L-600x600.jpg 600w, https:\/\/darborubai.lt\/wp-content\/uploads\/2025\/06\/2Pocket2L-64x64.jpg 64w, https:\/\/darborubai.lt\/wp-content\/uploads\/2025\/06\/2Pocket2L-150x150.jpg 150w, https:\/\/darborubai.lt\/wp-content\/uploads\/2025\/06\/2Pocket2L-768x768.jpg 768w, https:\/\/darborubai.lt\/wp-content\/uploads\/2025\/06\/2Pocket2L-12x12.jpg 12w\" sizes=\"auto, (max-width: 1000px) 100vw, 1000px\" \/><\/td>\n<td style=\"width: 92px;\"><img loading=\"lazy\" decoding=\"async\" class=\"alignnone size-full wp-image-1819\" src=\"https:\/\/darborubai.lt\/wp-content\/uploads\/2025\/06\/2POCKET1R.jpg\" alt=\"\" width=\"1000\" height=\"1000\" srcset=\"https:\/\/darborubai.lt\/wp-content\/uploads\/2025\/06\/2POCKET1R.jpg 1000w, https:\/\/darborubai.lt\/wp-content\/uploads\/2025\/06\/2POCKET1R-300x300.jpg 300w, https:\/\/darborubai.lt\/wp-content\/uploads\/2025\/06\/2POCKET1R-100x100.jpg 100w, https:\/\/darborubai.lt\/wp-content\/uploads\/2025\/06\/2POCKET1R-600x600.jpg 600w, https:\/\/darborubai.lt\/wp-content\/uploads\/2025\/06\/2POCKET1R-64x64.jpg 64w, https:\/\/darborubai.lt\/wp-content\/uploads\/2025\/06\/2POCKET1R-150x150.jpg 150w, https:\/\/darborubai.lt\/wp-content\/uploads\/2025\/06\/2POCKET1R-768x768.jpg 768w, https:\/\/darborubai.lt\/wp-content\/uploads\/2025\/06\/2POCKET1R-12x12.jpg 12w\" sizes=\"auto, (max-width: 1000px) 100vw, 1000px\" \/><\/td>\n<td style=\"width: 94px;\"><img loading=\"lazy\" decoding=\"async\" class=\"alignnone size-full wp-image-1816\" src=\"https:\/\/darborubai.lt\/wp-content\/uploads\/2025\/06\/2POCKET1L.jpg\" alt=\"Pakabinama ki\u0161en\u0117 \u012frankiams Pesso kair\u0117 | POCKET1L | darborubai.lt\" width=\"1000\" height=\"1000\" srcset=\"https:\/\/darborubai.lt\/wp-content\/uploads\/2025\/06\/2POCKET1L.jpg 1000w, https:\/\/darborubai.lt\/wp-content\/uploads\/2025\/06\/2POCKET1L-300x300.jpg 300w, https:\/\/darborubai.lt\/wp-content\/uploads\/2025\/06\/2POCKET1L-100x100.jpg 100w, https:\/\/darborubai.lt\/wp-content\/uploads\/2025\/06\/2POCKET1L-600x600.jpg 600w, https:\/\/darborubai.lt\/wp-content\/uploads\/2025\/06\/2POCKET1L-64x64.jpg 64w, https:\/\/darborubai.lt\/wp-content\/uploads\/2025\/06\/2POCKET1L-150x150.jpg 150w, https:\/\/darborubai.lt\/wp-content\/uploads\/2025\/06\/2POCKET1L-768x768.jpg 768w, https:\/\/darborubai.lt\/wp-content\/uploads\/2025\/06\/2POCKET1L-12x12.jpg 12w\" sizes=\"auto, (max-width: 1000px) 100vw, 1000px\" \/><\/td>\n<\/tr>\n<\/tbody>\n<\/table>\n<p>&nbsp;<\/p>\n<p><strong>Composition:<\/strong>\u00a092% Nylon, 8% Spandex, 100%\u00a0<strong>Cordura\u00ae\u00a0<\/strong>details.<br \/>\n<strong>Color:<\/strong>\u00a0black<br \/>\n<strong>Fabric density:<\/strong>\u00a0260 g\/m<sup>2<\/sup><br \/>\n<strong>Sizes:<\/strong>\u00a044-62<\/p>\n<p><strong>Pesso workwear,<\/strong>\u00a0<strong>shoes and APP<\/strong>\u00a0 Catalogue: pessosafety.eu<\/p>\n<\/div>\n<\/div>\n<\/div>\n<\/div>\n<\/div>\n<\/div>","protected":false},"excerpt":{"rendered":"<p>Highly stretchable nylon\/Spandex fabric 4-WAY STRETCH \u2013 stretches in all four directions for maximum comfort. Nylon fabric with 8% elastane is lightweight and extremely flexible while maintaining tear resistance. The trouser pockets and knee pad areas are reinforced with highly durable Cordura\u00ae fabric.<\/p>\n<p><img loading=\"lazy\" decoding=\"async\" class=\"alignnone size-full wp-image-3171\" src=\"https:\/\/darborubai.lt\/wp-content\/uploads\/2025\/06\/nano_icons_001.1_16.webp\" alt=\"\" width=\"100\" height=\"100\" srcset=\"https:\/\/darborubai.lt\/wp-content\/uploads\/2025\/06\/nano_icons_001.1_16.webp 100w, https:\/\/darborubai.lt\/wp-content\/uploads\/2025\/06\/nano_icons_001.1_16-64x64.webp 64w, https:\/\/darborubai.lt\/wp-content\/uploads\/2025\/06\/nano_icons_001.1_16-12x12.webp 12w\" sizes=\"auto, (max-width: 100px) 100vw, 100px\" \/><img loading=\"lazy\" decoding=\"async\" class=\"alignnone size-full wp-image-1849\" src=\"https:\/\/darborubai.lt\/wp-content\/uploads\/2025\/06\/nano_icons_001.1_04.png\" alt=\"\" width=\"100\" height=\"100\" srcset=\"https:\/\/darborubai.lt\/wp-content\/uploads\/2025\/06\/nano_icons_001.1_04.png 100w, https:\/\/darborubai.lt\/wp-content\/uploads\/2025\/06\/nano_icons_001.1_04-64x64.png 64w, https:\/\/darborubai.lt\/wp-content\/uploads\/2025\/06\/nano_icons_001.1_04-12x12.png 12w\" sizes=\"auto, (max-width: 100px) 100vw, 100px\" \/> <img loading=\"lazy\" decoding=\"async\" class=\"alignnone size-full wp-image-1962\" src=\"https:\/\/darborubai.lt\/wp-content\/uploads\/2025\/06\/nano-4way-strech.png\" alt=\"\" width=\"100\" height=\"100\" srcset=\"https:\/\/darborubai.lt\/wp-content\/uploads\/2025\/06\/nano-4way-strech.png 100w, https:\/\/darborubai.lt\/wp-content\/uploads\/2025\/06\/nano-4way-strech-64x64.png 64w, https:\/\/darborubai.lt\/wp-content\/uploads\/2025\/06\/nano-4way-strech-12x12.png 12w\" sizes=\"auto, (max-width: 100px) 100vw, 100px\" \/> <img loading=\"lazy\" decoding=\"async\" class=\"alignnone size-full wp-image-3278\" src=\"https:\/\/darborubai.lt\/wp-content\/uploads\/2025\/06\/nano_icons_001.1_15.png\" alt=\"\" width=\"100\" height=\"100\" srcset=\"https:\/\/darborubai.lt\/wp-content\/uploads\/2025\/06\/nano_icons_001.1_15.png 100w, https:\/\/darborubai.lt\/wp-content\/uploads\/2025\/06\/nano_icons_001.1_15-64x64.png 64w, https:\/\/darborubai.lt\/wp-content\/uploads\/2025\/06\/nano_icons_001.1_15-12x12.png 12w, https:\/\/darborubai.lt\/wp-content\/uploads\/2025\/06\/nano_icons_001.1_15-50x50.png 50w\" sizes=\"auto, (max-width: 100px) 100vw, 100px\" \/><\/p>","protected":false},"featured_media":6459,"template":"","meta":{"_acf_changed":false},"product_brand":[161],"product_cat":[72,81,112],"product_tag":[],"class_list":{"0":"post-4116","1":"product","2":"type-product","3":"status-publish","4":"has-post-thumbnail","6":"product_brand-pesso","7":"product_cat-darbo-rubai","8":"product_cat-darbo-kelnes","9":"product_cat-darbo-kostiumai","11":"first","12":"instock","13":"taxable","14":"shipping-taxable","15":"purchasable","16":"product-type-variable"},"acf":[],"_links":{"self":[{"href":"https:\/\/darborubai.lt\/en\/wp-json\/wp\/v2\/product\/4116","targetHints":{"allow":["GET"]}}],"collection":[{"href":"https:\/\/darborubai.lt\/en\/wp-json\/wp\/v2\/product"}],"about":[{"href":"https:\/\/darborubai.lt\/en\/wp-json\/wp\/v2\/types\/product"}],"wp:featuredmedia":[{"embeddable":true,"href":"https:\/\/darborubai.lt\/en\/wp-json\/wp\/v2\/media\/6459"}],"wp:attachment":[{"href":"https:\/\/darborubai.lt\/en\/wp-json\/wp\/v2\/media?parent=4116"}],"wp:term":[{"taxonomy":"product_brand","embeddable":true,"href":"https:\/\/darborubai.lt\/en\/wp-json\/wp\/v2\/product_brand?post=4116"},{"taxonomy":"product_cat","embeddable":true,"href":"https:\/\/darborubai.lt\/en\/wp-json\/wp\/v2\/product_cat?post=4116"},{"taxonomy":"product_tag","embeddable":true,"href":"https:\/\/darborubai.lt\/en\/wp-json\/wp\/v2\/product_tag?post=4116"}],"curies":[{"name":"wp","href":"https:\/\/api.w.org\/{rel}","templated":true}]}}