{"id":4253,"date":"2025-07-02T10:43:47","date_gmt":"2025-07-02T10:43:47","guid":{"rendered":"https:\/\/2025.darborubai.lt\/?post_type=product&#038;p=4253"},"modified":"2026-05-01T03:11:38","modified_gmt":"2026-05-01T03:11:38","slug":"work-pants-pesso-twill-stretch","status":"publish","type":"product","link":"https:\/\/darborubai.lt\/en\/product\/workwear\/work-pants-pesso-twill-stretch\/","title":{"rendered":"Workwear Trousers Pesso Twill Stretch, grey"},"content":{"rendered":"<div id=\"pl-6039\" class=\"panel-layout\">\n<div id=\"pg-6039-0\" class=\"panel-grid panel-no-style\" data-style=\"{&quot;gutter&quot;:&quot;150px&quot;,&quot;cell_alignment&quot;:&quot;flex-start&quot;,&quot;vertical_gutter&quot;:&quot;default&quot;,&quot;background_image&quot;:false,&quot;background_image_position&quot;:&quot;center top&quot;,&quot;background_image_style&quot;:&quot;cover&quot;,&quot;row_separator&quot;:&quot;none&quot;}\">\n<div id=\"pgc-6039-0-0\" class=\"panel-grid-cell\" data-weight=\"0.5\">\n<div id=\"panel-6039-0-0-0\" class=\"so-panel widget widget_sow-editor panel-first-child panel-last-child\" data-index=\"0\" data-style=\"{&quot;background_image_attachment&quot;:false,&quot;background_display&quot;:&quot;tile&quot;,&quot;kt_animation_duration&quot;:&quot;default&quot;,&quot;kt_animation_delay&quot;:&quot;default&quot;}\">\n<div class=\"so-widget-sow-editor so-widget-sow-editor-base\">\n<div class=\"siteorigin-widget-tinymce textwidget\">\n<h2>Workwear Trousers Pesso Twill Stretch, grey<\/h2>\n<p>Fabrics made with the latest technology ensure freedom of movement, comfort, and air circulation.<\/p>\n<p><b>Model:\u00a0<\/b>Latest comfortable design,  that allows full freedom of movement. \u00a0<b><br \/>\nSeams:<\/b>\u00a0all main seams are topstitched with triple-fold stitching. All pockets are additionally reinforced with dense stitching.<br \/>\n<strong>Functional pockets:\u00a0<\/strong>Four front pockets, two expanded back pockets. Inner pocket on the leg with zipper closure. Slots for pens and tools.<br \/>\n<strong>ZipcoverTM\u00a0system\u00a0\u2013\u00a0\u00a0<\/strong>Designed to attach PESSO POCKET hanging volume pockets.<br \/>\nOrdering separately.<\/p>\n<table style=\"width: 369px;\" width=\"376\">\n<tbody>\n<tr>\n<td style=\"width: 92px;\"><strong><a href=\"https:\/\/new.darborubai.lt\/shop\/aksesuarai\/kisenes\/pakabinama-kisene-irankiams-pesso-d\" target=\"_blank\" rel=\"noopener\">POCKET2R<\/a><\/strong><\/td>\n<td style=\"width: 91px;\"><strong><a href=\"https:\/\/new.darborubai.lt\/shop\/aksesuarai\/kisenes\/pakabinama-kisene-irankiams-pesso-pocket2-kaire\/\" target=\"_blank\" rel=\"noopener\">POCKET2L<\/a><\/strong><\/td>\n<td style=\"width: 92px;\"><strong><a href=\"https:\/\/new.darborubai.lt\/shop\/aksesuarai\/kisenes\/pakabinama-kisene-irankiams-pesso-desine-1\/\" target=\"_blank\" rel=\"noopener\">POCKET1R<\/a><\/strong><\/td>\n<td style=\"width: 94px;\"><strong><a href=\"https:\/\/new.darborubai.lt\/shop\/aksesuarai\/kisenes\/pakabinama-kisene-irankiams-pesso-kaire\/\" target=\"_blank\" rel=\"noopener\">POCKET1L\u00a0<\/a><\/strong><\/td>\n<\/tr>\n<tr>\n<td style=\"width: 92px;\"><img loading=\"lazy\" decoding=\"async\" class=\"alignnone size-full wp-image-1828\" src=\"https:\/\/darborubai.lt\/wp-content\/uploads\/2025\/06\/2POCKET2R.jpg\" alt=\"Pakabinama ki\u0161en\u0117 \u012frankiams Pesso POCKET2 de\u0161in\u0117 | POCKET2R | darborubai.lt\" width=\"1000\" height=\"1000\" srcset=\"https:\/\/darborubai.lt\/wp-content\/uploads\/2025\/06\/2POCKET2R.jpg 1000w, https:\/\/darborubai.lt\/wp-content\/uploads\/2025\/06\/2POCKET2R-300x300.jpg 300w, https:\/\/darborubai.lt\/wp-content\/uploads\/2025\/06\/2POCKET2R-100x100.jpg 100w, https:\/\/darborubai.lt\/wp-content\/uploads\/2025\/06\/2POCKET2R-600x600.jpg 600w, https:\/\/darborubai.lt\/wp-content\/uploads\/2025\/06\/2POCKET2R-64x64.jpg 64w, https:\/\/darborubai.lt\/wp-content\/uploads\/2025\/06\/2POCKET2R-150x150.jpg 150w, https:\/\/darborubai.lt\/wp-content\/uploads\/2025\/06\/2POCKET2R-768x768.jpg 768w, https:\/\/darborubai.lt\/wp-content\/uploads\/2025\/06\/2POCKET2R-12x12.jpg 12w\" sizes=\"auto, (max-width: 1000px) 100vw, 1000px\" \/><\/td>\n<td style=\"width: 91px;\"><img loading=\"lazy\" decoding=\"async\" class=\"alignnone size-full wp-image-1833\" src=\"https:\/\/darborubai.lt\/wp-content\/uploads\/2025\/06\/2Pocket2L.jpg\" alt=\"Pakabinama ki\u0161en\u0117 \u012frankiams Pesso POCKET2 kair\u0117 | Pocket2L | darborubai.lt\" width=\"1000\" height=\"1000\" srcset=\"https:\/\/darborubai.lt\/wp-content\/uploads\/2025\/06\/2Pocket2L.jpg 1000w, https:\/\/darborubai.lt\/wp-content\/uploads\/2025\/06\/2Pocket2L-300x300.jpg 300w, https:\/\/darborubai.lt\/wp-content\/uploads\/2025\/06\/2Pocket2L-100x100.jpg 100w, https:\/\/darborubai.lt\/wp-content\/uploads\/2025\/06\/2Pocket2L-600x600.jpg 600w, https:\/\/darborubai.lt\/wp-content\/uploads\/2025\/06\/2Pocket2L-64x64.jpg 64w, https:\/\/darborubai.lt\/wp-content\/uploads\/2025\/06\/2Pocket2L-150x150.jpg 150w, https:\/\/darborubai.lt\/wp-content\/uploads\/2025\/06\/2Pocket2L-768x768.jpg 768w, https:\/\/darborubai.lt\/wp-content\/uploads\/2025\/06\/2Pocket2L-12x12.jpg 12w\" sizes=\"auto, (max-width: 1000px) 100vw, 1000px\" \/><\/td>\n<td style=\"width: 92px;\"><img loading=\"lazy\" decoding=\"async\" class=\"alignnone size-full wp-image-1819\" src=\"https:\/\/darborubai.lt\/wp-content\/uploads\/2025\/06\/2POCKET1R.jpg\" alt=\"\" width=\"1000\" height=\"1000\" srcset=\"https:\/\/darborubai.lt\/wp-content\/uploads\/2025\/06\/2POCKET1R.jpg 1000w, https:\/\/darborubai.lt\/wp-content\/uploads\/2025\/06\/2POCKET1R-300x300.jpg 300w, https:\/\/darborubai.lt\/wp-content\/uploads\/2025\/06\/2POCKET1R-100x100.jpg 100w, https:\/\/darborubai.lt\/wp-content\/uploads\/2025\/06\/2POCKET1R-600x600.jpg 600w, https:\/\/darborubai.lt\/wp-content\/uploads\/2025\/06\/2POCKET1R-64x64.jpg 64w, https:\/\/darborubai.lt\/wp-content\/uploads\/2025\/06\/2POCKET1R-150x150.jpg 150w, https:\/\/darborubai.lt\/wp-content\/uploads\/2025\/06\/2POCKET1R-768x768.jpg 768w, https:\/\/darborubai.lt\/wp-content\/uploads\/2025\/06\/2POCKET1R-12x12.jpg 12w\" sizes=\"auto, (max-width: 1000px) 100vw, 1000px\" \/><\/td>\n<td style=\"width: 94px;\"><img loading=\"lazy\" decoding=\"async\" class=\"alignnone size-full wp-image-1816\" src=\"https:\/\/darborubai.lt\/wp-content\/uploads\/2025\/06\/2POCKET1L.jpg\" alt=\"Pakabinama ki\u0161en\u0117 \u012frankiams Pesso kair\u0117 | POCKET1L | darborubai.lt\" width=\"1000\" height=\"1000\" srcset=\"https:\/\/darborubai.lt\/wp-content\/uploads\/2025\/06\/2POCKET1L.jpg 1000w, https:\/\/darborubai.lt\/wp-content\/uploads\/2025\/06\/2POCKET1L-300x300.jpg 300w, https:\/\/darborubai.lt\/wp-content\/uploads\/2025\/06\/2POCKET1L-100x100.jpg 100w, https:\/\/darborubai.lt\/wp-content\/uploads\/2025\/06\/2POCKET1L-600x600.jpg 600w, https:\/\/darborubai.lt\/wp-content\/uploads\/2025\/06\/2POCKET1L-64x64.jpg 64w, https:\/\/darborubai.lt\/wp-content\/uploads\/2025\/06\/2POCKET1L-150x150.jpg 150w, https:\/\/darborubai.lt\/wp-content\/uploads\/2025\/06\/2POCKET1L-768x768.jpg 768w, https:\/\/darborubai.lt\/wp-content\/uploads\/2025\/06\/2POCKET1L-12x12.jpg 12w\" sizes=\"auto, (max-width: 1000px) 100vw, 1000px\" \/><\/td>\n<\/tr>\n<\/tbody>\n<\/table>\n<p>&nbsp;<\/p>\n<p><strong>Knee pads:<\/strong>\u00a0special compartments for insertable knee pads.<\/p>\n<p><strong>Composition:<\/strong>\u00a098% cotton, 2% elastane TWILL STRETCH<br \/>\n<strong>Color:<\/strong>\u00a0grey<br \/>\n<strong>Fabric density:<\/strong>\u00a0260 g\/m2<br \/>\n<strong>Sizes:<\/strong>\u00a046-62<\/p>\n<p><strong>PESSO STRECH<\/strong>\u00a0The collection includes: jacket, bibpants overalls, trousers, and shorts.<\/p>\n<p><strong>RIP STOP fabric\u00a0<\/strong>woven with a special structure that makes it significantly more tear-resistant. Thick, strong reinforcing threads are woven at regular intervals (6 mm) to form a grid. The thin and lightweight ripstop fabric has a three-dimensional structure, as the thicker threads are woven into a thinner base fabric, making it extremely strong and preventing small tears from spreading. The fabric is commonly used for yacht sails, hot air balloons, parachutes, and outdoor equipment. It is exceptionally durable thanks to the use of the latest three-way yarn weaving technology.<\/p>\n<p><strong>Pesso workwear,<\/strong>\u00a0<strong>shoes and APP<\/strong>\u00a0 Catalogue: pessosafety.eu<\/p>\n<\/div>\n<\/div>\n<\/div>\n<\/div>\n<\/div>\n<\/div>","protected":false},"excerpt":{"rendered":"<p>Fabric with elastane. Cotton twill fabric with 2% minimal elastane is lightweight and highly stretchable, while maintaining tear resistance. Pants pockets and knee areas are made of highly durable RIP STOP fabric.<\/p>\n<p><img loading=\"lazy\" decoding=\"async\" class=\"alignnone size-full wp-image-3278\" src=\"https:\/\/darborubai.lt\/wp-content\/uploads\/2025\/06\/nano_icons_001.1_15.png\" alt=\"\" width=\"100\" height=\"100\" srcset=\"https:\/\/darborubai.lt\/wp-content\/uploads\/2025\/06\/nano_icons_001.1_15.png 100w, https:\/\/darborubai.lt\/wp-content\/uploads\/2025\/06\/nano_icons_001.1_15-64x64.png 64w, https:\/\/darborubai.lt\/wp-content\/uploads\/2025\/06\/nano_icons_001.1_15-12x12.png 12w, https:\/\/darborubai.lt\/wp-content\/uploads\/2025\/06\/nano_icons_001.1_15-50x50.png 50w\" sizes=\"auto, (max-width: 100px) 100vw, 100px\" \/> <img loading=\"lazy\" decoding=\"async\" class=\"alignnone size-full wp-image-2903\" src=\"https:\/\/darborubai.lt\/wp-content\/uploads\/2025\/06\/nano_icons_001.1_14.png\" alt=\"\" width=\"100\" height=\"100\" srcset=\"https:\/\/darborubai.lt\/wp-content\/uploads\/2025\/06\/nano_icons_001.1_14.png 100w, https:\/\/darborubai.lt\/wp-content\/uploads\/2025\/06\/nano_icons_001.1_14-64x64.png 64w, https:\/\/darborubai.lt\/wp-content\/uploads\/2025\/06\/nano_icons_001.1_14-12x12.png 12w\" sizes=\"auto, (max-width: 100px) 100vw, 100px\" \/> <img loading=\"lazy\" decoding=\"async\" class=\"alignnone size-full wp-image-1849\" src=\"https:\/\/darborubai.lt\/wp-content\/uploads\/2025\/06\/nano_icons_001.1_04.png\" alt=\"\" width=\"100\" height=\"100\" srcset=\"https:\/\/darborubai.lt\/wp-content\/uploads\/2025\/06\/nano_icons_001.1_04.png 100w, https:\/\/darborubai.lt\/wp-content\/uploads\/2025\/06\/nano_icons_001.1_04-64x64.png 64w, https:\/\/darborubai.lt\/wp-content\/uploads\/2025\/06\/nano_icons_001.1_04-12x12.png 12w\" sizes=\"auto, (max-width: 100px) 100vw, 100px\" \/> <img loading=\"lazy\" decoding=\"async\" class=\"alignnone size-full wp-image-3783\" src=\"https:\/\/darborubai.lt\/wp-content\/uploads\/2025\/07\/nano_icons_001.1_08.png\" alt=\"\" width=\"100\" height=\"100\" srcset=\"https:\/\/darborubai.lt\/wp-content\/uploads\/2025\/07\/nano_icons_001.1_08.png 100w, https:\/\/darborubai.lt\/wp-content\/uploads\/2025\/07\/nano_icons_001.1_08-64x64.png 64w, https:\/\/darborubai.lt\/wp-content\/uploads\/2025\/07\/nano_icons_001.1_08-12x12.png 12w, https:\/\/darborubai.lt\/wp-content\/uploads\/2025\/07\/nano_icons_001.1_08-50x50.png 50w\" sizes=\"auto, (max-width: 100px) 100vw, 100px\" \/><\/p>","protected":false},"featured_media":6645,"template":"","meta":{"_acf_changed":false},"product_brand":[161],"product_cat":[72,81,112],"product_tag":[],"class_list":{"0":"post-4253","1":"product","2":"type-product","3":"status-publish","4":"has-post-thumbnail","6":"product_brand-pesso","7":"product_cat-darbo-rubai","8":"product_cat-darbo-kelnes","9":"product_cat-darbo-kostiumai","11":"first","12":"instock","13":"taxable","14":"shipping-taxable","15":"purchasable","16":"product-type-variable"},"acf":[],"_links":{"self":[{"href":"https:\/\/darborubai.lt\/en\/wp-json\/wp\/v2\/product\/4253","targetHints":{"allow":["GET"]}}],"collection":[{"href":"https:\/\/darborubai.lt\/en\/wp-json\/wp\/v2\/product"}],"about":[{"href":"https:\/\/darborubai.lt\/en\/wp-json\/wp\/v2\/types\/product"}],"wp:featuredmedia":[{"embeddable":true,"href":"https:\/\/darborubai.lt\/en\/wp-json\/wp\/v2\/media\/6645"}],"wp:attachment":[{"href":"https:\/\/darborubai.lt\/en\/wp-json\/wp\/v2\/media?parent=4253"}],"wp:term":[{"taxonomy":"product_brand","embeddable":true,"href":"https:\/\/darborubai.lt\/en\/wp-json\/wp\/v2\/product_brand?post=4253"},{"taxonomy":"product_cat","embeddable":true,"href":"https:\/\/darborubai.lt\/en\/wp-json\/wp\/v2\/product_cat?post=4253"},{"taxonomy":"product_tag","embeddable":true,"href":"https:\/\/darborubai.lt\/en\/wp-json\/wp\/v2\/product_tag?post=4253"}],"curies":[{"name":"wp","href":"https:\/\/api.w.org\/{rel}","templated":true}]}}