{"id":4508,"date":"2025-07-04T12:02:55","date_gmt":"2025-07-04T12:02:55","guid":{"rendered":"https:\/\/2025.darborubai.lt\/?post_type=product&#038;p=4508"},"modified":"2026-04-10T03:15:44","modified_gmt":"2026-04-10T03:15:44","slug":"shorts-l-brador-1495pb-omnio","status":"publish","type":"product","link":"https:\/\/darborubai.lt\/en\/product\/workwear\/shorts-l-brador-1495pb-omnio\/","title":{"rendered":"Work shorts L.Brador 1495PB OMNIO"},"content":{"rendered":"<h2>Work shorts L.Brador 1495PB OMNIO<\/h2>\n<p>&nbsp;<\/p>\n<p>Darbo \u0161ortai pasi\u016btos i\u0161 ypa\u010d stipraus CANVAS 65% poliesterio, 35% medviln\u0117s audinio.\u00a0<span lang=\"en-us\" xml:lang=\"en-us\"><em>Stretch<\/em>\u00a0<\/span>tamprus audinys, garantuojantis judesi\u0173 laisv\u0119, komfort\u0105 ir oro cirkuliacij\u0105<\/p>\n<p><b>Seams:<\/b>\u00a0all main seams are sewn with a triple folded seam. all pockets are additionally reinforced with a compression seam.<br \/>\nDetachable\u00a0<strong><b>Cordura<span lang=\"en-us\" xml:lang=\"en-us\">\u00ae<\/span><\/b><span lang=\"en-us\" xml:lang=\"en-us\">\u00a0volumetric fabric pockets.<\/span><\/strong><\/p>\n<p>Ki\u0161en\u0117s ir laikikliai: dvi pakabinamos ki\u0161en\u0117s ir dvi priekin\u0117s ki\u0161en\u0117s. Galin\u0117s ki\u0161en\u0117s plaktuko kilpa.\u00a0 Ki\u0161en\u0117 kojoms su u\u017etrauktuku ir mobiliojo telefono ki\u0161en\u0117. Itin plati kilpa nugaroje.<\/p>\n<p><strong>Composition:\u00a0<\/strong>\u00a065% polyester, 35% cotton<br \/>\n<strong>Tankis<\/strong>\u00a0270 g\/m2.<\/p>\n<p><strong>Sizes:<\/strong>\u00a044-60<\/p>","protected":false},"excerpt":{"rendered":"<p>Darbo \u0161ortai pasi\u016btos i\u0161 ypa\u010d stipraus CANVAS 65% poliesterio, 35% medviln\u0117s audinio.\u00a0<span lang=\"en-us\" xml:lang=\"en-us\"><em>Stretch<\/em>\u00a0<\/span>tamprus audinys, garantuojantis judesi\u0173 laisv\u0119, komfort\u0105 ir oro cirkuliacij\u0105<\/p>","protected":false},"featured_media":6788,"template":"","meta":{"_acf_changed":false},"product_brand":[167],"product_cat":[72,127,112],"product_tag":[],"class_list":{"0":"post-4508","1":"product","2":"type-product","3":"status-publish","4":"has-post-thumbnail","6":"product_brand-l-brador","7":"product_cat-darbo-rubai","8":"product_cat-darbo-bridzai-ir-sortai","9":"product_cat-darbo-kostiumai","11":"first","12":"instock","13":"taxable","14":"shipping-taxable","15":"purchasable","16":"product-type-variable"},"acf":[],"_links":{"self":[{"href":"https:\/\/darborubai.lt\/en\/wp-json\/wp\/v2\/product\/4508","targetHints":{"allow":["GET"]}}],"collection":[{"href":"https:\/\/darborubai.lt\/en\/wp-json\/wp\/v2\/product"}],"about":[{"href":"https:\/\/darborubai.lt\/en\/wp-json\/wp\/v2\/types\/product"}],"wp:featuredmedia":[{"embeddable":true,"href":"https:\/\/darborubai.lt\/en\/wp-json\/wp\/v2\/media\/6788"}],"wp:attachment":[{"href":"https:\/\/darborubai.lt\/en\/wp-json\/wp\/v2\/media?parent=4508"}],"wp:term":[{"taxonomy":"product_brand","embeddable":true,"href":"https:\/\/darborubai.lt\/en\/wp-json\/wp\/v2\/product_brand?post=4508"},{"taxonomy":"product_cat","embeddable":true,"href":"https:\/\/darborubai.lt\/en\/wp-json\/wp\/v2\/product_cat?post=4508"},{"taxonomy":"product_tag","embeddable":true,"href":"https:\/\/darborubai.lt\/en\/wp-json\/wp\/v2\/product_tag?post=4508"}],"curies":[{"name":"wp","href":"https:\/\/api.w.org\/{rel}","templated":true}]}}