{"id":4608,"date":"2025-07-04T13:28:51","date_gmt":"2025-07-04T13:28:51","guid":{"rendered":"https:\/\/2025.darborubai.lt\/?post_type=product&#038;p=4608"},"modified":"2026-04-10T07:14:29","modified_gmt":"2026-04-10T07:14:29","slug":"workwear-jacket-pesso-canvas-dsrd-cvc-twill-brown","status":"publish","type":"product","link":"https:\/\/darborubai.lt\/en\/product\/workwear\/workwear-jacket-pesso-canvas-dsrd-cvc-twill-brown\/","title":{"rendered":"Workwear Jacket Pesso Twill, brown"},"content":{"rendered":"<div id=\"pl-6102\" class=\"panel-layout\">\n<div id=\"pl-6221\" class=\"panel-layout\">\n<div id=\"pg-6221-0\" class=\"panel-grid panel-no-style\" data-style=\"{\">\n<div id=\"pgc-6221-0-0\" class=\"panel-grid-cell\" data-weight=\"0.5\">\n<div id=\"panel-6221-0-0-0\" class=\"so-panel widget widget_sow-editor panel-first-child panel-last-child\" data-index=\"0\" data-style=\"{\">\n<div class=\"so-widget-sow-editor so-widget-sow-editor-base\">\n<h2 class=\"siteorigin-widget-tinymce textwidget\">Workwear Jacket Pesso Twill, brown<\/h2>\n<p>&nbsp;<\/p>\n<\/div>\n<\/div>\n<\/div>\n<\/div>\n<\/div>\n<p><strong>TWILL fabric:\u00a0<\/strong>extremely flexible, very dense double-knit fabric: inner layer made of cotton and polyester for durability. Its uneven outer weave helps conceal dirt. Denim is also a Twill fabric.<\/p>\n<p><strong>Features:<\/strong> \u00b7<br \/>\n\u00b7 Triple-stitched for extra durability.<br \/>\n- functional pockets: special pocket for a phone, two chest pockets, dedicated slots for pens, side pockets.<br \/>\n\u00b7 comfortable design that does not restrict freedom of movement.<br \/>\n\u00b7 jacket width at the bottom adjustable snap buttons.<\/p>\n<p><strong>Fabric properties:\u00a0<\/strong>\u00a0elastingas dvigubo drobinio pynimo Twill audinys nesitraukia ir yra itin atsparus d\u0117v\u0117jimuisi. Med\u017eiaga, kurioje yra suvienytas medviln\u0117s patogumas bei poliesterio tvirtumas, atsparumas ir geros skalbimo savyb\u0117s.<\/p>\n<p><strong>Composition:<\/strong>\u00a060% cotton, 40% polyester<br \/>\n<strong>Sizes:<\/strong>\u00a0XS-XXXL<br \/>\n<strong>Color:<\/strong>\u00a0Mountain Brown \/ Black<br \/>\n<strong>Fabric density:<\/strong>\u00a0320 g\/m<sup>2<\/sup><\/p>\n<\/div>","protected":false},"excerpt":{"rendered":"<p>Workwear Jacket Pesso an exceptionally strong TWILL fabric.<\/p>\n<p><img loading=\"lazy\" decoding=\"async\" class=\"alignnone size-full wp-image-1849\" src=\"https:\/\/darborubai.lt\/wp-content\/uploads\/2025\/06\/nano_icons_001.1_04.png\" alt=\"\" width=\"100\" height=\"100\" srcset=\"https:\/\/darborubai.lt\/wp-content\/uploads\/2025\/06\/nano_icons_001.1_04.png 100w, https:\/\/darborubai.lt\/wp-content\/uploads\/2025\/06\/nano_icons_001.1_04-64x64.png 64w, https:\/\/darborubai.lt\/wp-content\/uploads\/2025\/06\/nano_icons_001.1_04-12x12.png 12w\" sizes=\"auto, (max-width: 100px) 100vw, 100px\" \/><\/p>\n<p>&nbsp;<\/p>","protected":false},"featured_media":6340,"template":"","meta":{"_acf_changed":false},"product_brand":[161],"product_cat":[72,112,124],"product_tag":[],"class_list":{"0":"post-4608","1":"product","2":"type-product","3":"status-publish","4":"has-post-thumbnail","6":"product_brand-pesso","7":"product_cat-darbo-rubai","8":"product_cat-darbo-kostiumai","9":"product_cat-darbo-svarkai","10":"pa_dydis-s-xl-xs","11":"pa_dydis-s-xl-s","12":"pa_dydis-s-xl-m","13":"pa_dydis-s-xl-l","14":"pa_dydis-s-xl-xl","15":"pa_dydis-s-xl-2xl","16":"pa_dydis-s-xl-3xl","17":"pa_dydis-s-xl-4xl","19":"first","20":"instock","21":"taxable","22":"shipping-taxable","23":"purchasable","24":"product-type-variable"},"acf":[],"_links":{"self":[{"href":"https:\/\/darborubai.lt\/en\/wp-json\/wp\/v2\/product\/4608","targetHints":{"allow":["GET"]}}],"collection":[{"href":"https:\/\/darborubai.lt\/en\/wp-json\/wp\/v2\/product"}],"about":[{"href":"https:\/\/darborubai.lt\/en\/wp-json\/wp\/v2\/types\/product"}],"wp:featuredmedia":[{"embeddable":true,"href":"https:\/\/darborubai.lt\/en\/wp-json\/wp\/v2\/media\/6340"}],"wp:attachment":[{"href":"https:\/\/darborubai.lt\/en\/wp-json\/wp\/v2\/media?parent=4608"}],"wp:term":[{"taxonomy":"product_brand","embeddable":true,"href":"https:\/\/darborubai.lt\/en\/wp-json\/wp\/v2\/product_brand?post=4608"},{"taxonomy":"product_cat","embeddable":true,"href":"https:\/\/darborubai.lt\/en\/wp-json\/wp\/v2\/product_cat?post=4608"},{"taxonomy":"product_tag","embeddable":true,"href":"https:\/\/darborubai.lt\/en\/wp-json\/wp\/v2\/product_tag?post=4608"}],"curies":[{"name":"wp","href":"https:\/\/api.w.org\/{rel}","templated":true}]}}