{"id":4651,"date":"2025-07-04T15:37:05","date_gmt":"2025-07-04T15:37:05","guid":{"rendered":"https:\/\/2025.darborubai.lt\/?post_type=product&#038;p=4651"},"modified":"2026-04-11T03:34:52","modified_gmt":"2026-04-11T03:34:52","slug":"sweater-pesso-4-way-stretch-725-black","status":"publish","type":"product","link":"https:\/\/darborubai.lt\/en\/product\/workwear\/sweater-pesso-4-way-stretch-725-black\/","title":{"rendered":"Sweater Pesso 4 Way Stretch 725, black"},"content":{"rendered":"<h2>Sweater Pesso 4 Way Stretch 725, black<\/h2>\n<p>&nbsp;<\/p>\n<p>Features and benefits:<\/p>\n<ul>\n<li>Comfortable design, soft and warm.<\/li>\n<li>Attached 2-layer microfleece fabric.<\/li>\n<li>Full-length zipper.<\/li>\n<li>Ribbed hem and cuffs.<\/li>\n<li>Two side pockets with zippers. Chest pocket on the right side with zipper closure.<\/li>\n<\/ul>\n<p><em><strong>Brushed Fleece<\/strong><\/em> interior<\/p>\n<p><strong>Material:<\/strong>\u00a0100% polyester<\/p>\n<p><em><strong>Polar\u00a0<\/strong><strong>Fleece <\/strong><\/em><strong>Weight:<\/strong>\u00a0320 g\/m\u00a0<sup>2<\/sup><\/p>\n<p><strong>Sizes:<\/strong>\u00a0\u00a0 S-4XL<\/p>\n<p><strong>Color:<\/strong> \u00a0 Black<\/p>\n<p>&nbsp;<\/p>\n<p data-start=\"0\" data-end=\"225\"><strong data-start=\"0\" data-end=\"16\">Polar Fleece<\/strong>\u00a0\u2013 tai auk\u0161tos kokyb\u0117s poliesterinis audinys, pasi\u017eymintis i\u0161skirtiniu mink\u0161tumu, \u0161iluma ir ilgaam\u017ei\u0161kumu. D\u0117l savo universalumo jis tinkamas d\u0117v\u0117ti visus metus \u2013 tiek darbui, tiek sportui, tiek laisvalaikiui.<\/p>\n<p data-start=\"227\" data-end=\"467\">\u0160is audinys yra lengvas, ta\u010diau efektyviai sulaiko \u0161ilum\u0105, tod\u0117l u\u017etikrina komfort\u0105 net v\u0117sesniu oru. Poliesterio pluo\u0161tai sukurti taip, kad b\u016bt\u0173 atspar\u016bs d\u0117v\u0117jimuisi: audinys neblunka, nesitraukia, ilgai i\u0161laiko form\u0105 ir estetin\u0119 i\u0161vaizd\u0105.<\/p>\n<p data-start=\"469\" data-end=\"725\">Polar Fleece yra hidrofobinis \u2014 sugeria itin ma\u017eai dr\u0117gm\u0117s (ma\u017eiau nei 1 % savo svorio), tod\u0117l greitai d\u017ei\u016bsta ir i\u0161laiko did\u017ei\u0105j\u0105 dal\u012f \u0161ilumos izoliacijos savybi\u0173 net sudr\u0117k\u0119s. D\u0117l \u0161ios savyb\u0117s jis ypa\u010d vertinamas aktyviai veiklai lauke ir darbo aprangai.<\/p>\n<p data-start=\"727\" data-end=\"951\">Audinys lengvai pri\u017ei\u016brimas: tinkamas skalbti skalbimo ma\u0161inoje, greitai i\u0161d\u017ei\u016bsta ir nereikalauja sud\u0117tingos prie\u017ei\u016bros. Taip pat tai puiki alternatyva vilnai \u017emon\u0117ms, jautriems nat\u016braliems pluo\u0161tams ar alergi\u0161kiems vilnai.<\/p>","protected":false},"excerpt":{"rendered":"<p>A 2-layer Polar fleece jacket with a full zipper and 3 practical zippered pockets. The Pesso wool sweater is an excellent choice as a second layer.<\/p>\n<p><img loading=\"lazy\" decoding=\"async\" class=\"alignnone size-full wp-image-1849\" src=\"https:\/\/darborubai.lt\/wp-content\/uploads\/2025\/06\/nano_icons_001.1_04.png\" alt=\"\" width=\"100\" height=\"100\" srcset=\"https:\/\/darborubai.lt\/wp-content\/uploads\/2025\/06\/nano_icons_001.1_04.png 100w, https:\/\/darborubai.lt\/wp-content\/uploads\/2025\/06\/nano_icons_001.1_04-64x64.png 64w, https:\/\/darborubai.lt\/wp-content\/uploads\/2025\/06\/nano_icons_001.1_04-12x12.png 12w\" sizes=\"auto, (max-width: 100px) 100vw, 100px\" \/> <img loading=\"lazy\" decoding=\"async\" class=\"alignnone size-full wp-image-1848\" src=\"https:\/\/darborubai.lt\/wp-content\/uploads\/2025\/06\/nano_icons_001.1_03.png\" alt=\"\" width=\"100\" height=\"100\" srcset=\"https:\/\/darborubai.lt\/wp-content\/uploads\/2025\/06\/nano_icons_001.1_03.png 100w, https:\/\/darborubai.lt\/wp-content\/uploads\/2025\/06\/nano_icons_001.1_03-64x64.png 64w, https:\/\/darborubai.lt\/wp-content\/uploads\/2025\/06\/nano_icons_001.1_03-12x12.png 12w\" sizes=\"auto, (max-width: 100px) 100vw, 100px\" \/> <img loading=\"lazy\" decoding=\"async\" class=\"alignnone size-full wp-image-1851\" src=\"https:\/\/darborubai.lt\/wp-content\/uploads\/2025\/06\/nano_icons_001.1_06.png\" alt=\"\" width=\"100\" height=\"100\" srcset=\"https:\/\/darborubai.lt\/wp-content\/uploads\/2025\/06\/nano_icons_001.1_06.png 100w, https:\/\/darborubai.lt\/wp-content\/uploads\/2025\/06\/nano_icons_001.1_06-64x64.png 64w, https:\/\/darborubai.lt\/wp-content\/uploads\/2025\/06\/nano_icons_001.1_06-12x12.png 12w\" sizes=\"auto, (max-width: 100px) 100vw, 100px\" \/> <img loading=\"lazy\" decoding=\"async\" class=\"alignnone size-full wp-image-1962\" src=\"https:\/\/darborubai.lt\/wp-content\/uploads\/2025\/06\/nano-4way-strech.png\" alt=\"\" width=\"100\" height=\"100\" srcset=\"https:\/\/darborubai.lt\/wp-content\/uploads\/2025\/06\/nano-4way-strech.png 100w, https:\/\/darborubai.lt\/wp-content\/uploads\/2025\/06\/nano-4way-strech-64x64.png 64w, https:\/\/darborubai.lt\/wp-content\/uploads\/2025\/06\/nano-4way-strech-12x12.png 12w\" sizes=\"auto, (max-width: 100px) 100vw, 100px\" \/><\/p>","protected":false},"featured_media":9637,"template":"","meta":{"_acf_changed":false},"product_brand":[161],"product_cat":[72,113,112,120],"product_tag":[],"class_list":{"0":"post-4651","1":"product","2":"type-product","3":"status-publish","4":"has-post-thumbnail","6":"product_brand-pesso","7":"product_cat-darbo-rubai","8":"product_cat-dzemperiai","9":"product_cat-darbo-kostiumai","10":"product_cat-silti-rubai","11":"pa_dydis-s-xl-xs","12":"pa_dydis-s-xl-s","13":"pa_dydis-s-xl-m","14":"pa_dydis-s-xl-l","15":"pa_dydis-s-xl-xl","16":"pa_dydis-s-xl-2xl","17":"pa_dydis-s-xl-3xl","18":"pa_dydis-s-xl-4xl","20":"first","21":"instock","22":"taxable","23":"shipping-taxable","24":"purchasable","25":"product-type-variable"},"acf":[],"_links":{"self":[{"href":"https:\/\/darborubai.lt\/en\/wp-json\/wp\/v2\/product\/4651","targetHints":{"allow":["GET"]}}],"collection":[{"href":"https:\/\/darborubai.lt\/en\/wp-json\/wp\/v2\/product"}],"about":[{"href":"https:\/\/darborubai.lt\/en\/wp-json\/wp\/v2\/types\/product"}],"wp:featuredmedia":[{"embeddable":true,"href":"https:\/\/darborubai.lt\/en\/wp-json\/wp\/v2\/media\/9637"}],"wp:attachment":[{"href":"https:\/\/darborubai.lt\/en\/wp-json\/wp\/v2\/media?parent=4651"}],"wp:term":[{"taxonomy":"product_brand","embeddable":true,"href":"https:\/\/darborubai.lt\/en\/wp-json\/wp\/v2\/product_brand?post=4651"},{"taxonomy":"product_cat","embeddable":true,"href":"https:\/\/darborubai.lt\/en\/wp-json\/wp\/v2\/product_cat?post=4651"},{"taxonomy":"product_tag","embeddable":true,"href":"https:\/\/darborubai.lt\/en\/wp-json\/wp\/v2\/product_tag?post=4651"}],"curies":[{"name":"wp","href":"https:\/\/api.w.org\/{rel}","templated":true}]}}