{"id":4769,"date":"2025-07-08T10:22:56","date_gmt":"2025-07-08T10:22:56","guid":{"rendered":"https:\/\/2025.darborubai.lt\/?post_type=product&#038;p=4769"},"modified":"2026-04-11T03:35:46","modified_gmt":"2026-04-11T03:35:46","slug":"warm-sweater-fleece-pesso-fmjn-black","status":"publish","type":"product","link":"https:\/\/darborubai.lt\/en\/product\/workwear\/warm-sweater-fleece-pesso-fmjn-black\/","title":{"rendered":"Warm Sweater Fleece Pesso, black"},"content":{"rendered":"<div id=\"pl-6659\" class=\"panel-layout\">\n<div id=\"pg-6659-0\" class=\"panel-grid panel-no-style\" data-style=\"{&quot;gutter&quot;:&quot;150px&quot;,&quot;cell_alignment&quot;:&quot;flex-start&quot;,&quot;vertical_gutter&quot;:&quot;default&quot;,&quot;background_image&quot;:false,&quot;background_image_position&quot;:&quot;center top&quot;,&quot;background_image_style&quot;:&quot;cover&quot;,&quot;row_separator&quot;:&quot;none&quot;}\">\n<div id=\"pgc-6659-0-0\" class=\"panel-grid-cell\" data-weight=\"0.5\">\n<div id=\"panel-6659-0-0-0\" class=\"so-panel widget widget_sow-editor panel-first-child panel-last-child\" data-index=\"0\" data-style=\"{&quot;background_image_attachment&quot;:false,&quot;background_display&quot;:&quot;tile&quot;,&quot;kt_animation_duration&quot;:&quot;default&quot;,&quot;kt_animation_delay&quot;:&quot;default&quot;}\">\n<div class=\"so-widget-sow-editor so-widget-sow-editor-base\">\n<div class=\"siteorigin-widget-tinymce textwidget\">\n<h2><strong>Pesso Fleece FMJN fleece sweater, black<\/strong><strong> \u00a0<\/strong><\/h2>\n<div id=\"pl-13096\" class=\"panel-layout\">\n<div id=\"pg-13096-0\" class=\"panel-grid panel-no-style\">\n<div id=\"pgc-13096-0-0\" class=\"panel-grid-cell\">\n<div id=\"panel-13096-0-0-0\" class=\"so-panel widget widget_sow-editor panel-first-child panel-last-child\" data-index=\"0\">\n<div class=\"so-widget-sow-editor so-widget-sow-editor-base\">\n<div class=\"siteorigin-widget-tinymce textwidget\">\n<div>Patogus dizainas, mink\u0161tas ir \u0161iltas.\u00a0Priklijuotas 2 sluoksni\u0173 mikroflisinis audinys. Per vis\u0105\u00a0<strong>u\u017etrauktuk\u0105<\/strong>\u00a0. Ribuotas apatinis kra\u0161tas ir rankovi\u0173 rankogaliai. Dvi \u0161onin\u0117s\u00a0<strong>ki\u0161en\u0117s<\/strong> su u\u017etrauktukais.\u00a0Kr\u016btin\u0117s ki\u0161en\u0117 de\u0161in\u0117je pus\u0117je u\u017esegama u\u017etrauktuku.<\/div>\n<div><\/div>\n<div><strong>Material:<\/strong>\u00a0100% polyester<br \/>\n<em><strong>Polar\u00a0<\/strong><strong>Fleece <\/strong><\/em><strong>Weight:<\/strong>\u00a0320 g\/m\u00a0<sup>2<\/sup><\/div>\n<div><strong>Sizes:<\/strong>\u00a0\u00a0 S-4XL<\/div>\n<div><strong>Color:<\/strong>\u00a0\u00a0 Black<\/div>\n<div><strong>Pesso FMJN megztinis<\/strong> \u2013 puikus pasirinkimas kaip antrojo sluoksnio drabu\u017eis.<\/div>\n<\/div>\n<\/div>\n<div><\/div>\n<\/div>\n<\/div>\n<div id=\"pgc-13096-0-1\" class=\"panel-grid-cell\">\n<div id=\"panel-13096-0-1-0\" class=\"so-panel widget widget_sow-editor panel-first-child panel-last-child\" data-index=\"1\">\n<div id=\"Productdescription\" class=\"panel-widget-style panel-widget-style-for-13096-0-1-0\">\n<div class=\"so-widget-sow-editor so-widget-sow-editor-base\">\n<div class=\"siteorigin-widget-tinymce textwidget\">\n<p data-start=\"0\" data-end=\"225\"><strong data-start=\"0\" data-end=\"16\">Polar Fleece<\/strong> \u2013 tai auk\u0161tos kokyb\u0117s poliesterinis audinys, pasi\u017eymintis i\u0161skirtiniu mink\u0161tumu, \u0161iluma ir ilgaam\u017ei\u0161kumu. D\u0117l savo universalumo jis tinkamas d\u0117v\u0117ti visus metus \u2013 tiek darbui, tiek sportui, tiek laisvalaikiui.<\/p>\n<p data-start=\"227\" data-end=\"467\">\u0160is audinys yra lengvas, ta\u010diau efektyviai sulaiko \u0161ilum\u0105, tod\u0117l u\u017etikrina komfort\u0105 net v\u0117sesniu oru. Poliesterio pluo\u0161tai sukurti taip, kad b\u016bt\u0173 atspar\u016bs d\u0117v\u0117jimuisi: audinys neblunka, nesitraukia, ilgai i\u0161laiko form\u0105 ir estetin\u0119 i\u0161vaizd\u0105.<\/p>\n<p data-start=\"469\" data-end=\"725\">Polar Fleece yra hidrofobinis \u2014 sugeria itin ma\u017eai dr\u0117gm\u0117s (ma\u017eiau nei 1 % savo svorio), tod\u0117l greitai d\u017ei\u016bsta ir i\u0161laiko did\u017ei\u0105j\u0105 dal\u012f \u0161ilumos izoliacijos savybi\u0173 net sudr\u0117k\u0119s. D\u0117l \u0161ios savyb\u0117s jis ypa\u010d vertinamas aktyviai veiklai lauke ir darbo aprangai.<\/p>\n<p data-start=\"727\" data-end=\"951\">Audinys lengvai pri\u017ei\u016brimas: tinkamas skalbti skalbimo ma\u0161inoje, greitai i\u0161d\u017ei\u016bsta ir nereikalauja sud\u0117tingos prie\u017ei\u016bros. Taip pat tai puiki alternatyva vilnai \u017emon\u0117ms, jautriems nat\u016braliems pluo\u0161tams ar alergi\u0161kiems vilnai.<\/p>\n<\/div>\n<\/div>\n<\/div>\n<\/div>\n<\/div>\n<\/div>\n<\/div>\n<\/div>\n<\/div>\n<\/div>\n<\/div>\n<div id=\"pgc-6659-0-1\" class=\"panel-grid-cell\" data-weight=\"0.5\">\n<div id=\"panel-6659-0-1-0\" class=\"so-panel widget widget_sow-editor panel-first-child panel-last-child\" data-index=\"1\" data-style=\"{&quot;id&quot;:&quot;Product description&quot;,&quot;background_image_attachment&quot;:false,&quot;background_display&quot;:&quot;tile&quot;,&quot;kt_animation_duration&quot;:&quot;default&quot;,&quot;kt_animation_delay&quot;:&quot;default&quot;}\">\n<div id=\"Productdescription\" class=\"panel-widget-style panel-widget-style-for-6659-0-1-0\">\n<div class=\"so-widget-sow-editor so-widget-sow-editor-base\">\n<div class=\"siteorigin-widget-tinymce textwidget\">\n<div><\/div>\n<div>\n<p><strong>Pesso workwear,<\/strong>\u00a0<strong>shoes and APP<\/strong>\u00a0 Catalogue:\u00a0<a href=\"https:\/\/pessosafety.eu\/\" target=\"_blank\" rel=\"noopener\">pessosafety.eu<\/a><\/p>\n<\/div>\n<\/div>\n<\/div>\n<\/div>\n<\/div>\n<\/div>\n<\/div>\n<\/div>","protected":false},"excerpt":{"rendered":"<p>Fleece audinio d\u017eemperis Pesso Fleece FMJ, juodas<\/p>\n<p><img loading=\"lazy\" decoding=\"async\" class=\"alignnone size-full wp-image-1849\" src=\"https:\/\/darborubai.lt\/wp-content\/uploads\/2025\/06\/nano_icons_001.1_04.png\" alt=\"\" width=\"100\" height=\"100\" srcset=\"https:\/\/darborubai.lt\/wp-content\/uploads\/2025\/06\/nano_icons_001.1_04.png 100w, https:\/\/darborubai.lt\/wp-content\/uploads\/2025\/06\/nano_icons_001.1_04-64x64.png 64w, https:\/\/darborubai.lt\/wp-content\/uploads\/2025\/06\/nano_icons_001.1_04-12x12.png 12w\" sizes=\"auto, (max-width: 100px) 100vw, 100px\" \/><img loading=\"lazy\" decoding=\"async\" class=\"alignnone size-full wp-image-1848\" src=\"https:\/\/darborubai.lt\/wp-content\/uploads\/2025\/06\/nano_icons_001.1_03.png\" alt=\"\" width=\"100\" height=\"100\" srcset=\"https:\/\/darborubai.lt\/wp-content\/uploads\/2025\/06\/nano_icons_001.1_03.png 100w, https:\/\/darborubai.lt\/wp-content\/uploads\/2025\/06\/nano_icons_001.1_03-64x64.png 64w, https:\/\/darborubai.lt\/wp-content\/uploads\/2025\/06\/nano_icons_001.1_03-12x12.png 12w\" sizes=\"auto, (max-width: 100px) 100vw, 100px\" \/><img loading=\"lazy\" decoding=\"async\" class=\"alignnone size-full wp-image-1851\" src=\"https:\/\/darborubai.lt\/wp-content\/uploads\/2025\/06\/nano_icons_001.1_06.png\" alt=\"\" width=\"100\" height=\"100\" srcset=\"https:\/\/darborubai.lt\/wp-content\/uploads\/2025\/06\/nano_icons_001.1_06.png 100w, https:\/\/darborubai.lt\/wp-content\/uploads\/2025\/06\/nano_icons_001.1_06-64x64.png 64w, https:\/\/darborubai.lt\/wp-content\/uploads\/2025\/06\/nano_icons_001.1_06-12x12.png 12w\" sizes=\"auto, (max-width: 100px) 100vw, 100px\" \/><\/p>\n<p>&nbsp;<\/p>","protected":false},"featured_media":6831,"template":"","meta":{"_acf_changed":false},"product_brand":[161],"product_cat":[72,113,112,120],"product_tag":[],"class_list":{"0":"post-4769","1":"product","2":"type-product","3":"status-publish","4":"has-post-thumbnail","6":"product_brand-pesso","7":"product_cat-darbo-rubai","8":"product_cat-dzemperiai","9":"product_cat-darbo-kostiumai","10":"product_cat-silti-rubai","11":"pa_dydis-s-xl-xs","12":"pa_dydis-s-xl-s","13":"pa_dydis-s-xl-m","14":"pa_dydis-s-xl-l","15":"pa_dydis-s-xl-xl","16":"pa_dydis-s-xl-2xl","17":"pa_dydis-s-xl-3xl","18":"pa_dydis-s-xl-4xl","20":"first","21":"instock","22":"taxable","23":"shipping-taxable","24":"purchasable","25":"product-type-variable"},"acf":[],"_links":{"self":[{"href":"https:\/\/darborubai.lt\/en\/wp-json\/wp\/v2\/product\/4769","targetHints":{"allow":["GET"]}}],"collection":[{"href":"https:\/\/darborubai.lt\/en\/wp-json\/wp\/v2\/product"}],"about":[{"href":"https:\/\/darborubai.lt\/en\/wp-json\/wp\/v2\/types\/product"}],"wp:featuredmedia":[{"embeddable":true,"href":"https:\/\/darborubai.lt\/en\/wp-json\/wp\/v2\/media\/6831"}],"wp:attachment":[{"href":"https:\/\/darborubai.lt\/en\/wp-json\/wp\/v2\/media?parent=4769"}],"wp:term":[{"taxonomy":"product_brand","embeddable":true,"href":"https:\/\/darborubai.lt\/en\/wp-json\/wp\/v2\/product_brand?post=4769"},{"taxonomy":"product_cat","embeddable":true,"href":"https:\/\/darborubai.lt\/en\/wp-json\/wp\/v2\/product_cat?post=4769"},{"taxonomy":"product_tag","embeddable":true,"href":"https:\/\/darborubai.lt\/en\/wp-json\/wp\/v2\/product_tag?post=4769"}],"curies":[{"name":"wp","href":"https:\/\/api.w.org\/{rel}","templated":true}]}}