{"id":4918,"date":"2025-07-08T16:23:11","date_gmt":"2025-07-08T16:23:11","guid":{"rendered":"https:\/\/2025.darborubai.lt\/?post_type=product&#038;p=4918"},"modified":"2026-04-11T03:37:38","modified_gmt":"2026-04-11T03:37:38","slug":"raincoat-with-pvc-gl8m","status":"publish","type":"product","link":"https:\/\/darborubai.lt\/en\/product\/workwear\/raincoat-with-pvc-gl8m\/","title":{"rendered":"Lietpaltis GL8M"},"content":{"rendered":"<h2>Lietpaltis GL8M<\/h2>\n<ul>\n<li>Rankogaliai su elastine guma<\/li>\n<li>Apsiaustas u\u017esegamas spaud\u0117mis<\/li>\n<li>Si\u016bl\u0117s yra u\u017elydytos, kad nepraleist\u0173 vandens<\/li>\n<li>Kapi\u0161onas gali b\u016bti susiaurintas susiaurintas elastine virvute<\/li>\n<li>\u0160onuose turi u\u017edengiamas ki\u0161enes<\/li>\n<\/ul>\n<div><strong>Composition:<\/strong>\u00a0100%\u00a0Nailonas impregnuotas lanks\u010diu PVC<br \/>\n<strong>Sizes:<\/strong>\u00a0S-3XL<br \/>\n<strong>Color:<\/strong>\u00a0blue<\/div>","protected":false},"excerpt":{"rendered":"<p>Itin stiprus lietpaltis impregnuotas PVC<\/p>","protected":false},"featured_media":6884,"template":"","meta":{"_acf_changed":false},"product_brand":[166],"product_cat":[72,112],"product_tag":[],"class_list":{"0":"post-4918","1":"product","2":"type-product","3":"status-publish","4":"has-post-thumbnail","6":"product_brand-no-brand","7":"product_cat-darbo-rubai","8":"product_cat-darbo-kostiumai","9":"pa_dydis-s-xl-xs","10":"pa_dydis-s-xl-s","11":"pa_dydis-s-xl-m","12":"pa_dydis-s-xl-l","13":"pa_dydis-s-xl-xl","14":"pa_dydis-s-xl-2xl","15":"pa_dydis-s-xl-3xl","16":"pa_dydis-s-xl-4xl","18":"first","19":"instock","20":"taxable","21":"shipping-taxable","22":"purchasable","23":"product-type-variable"},"acf":[],"_links":{"self":[{"href":"https:\/\/darborubai.lt\/en\/wp-json\/wp\/v2\/product\/4918","targetHints":{"allow":["GET"]}}],"collection":[{"href":"https:\/\/darborubai.lt\/en\/wp-json\/wp\/v2\/product"}],"about":[{"href":"https:\/\/darborubai.lt\/en\/wp-json\/wp\/v2\/types\/product"}],"wp:featuredmedia":[{"embeddable":true,"href":"https:\/\/darborubai.lt\/en\/wp-json\/wp\/v2\/media\/6884"}],"wp:attachment":[{"href":"https:\/\/darborubai.lt\/en\/wp-json\/wp\/v2\/media?parent=4918"}],"wp:term":[{"taxonomy":"product_brand","embeddable":true,"href":"https:\/\/darborubai.lt\/en\/wp-json\/wp\/v2\/product_brand?post=4918"},{"taxonomy":"product_cat","embeddable":true,"href":"https:\/\/darborubai.lt\/en\/wp-json\/wp\/v2\/product_cat?post=4918"},{"taxonomy":"product_tag","embeddable":true,"href":"https:\/\/darborubai.lt\/en\/wp-json\/wp\/v2\/product_tag?post=4918"}],"curies":[{"name":"wp","href":"https:\/\/api.w.org\/{rel}","templated":true}]}}