{"id":5070,"date":"2025-07-09T17:16:59","date_gmt":"2025-07-09T17:16:59","guid":{"rendered":"https:\/\/2025.darborubai.lt\/?post_type=product&#038;p=5070"},"modified":"2026-04-10T03:02:53","modified_gmt":"2026-04-10T03:02:53","slug":"nano-coating-for-shoes","status":"publish","type":"product","link":"https:\/\/darborubai.lt\/en\/product\/safety-shoes\/nano-coating-for-shoes\/","title":{"rendered":"Nano danga avalynei impregnantas"},"content":{"rendered":"<h2>Nano danga avalynei impregnantas | Nanotekas<\/h2>\n<ul>\n<li>Tinka bet kokios r\u016b\u0161ies, vis\u0173 tip\u0173 avalynei sugerian\u010diai vanden\u012f (i\u0161skyrus lakuot\u0105 od\u0105, dermantin\u0105)<\/li>\n<li>Neleid\u017eia purvui, vandeniui \u012fsigerti \u012f bato audinio pavir\u0161i\u0173<\/li>\n<li>Itin paprasta naudoti &#8211; tiesiog reikia nupurk\u0161ti bato pavir\u0161i\u0173, nu\u0161luostyti pertekli\u0173 ir leisti jam nud\u017ei\u016bti<\/li>\n<li>Apsauga i\u0161silaiko iki met\u0173 (priklausomai nuo aplinkos poveikio)<\/li>\n<li>Med\u017eiaga visi\u0161kai nepakinta &#8211; i\u0161laiko orginali\u0105 i\u0161vaizd\u0105 ir oro pralaidum\u0105<\/li>\n<li>Impregnantas nesuteikia jokio specifinio kvapo, neturi cheminio poveikio<\/li>\n<li>Vienkartinis impregnavimas i\u0161lieka efektyvus iki 12 m\u0117n.<\/li>\n<\/ul>\n<p>Lengva ir paprasta naudoti ir pirm\u0105 kart\u0105 impregnuojant ir v\u0117liau pri\u017ei\u016brint avalyn\u0119. Nebereik\u0117s naudoti kit\u0173 priemoni\u0173, tik dr\u0117gna \u0161luoste nuvalyti pavir\u0161i\u0173.<\/p>\n<p>Nano technologij\u0173 impregnantas yra gaminamas vandens pagrindu, sud\u0117tyje neturi teflono, flourokorbon\u0173 ar kit\u0173 \u017ealing\u0173 komponent\u0173 J\u016bs\u0173 sveikatai ir aplinkai.<\/p>\n<div><strong>D\u0117mesio<\/strong>\u00a0\u2013 nerekomenduojame impregnanto naudoti nud\u0117v\u0117tiems pavir\u0161iams dengti, kadangi nano danga nerestauruoja, tik apsaugo pavir\u0161i\u0173. Kadangi impregnantas yra vandens pagrindu, tinkamas tik vanden\u012f sugeriantiems pavir\u0161iams dengti. Kadangi m\u016bs\u0173 impregnantas yra vandens pagrindu, nenaudokite \u0161ios priemon\u0117s,\u00a0jei J\u016bs\u0173 avalyn\u0117 impregnuota va\u0161ku\/tepalu\/silikonu arba nesugeria vandens.<\/div>\n<p>Pakuot\u0117je yra 100 ml impregnanto ir speciali prie\u017ei\u016bros \u0161luost\u0117.<\/p>","protected":false},"excerpt":{"rendered":"<p>Nusibodo nuolat impregnuoti savo avalyn\u0119? Jau po pirmo padengimo Jums nebereiks naudoti kit\u0173 priemoni\u0173, u\u017eteks dr\u0117gna \u0161luoste nuvalyti pavir\u0161i\u0173, jog \u0161is v\u0117l tapt\u0173 kaip naujas. NANOTEKO HIDROFOBIN\u0116 NANO DANGA avalynei yra puiki priemon\u0117 ilgalaikei avalyn\u0117s impregnacijai \u2013 padengtas pavir\u0161ius bus kur kas atsparesnis purvo d\u0117m\u0117ms, ne\u0161variam vandeniui ir druskoms.<\/p>\n<p>Lengva ir paprasta naudoti ir pirm\u0105 kart\u0105 impregnuojant ir v\u0117liau pri\u017ei\u016brint avalyn\u0119. Nebereik\u0117s naudoti kit\u0173 priemoni\u0173, tik dr\u0117gna \u0161luoste nuvalyti pavir\u0161i\u0173.<\/p>","protected":false},"featured_media":5072,"template":"","meta":{"_acf_changed":false},"product_brand":[180],"product_cat":[29],"product_tag":[],"class_list":{"0":"post-5070","1":"product","2":"type-product","3":"status-publish","4":"has-post-thumbnail","6":"product_brand-nanotekas","7":"product_cat-darbo-batai","9":"first","10":"instock","11":"taxable","12":"shipping-taxable","13":"purchasable","14":"product-type-simple"},"acf":[],"_links":{"self":[{"href":"https:\/\/darborubai.lt\/en\/wp-json\/wp\/v2\/product\/5070","targetHints":{"allow":["GET"]}}],"collection":[{"href":"https:\/\/darborubai.lt\/en\/wp-json\/wp\/v2\/product"}],"about":[{"href":"https:\/\/darborubai.lt\/en\/wp-json\/wp\/v2\/types\/product"}],"wp:featuredmedia":[{"embeddable":true,"href":"https:\/\/darborubai.lt\/en\/wp-json\/wp\/v2\/media\/5072"}],"wp:attachment":[{"href":"https:\/\/darborubai.lt\/en\/wp-json\/wp\/v2\/media?parent=5070"}],"wp:term":[{"taxonomy":"product_brand","embeddable":true,"href":"https:\/\/darborubai.lt\/en\/wp-json\/wp\/v2\/product_brand?post=5070"},{"taxonomy":"product_cat","embeddable":true,"href":"https:\/\/darborubai.lt\/en\/wp-json\/wp\/v2\/product_cat?post=5070"},{"taxonomy":"product_tag","embeddable":true,"href":"https:\/\/darborubai.lt\/en\/wp-json\/wp\/v2\/product_tag?post=5070"}],"curies":[{"name":"wp","href":"https:\/\/api.w.org\/{rel}","templated":true}]}}