{"id":5085,"date":"2025-07-09T17:38:56","date_gmt":"2025-07-09T17:38:56","guid":{"rendered":"https:\/\/2025.darborubai.lt\/?post_type=product&#038;p=5085"},"modified":"2026-04-10T03:02:53","modified_gmt":"2026-04-10T03:02:53","slug":"shoes-freshner-nano-fresh","status":"publish","type":"product","link":"https:\/\/darborubai.lt\/en\/product\/safety-shoes\/shoes-freshner-nano-fresh\/","title":{"rendered":"Avalyn\u0117s gaiviklis Nano Fresh"},"content":{"rendered":"<h2><strong>Avalyn\u0117s gaiviklis Nano Fresh Nanotekas | DZNANO<\/strong><\/h2>\n<p>Nano molekulinis bat\u0173 gaiviklis, sukuriantis ilgalaik\u012f kvap\u0173, mikroorganizm\u0173 neutralizavimo efekt\u0105. Antibakterin\u0117 danga avalynei su sidabro nano detal\u0117mis.<\/p>\n<p>Tai itin efektyvus preparatas, skirtas nemaloniam kvapui, grybeliams, bakterijoms ir virusams avalyn\u0117je \u0161alinti. \u0160i priemon\u0117 sukuria apsaug\u0105, kuri i\u0161lieka efektyvi ilg\u0105 laik\u0105 nuo produkto panaudojimo.<\/p>\n<p><strong>Pagrindiniai NANOTEC bat\u0173 gaiviklio privalumai:<\/strong><\/p>\n<ul>\n<li>panaikina nemalon\u0173 avalyn\u0117s kvap\u0105;<\/li>\n<li>sukuria mikroorganizmus naikinant\u012f ilgalaik\u012f molekulin\u012f sluoksn\u012f;<\/li>\n<li>malonaus, nedirginan\u010dio kvapo<\/li>\n<\/ul>\n<p><strong>Talpa:\u00a0<\/strong>100 ml<\/p>","protected":false},"excerpt":{"rendered":"<p>Nano molekulinis bat\u0173 gaiviklis, sukuriantis ilgalaik\u012f kvap\u0173, mikroorganizm\u0173 neutralizavimo efekt\u0105. Antibakterin\u0117 danga avalynei su sidabro nano detal\u0117mis.<\/p>","protected":false},"featured_media":5086,"template":"","meta":{"_acf_changed":false},"product_brand":[180],"product_cat":[29],"product_tag":[],"class_list":{"0":"post-5085","1":"product","2":"type-product","3":"status-publish","4":"has-post-thumbnail","6":"product_brand-nanotekas","7":"product_cat-darbo-batai","9":"first","10":"instock","11":"taxable","12":"shipping-taxable","13":"purchasable","14":"product-type-simple"},"acf":[],"_links":{"self":[{"href":"https:\/\/darborubai.lt\/en\/wp-json\/wp\/v2\/product\/5085","targetHints":{"allow":["GET"]}}],"collection":[{"href":"https:\/\/darborubai.lt\/en\/wp-json\/wp\/v2\/product"}],"about":[{"href":"https:\/\/darborubai.lt\/en\/wp-json\/wp\/v2\/types\/product"}],"wp:featuredmedia":[{"embeddable":true,"href":"https:\/\/darborubai.lt\/en\/wp-json\/wp\/v2\/media\/5086"}],"wp:attachment":[{"href":"https:\/\/darborubai.lt\/en\/wp-json\/wp\/v2\/media?parent=5085"}],"wp:term":[{"taxonomy":"product_brand","embeddable":true,"href":"https:\/\/darborubai.lt\/en\/wp-json\/wp\/v2\/product_brand?post=5085"},{"taxonomy":"product_cat","embeddable":true,"href":"https:\/\/darborubai.lt\/en\/wp-json\/wp\/v2\/product_cat?post=5085"},{"taxonomy":"product_tag","embeddable":true,"href":"https:\/\/darborubai.lt\/en\/wp-json\/wp\/v2\/product_tag?post=5085"}],"curies":[{"name":"wp","href":"https:\/\/api.w.org\/{rel}","templated":true}]}}