{"id":638,"date":"2025-05-12T12:40:16","date_gmt":"2025-05-12T12:40:16","guid":{"rendered":"https:\/\/2025.darborubai.lt\/?post_type=product&#038;p=638"},"modified":"2026-04-10T03:18:47","modified_gmt":"2026-04-10T03:18:47","slug":"safety-shoes-upower-ben-s3-sr","status":"publish","type":"product","link":"https:\/\/darborubai.lt\/en\/product\/safety-shoes\/safety-shoes-upower-ben-s3-sr\/","title":{"rendered":"Safety shoes U-Power Ben S3 SRC ESD"},"content":{"rendered":"<div>\n<h2>Safety shoes U-Power Ben S3 SRC<\/h2>\n<p>&nbsp;<\/p>\n<p><strong>TOE CAP<\/strong><br \/>\nMikrofiber odos pakaitalas itin atsparus d\u0117v\u0117jimuisi, padidintas atsparumas dr\u0117gmei.<\/p>\n<p><strong>LINING<\/strong><br \/>\nWing Tex technology lining ensures air and moisture circulation, wicks away moisture and reduces foot sweating.<\/p>\n<p><strong>TOE PROTECTION <\/strong><br \/>\nAirToe Aliuminium apsaugin\u0117 kompozitin\u0117 nosel\u0117 su ventiliacijos skylut\u0117mis padedan\u010dioms geriau v\u0117dinti p\u0117d\u0105.<\/p>\n<p><strong>SOLE PROTECTION<\/strong><br \/>\nSave &amp; Flex Air is a lightweight and flexible, puncture-resistant textile insert that does not contain metal, which allows for maximum protection of the foot. A completely new, puncture-resistant system.<\/p>\n<p><strong>INSOLE<\/strong><br \/>\nPerforated anatomical insole with active ventilation.<\/p>\n<p><strong>UPPER OUTSOLE LAYER<\/strong><br \/>\nA soft and flexible polyurethane (PU) layer and special technologies ensure the sole is lightweight and flexible.<\/p>\n<p><strong>BOTTOM OUTSOLE LAYER<\/strong><br \/>\nAbrasion-resistant polyurethane layer, grease-resistant, antistatic. Fully designed for slip resistance.<\/p>\n<p><strong>WIDTH<\/strong><br \/>\nComfortable widened shoe width of size 11 according to Mondopoint ergonomic requirements.<\/p>\n<p><strong>STANDARD<\/strong><br \/>\nEN ISO 20345:2011, P, SRC, WRU, E, FO, ESD, CI Increased slip resistance.<\/p>\n<p><strong>SIZES<\/strong><br \/>\n40 -47<\/p>\n<p><strong>Insole measurements according to sizes for your convenience!<\/strong><\/p>\n<\/div>\n<div>\n<p><img loading=\"lazy\" decoding=\"async\" class=\"alignnone wp-image-210\" style=\"font-family: Consolas, Monaco, monospace;\" src=\"https:\/\/darborubai.lt\/wp-content\/uploads\/2025\/05\/busurge-ir-busuper-vidpadziu-dydziai-2017-03-02-1.jpeg\" alt=\"\" width=\"690\" height=\"79\" srcset=\"https:\/\/darborubai.lt\/wp-content\/uploads\/2025\/05\/busurge-ir-busuper-vidpadziu-dydziai-2017-03-02-1.jpeg 891w, https:\/\/darborubai.lt\/wp-content\/uploads\/2025\/05\/busurge-ir-busuper-vidpadziu-dydziai-2017-03-02-1-600x69.jpeg 600w, https:\/\/darborubai.lt\/wp-content\/uploads\/2025\/05\/busurge-ir-busuper-vidpadziu-dydziai-2017-03-02-1-64x7.jpeg 64w, https:\/\/darborubai.lt\/wp-content\/uploads\/2025\/05\/busurge-ir-busuper-vidpadziu-dydziai-2017-03-02-1-300x34.jpeg 300w, https:\/\/darborubai.lt\/wp-content\/uploads\/2025\/05\/busurge-ir-busuper-vidpadziu-dydziai-2017-03-02-1-768x88.jpeg 768w, https:\/\/darborubai.lt\/wp-content\/uploads\/2025\/05\/busurge-ir-busuper-vidpadziu-dydziai-2017-03-02-1-18x2.jpeg 18w\" sizes=\"auto, (max-width: 690px) 100vw, 690px\" \/><\/p>\n<\/div>","protected":false},"excerpt":{"rendered":"<p>U-Group work footwear stands out for its latest patented technologies, design, and, most importantly, comfort. Great attention is paid to the ergonomic properties of the shoe, taking into account the psychophysiological capabilities and behavior of the worker during work. The flexibility and lightness of the shoes, as well as the Stress Out technology used in their design, reduce fatigue. Maximum air circulation is achieved not only by using materials with thermal insulation properties, but also by perforating the toe caps and insoles. Materials characterized by durability and resistance to mechanical damage, as well as maximum protection that exceeds standard requirements.<\/p>","protected":false},"featured_media":651,"template":"","meta":{"_acf_changed":false},"product_brand":[178],"product_cat":[29,37],"product_tag":[],"class_list":{"0":"post-638","1":"product","2":"type-product","3":"status-publish","4":"has-post-thumbnail","6":"product_brand-u-power","7":"product_cat-darbo-batai","8":"product_cat-darbo-pusbaciai","9":"pa_apsaugine-nosele-aliumine","10":"pa_apsaugos-klase-s3","11":"pa_batu-dydis-19","12":"pa_batu-dydis-20","13":"pa_batu-dydis-21","14":"pa_batu-dydis-22","15":"pa_batu-dydis-23","16":"pa_batu-dydis-24","17":"pa_batu-dydis-25","18":"pa_batu-dydis-26","19":"pa_batu-dydis-27","21":"first","22":"instock","23":"taxable","24":"shipping-taxable","25":"purchasable","26":"product-type-variable"},"acf":[],"_links":{"self":[{"href":"https:\/\/darborubai.lt\/en\/wp-json\/wp\/v2\/product\/638","targetHints":{"allow":["GET"]}}],"collection":[{"href":"https:\/\/darborubai.lt\/en\/wp-json\/wp\/v2\/product"}],"about":[{"href":"https:\/\/darborubai.lt\/en\/wp-json\/wp\/v2\/types\/product"}],"wp:featuredmedia":[{"embeddable":true,"href":"https:\/\/darborubai.lt\/en\/wp-json\/wp\/v2\/media\/651"}],"wp:attachment":[{"href":"https:\/\/darborubai.lt\/en\/wp-json\/wp\/v2\/media?parent=638"}],"wp:term":[{"taxonomy":"product_brand","embeddable":true,"href":"https:\/\/darborubai.lt\/en\/wp-json\/wp\/v2\/product_brand?post=638"},{"taxonomy":"product_cat","embeddable":true,"href":"https:\/\/darborubai.lt\/en\/wp-json\/wp\/v2\/product_cat?post=638"},{"taxonomy":"product_tag","embeddable":true,"href":"https:\/\/darborubai.lt\/en\/wp-json\/wp\/v2\/product_tag?post=638"}],"curies":[{"name":"wp","href":"https:\/\/api.w.org\/{rel}","templated":true}]}}