{"id":6561,"date":"2025-07-17T19:10:45","date_gmt":"2025-07-17T19:10:45","guid":{"rendered":"https:\/\/darborubai.lt\/?post_type=product&#038;p=6561"},"modified":"2026-04-11T03:41:59","modified_gmt":"2026-04-11T03:41:59","slug":"vest-bennon-fleece","status":"publish","type":"product","link":"https:\/\/darborubai.lt\/en\/product\/workwear\/vest-bennon-fleece\/","title":{"rendered":"Liemen\u0117 Bennon Fleece"},"content":{"rendered":"<div id=\"pl-6659\" class=\"panel-layout\">\n<div id=\"pg-6659-0\" class=\"panel-grid panel-no-style\" data-style=\"{&quot;gutter&quot;:&quot;150px&quot;,&quot;cell_alignment&quot;:&quot;flex-start&quot;,&quot;vertical_gutter&quot;:&quot;default&quot;,&quot;background_image&quot;:false,&quot;background_image_position&quot;:&quot;center top&quot;,&quot;background_image_style&quot;:&quot;cover&quot;,&quot;row_separator&quot;:&quot;none&quot;}\">\n<div id=\"pgc-6659-0-0\" class=\"panel-grid-cell\" data-weight=\"0.5\">\n<div id=\"panel-6659-0-0-0\" class=\"so-panel widget widget_sow-editor panel-first-child panel-last-child\" data-index=\"0\" data-style=\"{&quot;background_image_attachment&quot;:false,&quot;background_display&quot;:&quot;tile&quot;,&quot;kt_animation_duration&quot;:&quot;default&quot;,&quot;kt_animation_delay&quot;:&quot;default&quot;}\">\n<div class=\"so-widget-sow-editor so-widget-sow-editor-base\">\n<div class=\"siteorigin-widget-tinymce textwidget\">\n<div id=\"pl-6669\" class=\"panel-layout\">\n<div id=\"pg-6669-0\" class=\"panel-grid panel-no-style\" data-style=\"{&quot;gutter&quot;:&quot;150px&quot;,&quot;cell_alignment&quot;:&quot;flex-start&quot;,&quot;vertical_gutter&quot;:&quot;default&quot;,&quot;background_image&quot;:false,&quot;background_image_position&quot;:&quot;center top&quot;,&quot;background_image_style&quot;:&quot;cover&quot;,&quot;row_separator&quot;:&quot;none&quot;}\">\n<div id=\"pgc-6669-0-0\" class=\"panel-grid-cell\" data-weight=\"0.5\">\n<div id=\"panel-6669-0-0-0\" class=\"so-panel widget widget_sow-editor panel-first-child panel-last-child\" data-index=\"0\" data-style=\"{&quot;background_image_attachment&quot;:false,&quot;background_display&quot;:&quot;tile&quot;,&quot;kt_animation_duration&quot;:&quot;default&quot;,&quot;kt_animation_delay&quot;:&quot;default&quot;}\">\n<div class=\"so-widget-sow-editor so-widget-sow-editor-base\">\n<div class=\"siteorigin-widget-tinymce textwidget\">\n<h2>Fleece liemen\u0117 Bennon, juoda<\/h2>\n<p>&nbsp;<\/p>\n<p>\u0160ilta flisin\u0117 liemen\u0117 darbui ir laisvalaikiui<\/p>\n<p>Lengva, lengvai skalbiama med\u017eiaga suteikia \u0161ilumos v\u0117sesn\u0117mis dienomis.<br \/>\nPuikiai tinka kaip \u0161iltas vidurinis sluoksnis po striuke.<br \/>\n2 u\u017esegamos ki\u0161en\u0117s smulkiems daiktams.<br \/>\nPaprasto, universalaus dizaino.<br \/>\nTinka darbui, sodui, stovyklavimui, \u017evejybai, va\u017eiavimui dvira\u010diu ir kitiems laisvalaikio u\u017esi\u0117mimams.<\/p>\n<p>&nbsp;<\/p>\n<p><strong>Pockets:<\/strong>\u00a0ki\u0161en\u0117s u\u017etraukiamos u\u017etrauktukais.<br \/>\n<strong>Other:\u00a0<\/strong>vests<strong>\u00a0<\/strong>apa\u010dia vidin\u0117je dalyje reguliuojama rai\u0161teliais.<\/p>\n<p><strong><br \/>\nComposition<br \/>\n<\/strong>100% poliesteris (fleece), 280g\/m\u00b2<\/p>\n<p><strong>Sizes:<\/strong> XS &#8211; 4XL<br \/>\n<strong>Color:\u00a0<\/strong>black<\/p>\n<p><strong data-start=\"353\" data-end=\"374\">BENNON Group a.s.<\/strong> is a Czech brand with roots in the Zl\u00edn shoemaking tradition, specializing in durable work, safety and outdoor footwear, as well as workwear. Known for quality, comfort and innovation, BENNON continues to embody its motto: <strong data-start=\"592\" data-end=\"617\">\u201eReady for tomorrow.\u201c<\/strong><\/p>\n<p><strong>Manufacturer's website:<br \/>\n<\/strong><a href=\"https:\/\/www.bennongroup.cz\" target=\"_blank\" rel=\"noopener\">www.bennongroup.cz<\/a><\/p>\n<\/div>\n<\/div>\n<\/div>\n<\/div>\n<\/div>\n<\/div>\n<\/div>\n<\/div>\n<\/div>\n<\/div>\n<\/div>\n<\/div>","protected":false},"excerpt":{"rendered":"<p>\u0160ilta flisin\u0117 liemen\u0117 darbui ir laisvalaikiui<\/p>\n<h4><\/h4>\n<h4>DELIVERY WITHIN 10 BUSINESS DAYS<\/h4>\n<div id=\"gtx-trans\" style=\"position: absolute; left: -171px; top: 81.5469px;\">\n<div class=\"gtx-trans-icon\"><\/div>\n<\/div>","protected":false},"featured_media":7462,"template":"","meta":{"_acf_changed":false},"product_brand":[162],"product_cat":[72,126,120,74],"product_tag":[],"class_list":{"0":"post-6561","1":"product","2":"type-product","3":"status-publish","4":"has-post-thumbnail","6":"product_brand-bennon","7":"product_cat-darbo-rubai","8":"product_cat-liemenes","9":"product_cat-silti-rubai","10":"product_cat-uzsakomoji-preke","11":"pa_dydis-s-xl-2xl","12":"pa_dydis-s-xl-3xl","13":"pa_dydis-s-xl-4xl","14":"pa_dydis-s-xl-l","15":"pa_dydis-s-xl-m","16":"pa_dydis-s-xl-s","17":"pa_dydis-s-xl-xl","18":"pa_dydis-s-xl-xs","20":"first","21":"instock","22":"taxable","23":"shipping-taxable","24":"purchasable","25":"product-type-variable"},"acf":[],"_links":{"self":[{"href":"https:\/\/darborubai.lt\/en\/wp-json\/wp\/v2\/product\/6561","targetHints":{"allow":["GET"]}}],"collection":[{"href":"https:\/\/darborubai.lt\/en\/wp-json\/wp\/v2\/product"}],"about":[{"href":"https:\/\/darborubai.lt\/en\/wp-json\/wp\/v2\/types\/product"}],"wp:featuredmedia":[{"embeddable":true,"href":"https:\/\/darborubai.lt\/en\/wp-json\/wp\/v2\/media\/7462"}],"wp:attachment":[{"href":"https:\/\/darborubai.lt\/en\/wp-json\/wp\/v2\/media?parent=6561"}],"wp:term":[{"taxonomy":"product_brand","embeddable":true,"href":"https:\/\/darborubai.lt\/en\/wp-json\/wp\/v2\/product_brand?post=6561"},{"taxonomy":"product_cat","embeddable":true,"href":"https:\/\/darborubai.lt\/en\/wp-json\/wp\/v2\/product_cat?post=6561"},{"taxonomy":"product_tag","embeddable":true,"href":"https:\/\/darborubai.lt\/en\/wp-json\/wp\/v2\/product_tag?post=6561"}],"curies":[{"name":"wp","href":"https:\/\/api.w.org\/{rel}","templated":true}]}}