{"id":7547,"date":"2025-07-20T18:02:10","date_gmt":"2025-07-20T18:02:10","guid":{"rendered":"https:\/\/darborubai.lt\/?post_type=product&#038;p=7547"},"modified":"2026-04-10T03:03:02","modified_gmt":"2026-04-10T03:03:02","slug":"disposable-shoe-covers-package","status":"publish","type":"product","link":"https:\/\/darborubai.lt\/en\/product\/safety-shoes\/disposable-shoe-covers-package\/","title":{"rendered":"Antba\u010di\u0173 pakuot\u0117, 50 por\u0173"},"content":{"rendered":"<h2>Vienkartiniai antba\u010diai avalynei, 50 por\u0173 pakuot\u0117<\/h2>\n<table style=\"width: 100%;\" border=\"0\" cellspacing=\"0\" cellpadding=\"0\">\n<tbody>\n<tr>\n<td valign=\"top\" width=\"300\"><strong>Features:<\/strong>:<br \/>\n\u2022 antistatiniai<br \/>\n\u2022 lengvai valomas<br \/>\n\u2022 elastinis, greitai ir patogiai u\u017emaunamas ant avalyn\u0117s<br \/>\n\u2022 patikimai apsaugo darbo aplink\u0105 nuo avalyn\u0117s poveikio<strong>Sizes:<\/strong>: 36-41, universalus<strong>Composition<\/strong>: poliEtilenas<br \/>\nPagamintas i\u0161 CPE neslid\u017eios reljefi\u0161kos med\u017eiagos.<strong>Kiekis pakuot\u0117je<\/strong>: 50 por\u0173<\/td>\n<td valign=\"top\" width=\"282\"><strong>Usage:<\/strong>\u00a0universalumas ir nepriekai\u0161tinga kokyb\u0117 leid\u017eia naudoti \u0161\u012f gamin\u012f ne tik maisto pramon\u0117s \u012fmon\u0117se, bet ir gydymo \u012fstaigose, laboratorijose, taip pat visur, kur reikalinga auk\u0161ta higienin\u0117 kult\u016bra.Vienkartinio naudojimo antba\u010diai &#8211; ne asmenin\u0117 apsaugin\u0117 priemon\u0117. Jie saugo darbo aplink\u0105 nuo avalyn\u0117s poveikio. Tinkama apsauga nam\u0173 savininkams, pardavimo agentams, muziejaus darbuotojams, kurie nori i\u0161saugoti grind\u0173, kilim\u0173 \u0161var\u0105. Higienos reikalavimu laikymasis padeda i\u0161vengti u\u017eter\u0161tumo ir u\u017etikrina saug\u0105 ir kokyb\u0119.<\/td>\n<\/tr>\n<\/tbody>\n<\/table>\n<div id=\"gtx-trans\" style=\"position: absolute; left: -30px; top: 5.91406px;\">\n<div class=\"gtx-trans-icon\"><\/div>\n<\/div>","protected":false},"excerpt":{"rendered":"<h2>Vienkartiniai antba\u010diai avalynei, 50 por\u0173 pakuot\u0117<\/h2>","protected":false},"featured_media":7583,"template":"","meta":{"_acf_changed":false},"product_brand":[166],"product_cat":[29,123],"product_tag":[],"class_list":{"0":"post-7547","1":"product","2":"type-product","3":"status-publish","4":"has-post-thumbnail","6":"product_brand-no-brand","7":"product_cat-darbo-batai","8":"product_cat-vienkartiniai-priedai","9":"pa_dydis-s-xl-m","10":"pa_dydis-s-xl-xl","12":"first","13":"instock","14":"taxable","15":"shipping-taxable","16":"purchasable","17":"product-type-simple"},"acf":[],"_links":{"self":[{"href":"https:\/\/darborubai.lt\/en\/wp-json\/wp\/v2\/product\/7547","targetHints":{"allow":["GET"]}}],"collection":[{"href":"https:\/\/darborubai.lt\/en\/wp-json\/wp\/v2\/product"}],"about":[{"href":"https:\/\/darborubai.lt\/en\/wp-json\/wp\/v2\/types\/product"}],"wp:featuredmedia":[{"embeddable":true,"href":"https:\/\/darborubai.lt\/en\/wp-json\/wp\/v2\/media\/7583"}],"wp:attachment":[{"href":"https:\/\/darborubai.lt\/en\/wp-json\/wp\/v2\/media?parent=7547"}],"wp:term":[{"taxonomy":"product_brand","embeddable":true,"href":"https:\/\/darborubai.lt\/en\/wp-json\/wp\/v2\/product_brand?post=7547"},{"taxonomy":"product_cat","embeddable":true,"href":"https:\/\/darborubai.lt\/en\/wp-json\/wp\/v2\/product_cat?post=7547"},{"taxonomy":"product_tag","embeddable":true,"href":"https:\/\/darborubai.lt\/en\/wp-json\/wp\/v2\/product_tag?post=7547"}],"curies":[{"name":"wp","href":"https:\/\/api.w.org\/{rel}","templated":true}]}}